{"id":1153,"date":"2014-01-02T17:20:07","date_gmt":"2014-01-02T16:20:07","guid":{"rendered":"http:\/\/www.irphstop.net\/?page_id=1153"},"modified":"2017-09-16T21:32:43","modified_gmt":"2017-09-16T19:32:43","slug":"gipuzkoako-foru-aldundia","status":"publish","type":"page","link":"https:\/\/irphstop.eus\/es\/gipuzkoako-foru-aldundia\/","title":{"rendered":"Diputaci\u00f3n Foral de Gipuzkoa"},"content":{"rendered":"<p><img loading=\"lazy\" decoding=\"async\" class=\"alignnone size-full wp-image-1430\" alt=\"140410garitano\" src=\"https:\/\/irphstop.eus\/wp-content\/uploads\/2014\/03\/140410garitano.jpg\" width=\"1023\" height=\"465\" \/><\/p>\n<p>El anterior Diputado General Martin Garitano nos recibi\u00f3 varias veces y nos mostr\u00f3 su apoyo. En la imagen superior, la recepci\u00f3n oficial del 10 de marzo de 2014. En el v\u00eddeo inferior, el entonces diputado general de Gipuzkoa Martin Garitano y el exalcalde de Donostia Juan Karlos Izagirre denunciando p\u00fablicamente la aplicaci\u00f3n de IRPH por parte de Kutxa.<\/p>\n<p>Aqu\u00ed tienes todas las noticias que hemos publicado en nuestra p\u00e1gina relacionadas con la Diputaci\u00f3n Foral de Gipuzkoa:<\/p>\n<ul class=\"lcp_catlist\" id=\"lcp_instance_0\"><li><a href=\"https:\/\/irphstop.eus\/es\/irph-entidades-inguruko-salaketa-epaiaren-zain\/\">Vista para sentencia la demanda contra IRPH Entidades<\/a>  2014-09-22<\/li><li><a href=\"https:\/\/irphstop.eus\/es\/kutxak-irph-aplikatzea-gaitzetsi-dute-foru-aldundiak-eta-udaletxeak\/\">Diputaci\u00f3n y Ayuntamiento denuncian que Kutxa aplica IRPH<\/a>  2014-04-11<\/li><li><a href=\"https:\/\/irphstop.eus\/es\/martin-garitano-diputatu-nagusiaren-harrera\/\">Recepci\u00f3n del Diputado General Martin Garitano<\/a>  2014-03-10<\/li><\/ul>\n<div class=\"jetpack-video-wrapper\"><span class=\"embed-youtube\" style=\"text-align:center; display: block;\"><iframe loading=\"lazy\" class=\"youtube-player\" width=\"863\" height=\"486\" src=\"https:\/\/www.youtube.com\/embed\/tMtNgT_XuJ0%5B:%5D?version=3&#038;rel=1&#038;showsearch=0&#038;showinfo=1&#038;iv_load_policy=1&#038;fs=1&#038;hl=es-ES&#038;autohide=2&#038;wmode=transparent\" allowfullscreen=\"true\" style=\"border:0;\" sandbox=\"allow-scripts allow-same-origin allow-popups allow-presentation allow-popups-to-escape-sandbox\"><\/iframe><\/span><\/div>","protected":false},"excerpt":{"rendered":"<p>El anterior Diputado General Martin Garitano nos recibi\u00f3 varias veces y nos mostr\u00f3 su apoyo. En la imagen superior, la recepci\u00f3n oficial del 10 de marzo de 2014. En el v\u00eddeo inferior, el entonces diputado general de Gipuzkoa Martin Garitano y el exalcalde de Donostia Juan Karlos Izagirre denunciando p\u00fablicamente la aplicaci\u00f3n de IRPH por &hellip; <a href=\"https:\/\/irphstop.eus\/es\/gipuzkoako-foru-aldundia\/\" class=\"more-link\">Continue reading <span class=\"screen-reader-text\">Diputaci\u00f3n Foral de Gipuzkoa<\/span><\/a><\/p>\n","protected":false},"author":2,"featured_media":1430,"parent":0,"menu_order":0,"comment_status":"open","ping_status":"open","template":"","meta":{"_monsterinsights_skip_tracking":false,"_monsterinsights_sitenote_active":false,"_monsterinsights_sitenote_note":"","_monsterinsights_sitenote_category":0,"footnotes":""},"class_list":["post-1153","page","type-page","status-publish","has-post-thumbnail","hentry"],"aioseo_notices":[],"_links":{"self":[{"href":"https:\/\/irphstop.eus\/es\/wp-json\/wp\/v2\/pages\/1153","targetHints":{"allow":["GET"]}}],"collection":[{"href":"https:\/\/irphstop.eus\/es\/wp-json\/wp\/v2\/pages"}],"about":[{"href":"https:\/\/irphstop.eus\/es\/wp-json\/wp\/v2\/types\/page"}],"author":[{"embeddable":true,"href":"https:\/\/irphstop.eus\/es\/wp-json\/wp\/v2\/users\/2"}],"replies":[{"embeddable":true,"href":"https:\/\/irphstop.eus\/es\/wp-json\/wp\/v2\/comments?post=1153"}],"version-history":[{"count":2,"href":"https:\/\/irphstop.eus\/es\/wp-json\/wp\/v2\/pages\/1153\/revisions"}],"predecessor-version":[{"id":3899,"href":"https:\/\/irphstop.eus\/es\/wp-json\/wp\/v2\/pages\/1153\/revisions\/3899"}],"wp:featuredmedia":[{"embeddable":true,"href":"https:\/\/irphstop.eus\/es\/wp-json\/wp\/v2\/media\/1430"}],"wp:attachment":[{"href":"https:\/\/irphstop.eus\/es\/wp-json\/wp\/v2\/media?parent=1153"}],"curies":[{"name":"wp","href":"https:\/\/api.w.org\/{rel}","templated":true}]}}