{"id":1159,"date":"2014-01-02T17:45:08","date_gmt":"2014-01-02T16:45:08","guid":{"rendered":"http:\/\/www.irphstop.net\/?page_id=1159"},"modified":"2017-09-16T21:33:50","modified_gmt":"2017-09-16T19:33:50","slug":"eusko-jaurlaritza","status":"publish","type":"page","link":"https:\/\/irphstop.eus\/es\/eusko-jaurlaritza\/","title":{"rendered":"Gobierno de Lakua"},"content":{"rendered":"<p>https:\/\/www.youtube.com\/watch?v=eDfVbXQ7p5k<\/p>\n<p>El Gobierno de la Comunidad Aut\u00f3noma Vasca no ha hecho absolutamente nada para hacer que Kutxabank deje de aplicar IRPH Cajas, tal y como solicit\u00f3 el Parlamento de Vitoria-Gasteiz. Como puedes ver en el video, al presidente del gobierno de la CAV I\u00f1igo Urkullu le preguntaron en la televisi\u00f3n c\u00f3mo iba a hacer cumplir a Kutxabank con la desaparici\u00f3n del IRPH Cajas y lo \u00fanico que se le ocurri\u00f3 fue recomendarnos una reclamaci\u00f3n en Kontsumobide. \u00bfPara eso es presidente? \u00bfAs\u00ed defiende las resoluciones del Parlamento de Vitoria-Gasteiz?<\/p>\n<p>Aqu\u00ed tienes todas las noticias que hemos publicado en nuestra p\u00e1gina relacionadas con el Gobierno de la CAV:<\/p>\n<p><ul class=\"lcp_catlist\" id=\"lcp_instance_0\"><li><a href=\"https:\/\/irphstop.eus\/es\/lehendakariaren-gomendioz-jar-dezagun-erreklamazio-bat\/\">Por recomendaci\u00f3n del Lehendakari, pongamos una reclamaci\u00f3n<\/a>  2014-01-03<\/li><li><a href=\"https:\/\/irphstop.eus\/es\/urkullu-lehendakaria-irphan-duen-erantzunkizuna-saihestu-nahian\/\">El Lehendakari Urkullu intenta esquivar su responsabilidad en materia de IRPH<\/a>  2013-12-14<\/li><\/ul><\/p>","protected":false},"excerpt":{"rendered":"<p>https:\/\/www.youtube.com\/watch?v=eDfVbXQ7p5k El Gobierno de la Comunidad Aut\u00f3noma Vasca no ha hecho absolutamente nada para hacer que Kutxabank deje de aplicar IRPH Cajas, tal y como solicit\u00f3 el Parlamento de Vitoria-Gasteiz. Como puedes ver en el video, al presidente del gobierno de la CAV I\u00f1igo Urkullu le preguntaron en la televisi\u00f3n c\u00f3mo iba a hacer cumplir &hellip; <a href=\"https:\/\/irphstop.eus\/es\/eusko-jaurlaritza\/\" class=\"more-link\">Continue reading <span class=\"screen-reader-text\">Gobierno de Lakua<\/span><\/a><\/p>\n","protected":false},"author":2,"featured_media":0,"parent":0,"menu_order":0,"comment_status":"open","ping_status":"open","template":"","meta":{"_monsterinsights_skip_tracking":false,"_monsterinsights_sitenote_active":false,"_monsterinsights_sitenote_note":"","_monsterinsights_sitenote_category":0,"footnotes":""},"class_list":["post-1159","page","type-page","status-publish","hentry"],"aioseo_notices":[],"_links":{"self":[{"href":"https:\/\/irphstop.eus\/es\/wp-json\/wp\/v2\/pages\/1159","targetHints":{"allow":["GET"]}}],"collection":[{"href":"https:\/\/irphstop.eus\/es\/wp-json\/wp\/v2\/pages"}],"about":[{"href":"https:\/\/irphstop.eus\/es\/wp-json\/wp\/v2\/types\/page"}],"author":[{"embeddable":true,"href":"https:\/\/irphstop.eus\/es\/wp-json\/wp\/v2\/users\/2"}],"replies":[{"embeddable":true,"href":"https:\/\/irphstop.eus\/es\/wp-json\/wp\/v2\/comments?post=1159"}],"version-history":[{"count":1,"href":"https:\/\/irphstop.eus\/es\/wp-json\/wp\/v2\/pages\/1159\/revisions"}],"predecessor-version":[{"id":3901,"href":"https:\/\/irphstop.eus\/es\/wp-json\/wp\/v2\/pages\/1159\/revisions\/3901"}],"wp:attachment":[{"href":"https:\/\/irphstop.eus\/es\/wp-json\/wp\/v2\/media?parent=1159"}],"curies":[{"name":"wp","href":"https:\/\/api.w.org\/{rel}","templated":true}]}}