{"id":1170,"date":"2014-01-02T18:00:56","date_gmt":"2014-01-02T17:00:56","guid":{"rendered":"http:\/\/www.irphstop.net\/?page_id=1170"},"modified":"2014-01-02T18:00:56","modified_gmt":"2014-01-02T17:00:56","slug":"eh-bildu","status":"publish","type":"page","link":"https:\/\/irphstop.eus\/es\/eh-bildu\/","title":{"rendered":"EH BILDU"},"content":{"rendered":"<p>La coalici\u00f3n EH Bildu ha adoptado una postura activa en contra del IRPH y en defensa de los ciudadanos. Han puesto en marcha diversas iniciativas y nos ha apoyado en todos los foros en los que tiene representaci\u00f3n.<\/p>\n<p>Aqu\u00ed tienes todas las noticias que hemos publicado en nuestra p\u00e1gina relacionadas con EH Bildu:<\/p>\n<p><ul class=\"lcp_catlist\" id=\"lcp_instance_0\"><li><a href=\"https:\/\/irphstop.eus\/es\/psoe-pp-vox-eta-ciudadanos-ek-bat-egin-dute-irpharen-epai-europarrean-banketxeak-diru-publikoz-defendatzeko\/\">PSOE, PP, Vox y Ciudadanos unen fuerzas para defender a la banca con dinero p\u00fablico en el nuevo juicio europeo al IRPH<\/a>  2021-04-29<\/li><li><a href=\"https:\/\/irphstop.eus\/es\/espainiako-gorteak-disolbatuko-dira-irpharen-europako-epaiketa-eztabaidatu-gabe\/\">Se disuelven las cortes espa\u00f1olas sin debatir sobre el juicio al IRPH en el TJUE<\/a>  2019-03-03<\/li><li><a href=\"https:\/\/irphstop.eus\/es\/espainiar-estatuak-irpharen-inguruan-europako-epaitegian-izan-behar-duen-jarrera-eztabaidatuko-du-kongresuak\/\">El Congreso debatir\u00e1 sobre la postura de Espa\u00f1a respecto al IRPH en el Tribunal de Justicia de la UE<\/a>  2018-11-19<\/li><li><a href=\"https:\/\/irphstop.eus\/es\/eh-bilduk-espainiako-gobernuari-galdetu-dio-europar-batasuneko-epaitegietan-irpharen-inguruko-kasuan-izango-duen-jarrerari-buruz\/\">EH Bildu pregunta al gobierno espa\u00f1ol sobre su postura ante la cuesti\u00f3n del IRPH en el TJUE<\/a>  2018-04-12<\/li><li><a href=\"https:\/\/irphstop.eus\/es\/jon-jauregi\/\">Jon Jauregi Bereciartua<\/a>  2017-01-08<\/li><li><a href=\"https:\/\/irphstop.eus\/es\/irpharen-aurkako-ebazpen-urardotua-onartu-dute-gipuzkoako-bbnnek\/\">Lss JJGG de Gipuzkoa aprueban una resoluci\u00f3n descafeinada contra el IRPH<\/a>  2016-10-05<\/li><li><a href=\"https:\/\/irphstop.eus\/es\/erreferentzia-indizeen-inguruko-europako-araudi-berria-onartu-dute-baina-ez-du-irphan-eraginik-izango\/\">Aprobado el nuevo reglamento europeo sobre \u00edndices de referencia, no tendr\u00e1 efecto alguno sobre el IRPH<\/a>  2016-04-28<\/li><li><a href=\"https:\/\/irphstop.eus\/es\/erreferentzia-indizeen-inguruko-europako-araudi-berria-apirilaren-12an-onartuko-dute-eta-ez-du-irphan-eraginik-izango\/\">El nuevo reglamento europeo sobre \u00edndices de referencia ser\u00e1 aprobado el 12 de abril y no tendr\u00e1 efecto sobre el IRPH [ACTUALIZACI\u00d3N: se retrasa la votaci\u00f3n<\/a>  2016-04-04<\/li><li><a href=\"https:\/\/irphstop.eus\/es\/gasteizko-legebiltzarreko-bilkura-historikoko-bideoa\/\">V\u00eddeo del pleno hist\u00f3rico del Parlamento de Vitoria-Gasteiz<\/a>  2016-02-19<\/li><li><a href=\"https:\/\/irphstop.eus\/es\/gasteizko-legebiltzarrak-irpha-abusuzkoa-dela-adierazi-eta-dirua-itzultzeko-eskatu-du\/\">El Parlamento de Vitoria considera que el IRPH es abusivo y reclama la devoluci\u00f3n de lo cobrado<\/a>  2016-02-04<\/li><li><a href=\"https:\/\/irphstop.eus\/es\/erreferentzia-indizeen-inguruko-europako-araudi-berriaren-proiektuak-aurrera-darrai-irpha-pp-psoe-eta-pnvren-erabakiz-salbatzen-delarik\/\">El proyecto de nuevo reglamento europeo sobre \u00edndices de referencia sigue adelante, y el IRPH se libra por decisi\u00f3n de PP, PSOE y PNV<\/a>  2015-12-16<\/li><li><a href=\"https:\/\/irphstop.eus\/es\/gasteizko-legebiltzarreko-agerraldiko-bideoavideo-de-la-comparecencia-en-el-parlamento-de-vitoria-gasteiz\/\">V\u00eddeo de la comparecencia en el Parlamento de Vitoria-Gasteiz<\/a>  2015-11-30<\/li><li><a href=\"https:\/\/irphstop.eus\/es\/irph-stop-gipuzkoaren-agerraldia-gasteizko-legebiltzarrean\/\">Comparecencia de IRPH Stop Gipuzkoa en el Parlamento de Vitoria-Gasteiz<\/a>  2015-11-17<\/li><li><a href=\"https:\/\/irphstop.eus\/es\/pp-eta-psoek-europako-parlamentuak-irpha-gaitzestea-eragotzi-dute\/\">PP y PSOE evitan que el Parlamento Europeo rechace el IRPH<\/a>  2015-10-09<\/li><li><a href=\"https:\/\/irphstop.eus\/es\/pnv-eta-pseren-erasoari-erantzun\/\">Respondamos al ataque de PNV y PSE<\/a>  2015-08-10<\/li><li><a href=\"https:\/\/irphstop.eus\/es\/elkarretaratzea-eta-bi-albiste-garrantzitsu\/\">Concentraci\u00f3n y dos noticias importantes<\/a>  2015-06-19<\/li><li><a href=\"https:\/\/irphstop.eus\/es\/alderdien-erreakzioak\/\">Reacciones de los partidos<\/a>  2015-05-21<\/li><li><a href=\"https:\/\/irphstop.eus\/es\/pp-psoe-eta-pnvk-irpha-babestu-dute-europako-araudi-berriaren-aurrean\/\">PP, PSOE y PNV defienden al IRPH frente al nuevo reglamento europeo<\/a>  2015-05-19<\/li><li><a href=\"https:\/\/irphstop.eus\/es\/europak-irpharekin-amaitu-dezakeen-araudia-bozkatuko-du-maiatzaren-19an\/\">Europa votar\u00e1 el 19 de mayo un nuevo reglamento que podr\u00eda poner fin al IRPH<\/a>  2015-05-18<\/li><li><a href=\"https:\/\/irphstop.eus\/es\/europak-irpha-baliogabetu-dezake-datorren-astean\/\">Europa podr\u00eda acabar con el IRPH la semana que viene<\/a>  2015-05-11<\/li><li><a href=\"https:\/\/irphstop.eus\/es\/europako-parlamentuko-agerraldiaren-bideoak\/\">V\u00eddeos de la intervenci\u00f3n en el Parlamento Europeo<\/a>  2015-04-18<\/li><li><a href=\"https:\/\/irphstop.eus\/es\/dekalogoak-izan-dituen-atxikimenduen-aurkezpena\/\">Presentaci\u00f3n de las adhesiones al Dec\u00e1logo<\/a>  2015-03-25<\/li><li><a href=\"https:\/\/irphstop.eus\/es\/pnv-pse-eta-ppk-irpharen-alde-egin-dute-donostian\/\">PNV, PSE y PP defienden al IRPH en Donostia<\/a>  2014-12-18<\/li><li><a href=\"https:\/\/irphstop.eus\/es\/pnv-pse-eta-ppk-ez-dute-nahi-irphak-kaltetutakooi-lapurtutakoa-itzultzerik\/\">PNV, PSE y PPk no quieren que se devuelva lo robado a los afectados por IRPH<\/a>  2014-12-15<\/li><li><a href=\"https:\/\/irphstop.eus\/es\/donostiako-udalbatzak-irph-a-eztabaidatuko-du\/\">El pleno del ayuntamiento de Donostia debatir\u00e1 sobre IRPH<\/a>  2014-12-11<\/li><li><a href=\"https:\/\/irphstop.eus\/es\/pnvpsepp-troikak-irpha-babestu-du-batzar-nagusitan\/\">La troika PNV=PSE=PP defiende al IRPH en Juntas Generales<\/a>  2014-11-05<\/li><li><a href=\"https:\/\/irphstop.eus\/es\/irpha-baliogabetzen-duen-hirugarren-epaia\/\">Tercera sentencia que declara nulo un IRPH<\/a>  2014-11-04<\/li><li><a href=\"https:\/\/irphstop.eus\/es\/batzar-nagusitan-irpharen-inguruan-aritu-dira-berriz-ere\/\">Las Juntas Generales debaten nuevamente sobre el IRPH<\/a>  2014-10-25<\/li><li><a href=\"https:\/\/irphstop.eus\/es\/irph-entidades-inguruko-salaketa-epaiaren-zain\/\">Vista para sentencia la demanda contra IRPH Entidades<\/a>  2014-09-22<\/li><li><a href=\"https:\/\/irphstop.eus\/es\/kutxak-helegitea-jarri-du-pnv-pse-eta-ppren-babesaz\/\">Kutxa ha recurrido, con el apoyo de PNV, PSE y PP<\/a>  2014-07-17<\/li><li><a href=\"https:\/\/irphstop.eus\/es\/irph-stop-batzar-nagusitan-agerraldi-osoa\/\">IRPH Stop en las Juntas Generales: comparecencia compelta<\/a>  2014-07-16<\/li><li><a href=\"https:\/\/irphstop.eus\/es\/gutun-irekia-legebiltzarkideei\/\">Carta abierta a los parlamentarios<\/a>  2014-06-23<\/li><li><a href=\"https:\/\/irphstop.eus\/es\/gobernuak-ez-du-erantzuten-eta-irpharen-gardentasun-eza-babesten-du\/\">El gobierno no responde y ampara la falta de transparencia del IRPH<\/a>  2014-05-17<\/li><li><a href=\"https:\/\/irphstop.eus\/es\/hauteskunde-kanpaina-twitter-en\/\">Campa\u00f1a electoral en Twitter<\/a>  2014-05-12<\/li><li><a href=\"https:\/\/irphstop.eus\/es\/irpha-eta-kutxabanken-inguruko-galdera-asko-etbn-hasier-arraizekin\/\">Muchas preguntas sobre IRPH y Kutxabanken en ETB con Hasier Arraiz<\/a>  2014-04-30<\/li><li><a href=\"https:\/\/irphstop.eus\/es\/kutxak-irph-aplikatzea-gaitzetsi-dute-foru-aldundiak-eta-udaletxeak\/\">Diputaci\u00f3n y Ayuntamiento denuncian que Kutxa aplica IRPH<\/a>  2014-04-11<\/li><li><a href=\"https:\/\/irphstop.eus\/es\/amaiur-irphagatik-gobernuari-kontu-eske\/\">Amaiur cuestiona al gobierno sobre IRPH<\/a>  2014-03-17<\/li><li><a href=\"https:\/\/irphstop.eus\/es\/martin-garitano-diputatu-nagusiaren-harrera\/\">Recepci\u00f3n del Diputado General Martin Garitano<\/a>  2014-03-10<\/li><li><a href=\"https:\/\/irphstop.eus\/es\/batzar-nagusietako-lehendakariaren-harrera-ofiziala-eta-iturberi-kontuak-eskatzea\/\">Recepci\u00f3n oficial de la presidenta de Juntas Generales&#8230; y solicitud de comparecencia de Xabier Iturbe<\/a>  2013-11-21<\/li><li><a href=\"https:\/\/irphstop.eus\/es\/irph-entidades-ek-senatuako-tramitea-igaro-du\/\">El IRPH Entidades supera el tr\u00e1mite del Senado<\/a>  2013-09-13<\/li><li><a href=\"https:\/\/irphstop.eus\/es\/270-2\/\">IRPH en Kutxa: \u00a1caretas fuera!<\/a>  2013-08-26<\/li><\/ul><\/p>","protected":false},"excerpt":{"rendered":"<p>La coalici\u00f3n EH Bildu ha adoptado una postura activa en contra del IRPH y en defensa de los ciudadanos. Han puesto en marcha diversas iniciativas y nos ha apoyado en todos los foros en los que tiene representaci\u00f3n. Aqu\u00ed tienes todas las noticias que hemos publicado en nuestra p\u00e1gina relacionadas con EH Bildu:<\/p>\n","protected":false},"author":2,"featured_media":0,"parent":0,"menu_order":0,"comment_status":"open","ping_status":"open","template":"","meta":{"_monsterinsights_skip_tracking":false,"_monsterinsights_sitenote_active":false,"_monsterinsights_sitenote_note":"","_monsterinsights_sitenote_category":0,"footnotes":""},"class_list":["post-1170","page","type-page","status-publish","hentry"],"aioseo_notices":[],"_links":{"self":[{"href":"https:\/\/irphstop.eus\/es\/wp-json\/wp\/v2\/pages\/1170","targetHints":{"allow":["GET"]}}],"collection":[{"href":"https:\/\/irphstop.eus\/es\/wp-json\/wp\/v2\/pages"}],"about":[{"href":"https:\/\/irphstop.eus\/es\/wp-json\/wp\/v2\/types\/page"}],"author":[{"embeddable":true,"href":"https:\/\/irphstop.eus\/es\/wp-json\/wp\/v2\/users\/2"}],"replies":[{"embeddable":true,"href":"https:\/\/irphstop.eus\/es\/wp-json\/wp\/v2\/comments?post=1170"}],"version-history":[{"count":0,"href":"https:\/\/irphstop.eus\/es\/wp-json\/wp\/v2\/pages\/1170\/revisions"}],"wp:attachment":[{"href":"https:\/\/irphstop.eus\/es\/wp-json\/wp\/v2\/media?parent=1170"}],"curies":[{"name":"wp","href":"https:\/\/api.w.org\/{rel}","templated":true}]}}