{"id":1172,"date":"2014-01-02T18:11:57","date_gmt":"2014-01-02T17:11:57","guid":{"rendered":"http:\/\/www.irphstop.net\/?page_id=1172"},"modified":"2014-01-02T18:11:57","modified_gmt":"2014-01-02T17:11:57","slug":"eaj-pnv","status":"publish","type":"page","link":"https:\/\/irphstop.eus\/es\/eaj-pnv\/","title":{"rendered":"EAJ-PNV"},"content":{"rendered":"<p>http:\/\/www.youtube.com\/watch?v=7K8feaq0HyU<\/p>\n<p>El PNV tiene el control del Consejo de Administraci\u00f3n de Kutxabank, y por tanto es CULPABLE directo de nuestra situaci\u00f3n. No quieren, y mantienen el IRPH en Kutxabank.<\/p>\n<p>Pero no se atreven a reconocerlo en p\u00fablico, y en m\u00e1s de una ocasi\u00f3n han apoyado nuestras iniciativas en el Parlamento de Vitoria-Gasteiz, en Juntas Generales de Gipuzkoa y en numerosos ayuntamientos. En todos los casos se solicita a Kutxabank que abandone el IRPH. \u00bfPero por qu\u00e9 emplea el PNV las instituciones para pedir esto a Kutxabank? \u00a1Ellos controlan Kutxabank! Como puede verse en el v\u00eddeo, el presidente del PNV Andoni Ortuzar lleg\u00f3 a reconocer esta doble moral en televisi\u00f3n.<\/p>\n<p>Aqu\u00ed tienes todas las noticias que hemos publicado en nuestra p\u00e1gina relacionadas con el PNV:<\/p>\n<p><ul class=\"lcp_catlist\" id=\"lcp_instance_0\"><li><a href=\"https:\/\/irphstop.eus\/es\/espainiako-gorteak-disolbatuko-dira-irpharen-europako-epaiketa-eztabaidatu-gabe\/\">Se disuelven las cortes espa\u00f1olas sin debatir sobre el juicio al IRPH en el TJUE<\/a>  2019-03-03<\/li><li><a href=\"https:\/\/irphstop.eus\/es\/zenbaki-gorrien-inguruko-komisioak-direla-eta\/\">Sobre la comisi\u00f3n por reclamaci\u00f3n de posiciones deudoras<\/a>  2017-01-12<\/li><li><a href=\"https:\/\/irphstop.eus\/es\/jon-jauregi\/\">Jon Jauregi Bereciartua<\/a>  2017-01-08<\/li><li><a href=\"https:\/\/irphstop.eus\/es\/pnv-kutxabank-eta-irph-cajas\/\">PNV, Kutxabank y el IRPH Cajas<\/a>  2016-11-06<\/li><li><a href=\"https:\/\/irphstop.eus\/es\/izaskun-bilbao-pnv-ko-europarlamentariari-erantzuna\/\">Respuesta a la europarlamentaria del PNV Izaskun Bilbao<\/a>  2016-10-23<\/li><li><a href=\"https:\/\/irphstop.eus\/es\/irpharen-aurkako-ebazpen-urardotua-onartu-dute-gipuzkoako-bbnnek\/\">Lss JJGG de Gipuzkoa aprueban una resoluci\u00f3n descafeinada contra el IRPH<\/a>  2016-10-05<\/li><li><a href=\"https:\/\/irphstop.eus\/es\/erreferentzia-indizeen-inguruko-europako-araudi-berria-onartu-dute-baina-ez-du-irphan-eraginik-izango\/\">Aprobado el nuevo reglamento europeo sobre \u00edndices de referencia, no tendr\u00e1 efecto alguno sobre el IRPH<\/a>  2016-04-28<\/li><li><a href=\"https:\/\/irphstop.eus\/es\/erreferentzia-indizeen-inguruko-europako-araudi-berria-apirilaren-12an-onartuko-dute-eta-ez-du-irphan-eraginik-izango\/\">El nuevo reglamento europeo sobre \u00edndices de referencia ser\u00e1 aprobado el 12 de abril y no tendr\u00e1 efecto sobre el IRPH [ACTUALIZACI\u00d3N: se retrasa la votaci\u00f3n<\/a>  2016-04-04<\/li><li><a href=\"https:\/\/irphstop.eus\/es\/gasteizko-legebiltzarreko-bilkura-historikoko-bideoa\/\">V\u00eddeo del pleno hist\u00f3rico del Parlamento de Vitoria-Gasteiz<\/a>  2016-02-19<\/li><li><a href=\"https:\/\/irphstop.eus\/es\/gasteizko-legebiltzarrak-irpha-abusuzkoa-dela-adierazi-eta-dirua-itzultzeko-eskatu-du\/\">El Parlamento de Vitoria considera que el IRPH es abusivo y reclama la devoluci\u00f3n de lo cobrado<\/a>  2016-02-04<\/li><li><a href=\"https:\/\/irphstop.eus\/es\/erreferentzia-indizeen-inguruko-europako-araudi-berriaren-proiektuak-aurrera-darrai-irpha-pp-psoe-eta-pnvren-erabakiz-salbatzen-delarik\/\">El proyecto de nuevo reglamento europeo sobre \u00edndices de referencia sigue adelante, y el IRPH se libra por decisi\u00f3n de PP, PSOE y PNV<\/a>  2015-12-16<\/li><li><a href=\"https:\/\/irphstop.eus\/es\/gasteizko-legebiltzarreko-agerraldiko-bideoavideo-de-la-comparecencia-en-el-parlamento-de-vitoria-gasteiz\/\">V\u00eddeo de la comparecencia en el Parlamento de Vitoria-Gasteiz<\/a>  2015-11-30<\/li><li><a href=\"https:\/\/irphstop.eus\/es\/irph-stop-gipuzkoaren-agerraldia-gasteizko-legebiltzarrean\/\">Comparecencia de IRPH Stop Gipuzkoa en el Parlamento de Vitoria-Gasteiz<\/a>  2015-11-17<\/li><li><a href=\"https:\/\/irphstop.eus\/es\/pp-eta-psoek-europako-parlamentuak-irpha-gaitzestea-eragotzi-dute\/\">PP y PSOE evitan que el Parlamento Europeo rechace el IRPH<\/a>  2015-10-09<\/li><li><a href=\"https:\/\/irphstop.eus\/es\/pnv-eta-psek-atzera-egitea-lortu-dugu\/\">Conseguimos que PNV y PSE reculen<\/a>  2015-08-24<\/li><li><a href=\"https:\/\/irphstop.eus\/es\/pnv-eta-pseren-erasoari-erantzun\/\">Respondamos al ataque de PNV y PSE<\/a>  2015-08-10<\/li><li><a href=\"https:\/\/irphstop.eus\/es\/pp-psoe-eta-pnvk-irpha-babestu-dute-europako-araudi-berriaren-aurrean\/\">PP, PSOE y PNV defienden al IRPH frente al nuevo reglamento europeo<\/a>  2015-05-19<\/li><li><a href=\"https:\/\/irphstop.eus\/es\/europak-irpha-baliogabetu-dezake-datorren-astean\/\">Europa podr\u00eda acabar con el IRPH la semana que viene<\/a>  2015-05-11<\/li><li><a href=\"https:\/\/irphstop.eus\/es\/pnv-pse-eta-ppk-irpharen-alde-egin-dute-donostian\/\">PNV, PSE y PP defienden al IRPH en Donostia<\/a>  2014-12-18<\/li><li><a href=\"https:\/\/irphstop.eus\/es\/pnv-pse-eta-ppk-ez-dute-nahi-irphak-kaltetutakooi-lapurtutakoa-itzultzerik\/\">PNV, PSE y PPk no quieren que se devuelva lo robado a los afectados por IRPH<\/a>  2014-12-15<\/li><li><a href=\"https:\/\/irphstop.eus\/es\/donostiako-udalbatzak-irph-a-eztabaidatuko-du\/\">El pleno del ayuntamiento de Donostia debatir\u00e1 sobre IRPH<\/a>  2014-12-11<\/li><li><a href=\"https:\/\/irphstop.eus\/es\/maria-jesus-egido-pse-eta-eider-mendoza-pnv-batzarkideei-gutun-irekia\/\">Carta abierta a las junteras Mar\u00eda Jes\u00fas Egido (PSE) y Eider Mendoza (PNV)<\/a>  2014-11-20<\/li><li><a href=\"https:\/\/irphstop.eus\/es\/pnvpsepp-troikak-irpha-babestu-du-batzar-nagusitan\/\">La troika PNV=PSE=PP defiende al IRPH en Juntas Generales<\/a>  2014-11-05<\/li><li><a href=\"https:\/\/irphstop.eus\/es\/irpha-baliogabetzen-duen-hirugarren-epaia\/\">Tercera sentencia que declara nulo un IRPH<\/a>  2014-11-04<\/li><li><a href=\"https:\/\/irphstop.eus\/es\/batzar-nagusitan-irpharen-inguruan-aritu-dira-berriz-ere\/\">Las Juntas Generales debaten nuevamente sobre el IRPH<\/a>  2014-10-25<\/li><li><a href=\"https:\/\/irphstop.eus\/es\/asteko-ateraldia-maria-eugenia-arrizabalagaren-eskutik-pnv\/\">La ocurrencia de la semana, de la mano de Mar\u00eda Eugenia Arrizabalaga (PNV)<\/a>  2014-09-24<\/li><li><a href=\"https:\/\/irphstop.eus\/es\/zergatik-kexatzen-da-corchon-jauna\/\">\u00bfDe qu\u00e9 se queja el se\u00f1or Corch\u00f3n?<\/a>  2014-07-18<\/li><li><a href=\"https:\/\/irphstop.eus\/es\/andoni-ortuzar-irpharen-kaltedunari-mezua\/\">Carta el afectado por IRPH Andoni Ortuzar<\/a>  2014-07-18<\/li><li><a href=\"https:\/\/irphstop.eus\/es\/kutxak-helegitea-jarri-du-pnv-pse-eta-ppren-babesaz\/\">Kutxa ha recurrido, con el apoyo de PNV, PSE y PP<\/a>  2014-07-17<\/li><li><a href=\"https:\/\/irphstop.eus\/es\/irph-stop-batzar-nagusitan-agerraldi-osoa\/\">IRPH Stop en las Juntas Generales: comparecencia compelta<\/a>  2014-07-16<\/li><li><a href=\"https:\/\/irphstop.eus\/es\/kutxabankek-ciu-ri-10-milioi-euro-barkatu-dizkio\/\">Kutxabank ha perdonado 10 millones de euros a CiU<\/a>  2014-07-11<\/li><li><a href=\"https:\/\/irphstop.eus\/es\/andoni-ortuzar-gezurretan-dabil\/\">Andoni Ortuzar miente<\/a>  2014-07-06<\/li><li><a href=\"https:\/\/irphstop.eus\/es\/gutun-irekia-legebiltzarkideei\/\">Carta abierta a los parlamentarios<\/a>  2014-06-23<\/li><li><a href=\"https:\/\/irphstop.eus\/es\/pnvk-atzerako-eraginaren-eztabaida-desbideratzea-lortu-du\/\">PNV consigue desviar la atenci\u00f3n de la importancia de la retroactividad<\/a>  2014-06-20<\/li><li><a href=\"https:\/\/irphstop.eus\/es\/legebiltzarrak-irpharen-kaltedunak-ez-babestea-deitoratu-eta-pnvk-indarkeria-erabili-izana-gaitzesten-dugu\/\">Rechazamos que el Parlamento no apoye a los afectados y que el PNV utilice la violencia<\/a>  2014-06-19<\/li><li><a href=\"https:\/\/irphstop.eus\/es\/gure-aldarrikapenak-kutxaren-administrazio-kontseiluan-onartuak-izan-dira\/\">Nuestras reivindicaciones son aprobadas por el consejo de administraci\u00f3n de Kutxa<\/a>  2014-05-30<\/li><li><a href=\"https:\/\/irphstop.eus\/es\/hauteskunde-kanpaina-twitter-en\/\">Campa\u00f1a electoral en Twitter<\/a>  2014-05-12<\/li><li><a href=\"https:\/\/irphstop.eus\/es\/irpharen-inguruko-galdera-asko-andoni-ortuzarri\/\">Muchas preguntas sobre IRPH a Andoni Ortuzar<\/a>  2014-05-06<\/li><li><a href=\"https:\/\/irphstop.eus\/es\/joseba-egibar-gizarajoa-txotxetik-ezin-lasai-edan\/\">Al pobre Joseba Egibar se le amarga el trago<\/a>  2014-03-13<\/li><li><a href=\"https:\/\/irphstop.eus\/es\/pnvk-ez-du-oso-garbi-kutxa-publikoa-ala-pribatua-den\/\">El PNV no tiene muy claro si Kutxa es p\u00fablica o privada<\/a>  2014-02-03<\/li><li><a href=\"https:\/\/irphstop.eus\/es\/pnv-barregarri-irpharen-benetako-eztabaida-ekidin-nahian\/\">El PNV hace el rid\u00edculo intentando eludir el debate sobre el IRPH<\/a>  2014-01-29<\/li><li><a href=\"https:\/\/irphstop.eus\/es\/pnv-eta-pseren-burla-eta-manipulazioaren-frogak\/\">Pruebas de la burla y manipulaci\u00f3n de PNV y PSE<\/a>  2014-01-27<\/li><li><a href=\"https:\/\/irphstop.eus\/es\/pnv-eta-pseko-batzarkideek-biktimoi-barre-egiten-digute\/\">Los junteros de PNV y PSE se r\u00eden de las v\u00edctimas<\/a>  2014-01-27<\/li><li><a href=\"https:\/\/irphstop.eus\/es\/pnv-pse-eta-ppk-jon-jauregik-kutxan-irpha-bultzatzea-babestu-dute\/\">PNV, PSE y PP avalan que el * * * * * * Jon Jauregi apoye el IRPH en Kutxa<\/a>  2014-01-17<\/li><li><a href=\"https:\/\/irphstop.eus\/es\/lehendakariaren-gomendioz-jar-dezagun-erreklamazio-bat\/\">Por recomendaci\u00f3n del Lehendakari, pongamos una reclamaci\u00f3n<\/a>  2014-01-03<\/li><li><a href=\"https:\/\/irphstop.eus\/es\/urkullu-lehendakaria-irphan-duen-erantzunkizuna-saihestu-nahian\/\">El Lehendakari Urkullu intenta esquivar su responsabilidad en materia de IRPH<\/a>  2013-12-14<\/li><li><a href=\"https:\/\/irphstop.eus\/es\/eider-mendoza-larranaga-lotsagabe-hutsa-zara\/\">Eider Mendoza Larra\u00f1aga, eres una sinverg\u00fcenza<\/a>  2013-12-12<\/li><li><a href=\"https:\/\/irphstop.eus\/es\/jon-jauregiren-dimisioa-ezinbestekoa-da\/\">El * * * * * * * * * * Jon Jauregi debe dimitir<\/a>  2013-12-10<\/li><li><a href=\"https:\/\/irphstop.eus\/es\/kriminalak-kutxaren-administrazio-kontseiluan\/\">Criminales en el Consejo de Administraci\u00f3n de Kutxa<\/a>  2013-11-30<\/li><li><a href=\"https:\/\/irphstop.eus\/es\/eta-gainera-kriminalak-jezarriak-sentitzen-dira\/\">&#8230;y encima los criminales se sienten acosados<\/a>  2013-11-09<\/li><li><a href=\"https:\/\/irphstop.eus\/es\/criminales\/\">Criminales<\/a>  2013-11-07<\/li><li><a href=\"https:\/\/irphstop.eus\/es\/zuzenketa\/\">Rectificaci\u00f3n<\/a>  2013-11-06<\/li><li><a href=\"https:\/\/irphstop.eus\/es\/pnv-eta-psek-betoa-jarri-diote-kaltetuak-batzar-nagusietara-sartzeari\/\">PNV y PSE vetan la entrada de las v\u00edctimas a las Juntas Generales<\/a>  2013-11-05<\/li><li><a href=\"https:\/\/irphstop.eus\/es\/pnvren-planak-kutxabank-pribatizatu-eta-gizarte-ekintza-deuseztu\/\">Los planes del PNV: privatizar Kutxabank y destruir la obra social<\/a>  2013-11-05<\/li><li><a href=\"https:\/\/irphstop.eus\/es\/asteleheneanbaiosteguneanez\/\">El lunes s\u00ed, el jueves no: PNV y PSE en Kutxa<\/a>  2013-09-29<\/li><li><a href=\"https:\/\/irphstop.eus\/es\/joseba-egibar-presaka-edo-lotsatuta\/\">Joseba Egibar, con prisas o avergonzado<\/a>  2013-09-20<\/li><li><a href=\"https:\/\/irphstop.eus\/es\/irph-entidades-ek-senatuako-tramitea-igaro-du\/\">El IRPH Entidades supera el tr\u00e1mite del Senado<\/a>  2013-09-13<\/li><li><a href=\"https:\/\/irphstop.eus\/es\/okupatu-batzoki-bat\/\">Okupa un batzoki<\/a>  2013-09-13<\/li><li><a href=\"https:\/\/irphstop.eus\/es\/270-2\/\">IRPH en Kutxa: \u00a1caretas fuera!<\/a>  2013-08-26<\/li><\/ul><\/p>","protected":false},"excerpt":{"rendered":"<p>http:\/\/www.youtube.com\/watch?v=7K8feaq0HyU El PNV tiene el control del Consejo de Administraci\u00f3n de Kutxabank, y por tanto es CULPABLE directo de nuestra situaci\u00f3n. No quieren, y mantienen el IRPH en Kutxabank. Pero no se atreven a reconocerlo en p\u00fablico, y en m\u00e1s de una ocasi\u00f3n han apoyado nuestras iniciativas en el Parlamento de Vitoria-Gasteiz, en Juntas Generales &hellip; <a href=\"https:\/\/irphstop.eus\/es\/eaj-pnv\/\" class=\"more-link\">Continue reading <span class=\"screen-reader-text\">EAJ-PNV<\/span><\/a><\/p>\n","protected":false},"author":2,"featured_media":0,"parent":0,"menu_order":0,"comment_status":"open","ping_status":"open","template":"","meta":{"_monsterinsights_skip_tracking":false,"_monsterinsights_sitenote_active":false,"_monsterinsights_sitenote_note":"","_monsterinsights_sitenote_category":0,"footnotes":""},"class_list":["post-1172","page","type-page","status-publish","hentry"],"aioseo_notices":[],"_links":{"self":[{"href":"https:\/\/irphstop.eus\/es\/wp-json\/wp\/v2\/pages\/1172","targetHints":{"allow":["GET"]}}],"collection":[{"href":"https:\/\/irphstop.eus\/es\/wp-json\/wp\/v2\/pages"}],"about":[{"href":"https:\/\/irphstop.eus\/es\/wp-json\/wp\/v2\/types\/page"}],"author":[{"embeddable":true,"href":"https:\/\/irphstop.eus\/es\/wp-json\/wp\/v2\/users\/2"}],"replies":[{"embeddable":true,"href":"https:\/\/irphstop.eus\/es\/wp-json\/wp\/v2\/comments?post=1172"}],"version-history":[{"count":0,"href":"https:\/\/irphstop.eus\/es\/wp-json\/wp\/v2\/pages\/1172\/revisions"}],"wp:attachment":[{"href":"https:\/\/irphstop.eus\/es\/wp-json\/wp\/v2\/media?parent=1172"}],"curies":[{"name":"wp","href":"https:\/\/api.w.org\/{rel}","templated":true}]}}