{"id":1175,"date":"2014-01-02T18:26:33","date_gmt":"2014-01-02T17:26:33","guid":{"rendered":"http:\/\/www.irphstop.net\/?page_id=1175"},"modified":"2018-11-17T22:24:05","modified_gmt":"2018-11-17T20:24:05","slug":"pse-ee","status":"publish","type":"page","link":"https:\/\/irphstop.eus\/es\/pse-ee\/","title":{"rendered":"PSE-EE"},"content":{"rendered":"<p>El PSOE fue responsable de no anular todas las variedades de IRPH cuando el a\u00f1o 2011, estando en el gobierno espa\u00f1ol, dict\u00f3 la orden ministerial EHA\/2899\/2011. Posteriormente, utiliz\u00f3 su voto en el consejo de administraci\u00f3n de Kutxa para apoyar siempre la aplicaci\u00f3n de IRPH. Pero, al igual que el PNV, nunca se ha atrevido a defender esta postura en p\u00fablico, y en numerosas ocasiones ha apoyado (o incluso impulsado) iniciativas contra el IRPH en las instituciones.<\/p>\n<p>Aqu\u00ed tienes todas las noticias que hemos publicado en nuestra p\u00e1gina relacionadas con el PSE:<\/p>\n<p><ul class=\"lcp_catlist\" id=\"lcp_instance_0\"><li><a href=\"https:\/\/irphstop.eus\/es\/psoe-pp-vox-eta-ciudadanos-ek-bat-egin-dute-irpharen-epai-europarrean-banketxeak-diru-publikoz-defendatzeko\/\">PSOE, PP, Vox y Ciudadanos unen fuerzas para defender a la banca con dinero p\u00fablico en el nuevo juicio europeo al IRPH<\/a>  2021-04-29<\/li><li><a href=\"https:\/\/irphstop.eus\/es\/psoe-eta-unidas-podemos-en-gobernuak-ez-die-erantzuten-irpha-bertan-behera-uzteko-eskaerei\/\">El gobierno de PSOE y Unidas Podemos no responde a las peticiones de derogaci\u00f3n del IRPH<\/a>  2021-02-25<\/li><li><a href=\"https:\/\/irphstop.eus\/es\/espainiako-gorteak-disolbatuko-dira-irpharen-europako-epaiketa-eztabaidatu-gabe\/\">Se disuelven las cortes espa\u00f1olas sin debatir sobre el juicio al IRPH en el TJUE<\/a>  2019-03-03<\/li><li><a href=\"https:\/\/irphstop.eus\/es\/marco-aguiriano-europarako-estatu-idazkariak-irpharen-kaltedunoi-burla-egin-eta-espekulatzea-egotzi-digu\/\">Marco Aguiriano, Secretario de Estado para la UE, se burla de las v\u00edctimas de IRPH y nos tilda de especuladores<\/a>  2019-03-02<\/li><li><a href=\"https:\/\/irphstop.eus\/es\/zenbaki-gorrien-inguruko-komisioak-direla-eta\/\">Sobre la comisi\u00f3n por reclamaci\u00f3n de posiciones deudoras<\/a>  2017-01-12<\/li><li><a href=\"https:\/\/irphstop.eus\/es\/jon-jauregi\/\">Jon Jauregi Bereciartua<\/a>  2017-01-08<\/li><li><a href=\"https:\/\/irphstop.eus\/es\/irpharen-aurkako-ebazpen-urardotua-onartu-dute-gipuzkoako-bbnnek\/\">Lss JJGG de Gipuzkoa aprueban una resoluci\u00f3n descafeinada contra el IRPH<\/a>  2016-10-05<\/li><li><a href=\"https:\/\/irphstop.eus\/es\/erreferentzia-indizeen-inguruko-europako-araudi-berria-onartu-dute-baina-ez-du-irphan-eraginik-izango\/\">Aprobado el nuevo reglamento europeo sobre \u00edndices de referencia, no tendr\u00e1 efecto alguno sobre el IRPH<\/a>  2016-04-28<\/li><li><a href=\"https:\/\/irphstop.eus\/es\/erreferentzia-indizeen-inguruko-europako-araudi-berria-apirilaren-12an-onartuko-dute-eta-ez-du-irphan-eraginik-izango\/\">El nuevo reglamento europeo sobre \u00edndices de referencia ser\u00e1 aprobado el 12 de abril y no tendr\u00e1 efecto sobre el IRPH [ACTUALIZACI\u00d3N: se retrasa la votaci\u00f3n<\/a>  2016-04-04<\/li><li><a href=\"https:\/\/irphstop.eus\/es\/gasteizko-legebiltzarreko-bilkura-historikoko-bideoa\/\">V\u00eddeo del pleno hist\u00f3rico del Parlamento de Vitoria-Gasteiz<\/a>  2016-02-19<\/li><li><a href=\"https:\/\/irphstop.eus\/es\/gasteizko-legebiltzarrak-irpha-abusuzkoa-dela-adierazi-eta-dirua-itzultzeko-eskatu-du\/\">El Parlamento de Vitoria considera que el IRPH es abusivo y reclama la devoluci\u00f3n de lo cobrado<\/a>  2016-02-04<\/li><li><a href=\"https:\/\/irphstop.eus\/es\/erreferentzia-indizeen-inguruko-europako-araudi-berriaren-proiektuak-aurrera-darrai-irpha-pp-psoe-eta-pnvren-erabakiz-salbatzen-delarik\/\">El proyecto de nuevo reglamento europeo sobre \u00edndices de referencia sigue adelante, y el IRPH se libra por decisi\u00f3n de PP, PSOE y PNV<\/a>  2015-12-16<\/li><li><a href=\"https:\/\/irphstop.eus\/es\/irpharen-gaian-psoe-ez-da-fidagarria\/\">En materia de IRPH el PSOE no es de fiar<\/a>  2015-12-07<\/li><li><a href=\"https:\/\/irphstop.eus\/es\/gasteizko-legebiltzarreko-agerraldiko-bideoavideo-de-la-comparecencia-en-el-parlamento-de-vitoria-gasteiz\/\">V\u00eddeo de la comparecencia en el Parlamento de Vitoria-Gasteiz<\/a>  2015-11-30<\/li><li><a href=\"https:\/\/irphstop.eus\/es\/irph-stop-gipuzkoaren-agerraldia-gasteizko-legebiltzarrean\/\">Comparecencia de IRPH Stop Gipuzkoa en el Parlamento de Vitoria-Gasteiz<\/a>  2015-11-17<\/li><li><a href=\"https:\/\/irphstop.eus\/es\/horrela-salbatu-zuen-psoek-irpha-europako-parlamentuan\/\">As\u00ed salv\u00f3 el PSOE al IRPH en el Parlamento Europeo<\/a>  2015-10-14<\/li><li><a href=\"https:\/\/irphstop.eus\/es\/pp-eta-psoek-europako-parlamentuak-irpha-gaitzestea-eragotzi-dute\/\">PP y PSOE evitan que el Parlamento Europeo rechace el IRPH<\/a>  2015-10-09<\/li><li><a href=\"https:\/\/irphstop.eus\/es\/pnv-eta-psek-atzera-egitea-lortu-dugu\/\">Conseguimos que PNV y PSE reculen<\/a>  2015-08-24<\/li><li><a href=\"https:\/\/irphstop.eus\/es\/pnv-eta-pseren-erasoari-erantzun\/\">Respondamos al ataque de PNV y PSE<\/a>  2015-08-10<\/li><li><a href=\"https:\/\/irphstop.eus\/es\/pp-psoe-eta-pnvk-irpha-babestu-dute-europako-araudi-berriaren-aurrean\/\">PP, PSOE y PNV defienden al IRPH frente al nuevo reglamento europeo<\/a>  2015-05-19<\/li><li><a href=\"https:\/\/irphstop.eus\/es\/europak-irpha-baliogabetu-dezake-datorren-astean\/\">Europa podr\u00eda acabar con el IRPH la semana que viene<\/a>  2015-05-11<\/li><li><a href=\"https:\/\/irphstop.eus\/es\/dekalogoak-izan-dituen-atxikimenduen-aurkezpena\/\">Presentaci\u00f3n de las adhesiones al Dec\u00e1logo<\/a>  2015-03-25<\/li><li><a href=\"https:\/\/irphstop.eus\/es\/pnv-pse-eta-ppk-irpharen-alde-egin-dute-donostian\/\">PNV, PSE y PP defienden al IRPH en Donostia<\/a>  2014-12-18<\/li><li><a href=\"https:\/\/irphstop.eus\/es\/pnv-pse-eta-ppk-ez-dute-nahi-irphak-kaltetutakooi-lapurtutakoa-itzultzerik\/\">PNV, PSE y PPk no quieren que se devuelva lo robado a los afectados por IRPH<\/a>  2014-12-15<\/li><li><a href=\"https:\/\/irphstop.eus\/es\/donostiako-udalbatzak-irph-a-eztabaidatuko-du\/\">El pleno del ayuntamiento de Donostia debatir\u00e1 sobre IRPH<\/a>  2014-12-11<\/li><li><a href=\"https:\/\/irphstop.eus\/es\/maria-jesus-egido-pse-eta-eider-mendoza-pnv-batzarkideei-gutun-irekia\/\">Carta abierta a las junteras Mar\u00eda Jes\u00fas Egido (PSE) y Eider Mendoza (PNV)<\/a>  2014-11-20<\/li><li><a href=\"https:\/\/irphstop.eus\/es\/pnvpsepp-troikak-irpha-babestu-du-batzar-nagusitan\/\">La troika PNV=PSE=PP defiende al IRPH en Juntas Generales<\/a>  2014-11-05<\/li><li><a href=\"https:\/\/irphstop.eus\/es\/irpha-baliogabetzen-duen-hirugarren-epaia\/\">Tercera sentencia que declara nulo un IRPH<\/a>  2014-11-04<\/li><li><a href=\"https:\/\/irphstop.eus\/es\/batzar-nagusitan-irpharen-inguruan-aritu-dira-berriz-ere\/\">Las Juntas Generales debaten nuevamente sobre el IRPH<\/a>  2014-10-25<\/li><li><a href=\"https:\/\/irphstop.eus\/es\/eneko-anduezari-pse-gutun-irekia\/\">Carta abierta a Eneko Andueza (PSE)<\/a>  2014-10-06<\/li><li><a href=\"https:\/\/irphstop.eus\/es\/pse-eeren-jarrera-agerian\/\">La actitud del PSE-EE al descubierto<\/a>  2014-07-18<\/li><li><a href=\"https:\/\/irphstop.eus\/es\/kutxak-helegitea-jarri-du-pnv-pse-eta-ppren-babesaz\/\">Kutxa ha recurrido, con el apoyo de PNV, PSE y PP<\/a>  2014-07-17<\/li><li><a href=\"https:\/\/irphstop.eus\/es\/irph-stop-batzar-nagusitan-agerraldi-osoa\/\">IRPH Stop en las Juntas Generales: comparecencia compelta<\/a>  2014-07-16<\/li><li><a href=\"https:\/\/irphstop.eus\/es\/kaltedunen-babeserako-funts-bat-egiteko-pseren-proposamena-baztertzen-dugu\/\">Rechazamos la propuesta del PSE-EE de crear un fondo de protecci\u00f3n a los afectados por IRPH<\/a>  2014-06-24<\/li><li><a href=\"https:\/\/irphstop.eus\/es\/gutun-irekia-legebiltzarkideei\/\">Carta abierta a los parlamentarios<\/a>  2014-06-23<\/li><li><a href=\"https:\/\/irphstop.eus\/es\/gure-aldarrikapenak-kutxaren-administrazio-kontseiluan-onartuak-izan-dira\/\">Nuestras reivindicaciones son aprobadas por el consejo de administraci\u00f3n de Kutxa<\/a>  2014-05-30<\/li><li><a href=\"https:\/\/irphstop.eus\/es\/hauteskunde-kanpaina-twitter-en\/\">Campa\u00f1a electoral en Twitter<\/a>  2014-05-12<\/li><li><a href=\"https:\/\/irphstop.eus\/es\/como-se-puede-ser-tan-fariseo\/\">\u00bfC\u00f3mo se puede ser tan fariseo?<\/a>  2014-05-07<\/li><li><a href=\"https:\/\/irphstop.eus\/es\/irpharen-kaltedun-batek-patxi-lopez-i-errieta-egin-dio-etb-n\/\">Un afectado por IRPH reprende a Patxi Lop\u00e9z en ETB<\/a>  2014-04-15<\/li><li><a href=\"https:\/\/irphstop.eus\/es\/pseko-kideen-jarrera-antzezten-duten-fartsaren-inguruan\/\">Sobre la farsa que representa el PSE<\/a>  2014-03-03<\/li><li><a href=\"https:\/\/irphstop.eus\/es\/pnv-eta-pseren-burla-eta-manipulazioaren-frogak\/\">Pruebas de la burla y manipulaci\u00f3n de PNV y PSE<\/a>  2014-01-27<\/li><li><a href=\"https:\/\/irphstop.eus\/es\/pnv-eta-pseko-batzarkideek-biktimoi-barre-egiten-digute\/\">Los junteros de PNV y PSE se r\u00eden de las v\u00edctimas<\/a>  2014-01-27<\/li><li><a href=\"https:\/\/irphstop.eus\/es\/pnv-pse-eta-ppk-jon-jauregik-kutxan-irpha-bultzatzea-babestu-dute\/\">PNV, PSE y PP avalan que el * * * * * * Jon Jauregi apoye el IRPH en Kutxa<\/a>  2014-01-17<\/li><li><a href=\"https:\/\/irphstop.eus\/es\/kriminalak-kutxaren-administrazio-kontseiluan\/\">Criminales en el Consejo de Administraci\u00f3n de Kutxa<\/a>  2013-11-30<\/li><li><a href=\"https:\/\/irphstop.eus\/es\/eta-gainera-kriminalak-jezarriak-sentitzen-dira\/\">&#8230;y encima los criminales se sienten acosados<\/a>  2013-11-09<\/li><li><a href=\"https:\/\/irphstop.eus\/es\/criminales\/\">Criminales<\/a>  2013-11-07<\/li><li><a href=\"https:\/\/irphstop.eus\/es\/zuzenketa\/\">Rectificaci\u00f3n<\/a>  2013-11-06<\/li><li><a href=\"https:\/\/irphstop.eus\/es\/pnv-eta-psek-betoa-jarri-diote-kaltetuak-batzar-nagusietara-sartzeari\/\">PNV y PSE vetan la entrada de las v\u00edctimas a las Juntas Generales<\/a>  2013-11-05<\/li><li><a href=\"https:\/\/irphstop.eus\/es\/asteleheneanbaiosteguneanez\/\">El lunes s\u00ed, el jueves no: PNV y PSE en Kutxa<\/a>  2013-09-29<\/li><li><a href=\"https:\/\/irphstop.eus\/es\/irph-entidades-ek-senatuako-tramitea-igaro-du\/\">El IRPH Entidades supera el tr\u00e1mite del Senado<\/a>  2013-09-13<\/li><li><a href=\"https:\/\/irphstop.eus\/es\/pp-k-bihar-inposatu-nahi-du-irph-entidades-ordezko-bezala\/\">El PP quiere imponer ma\u00f1ana el IRPH Entidades como sustitutivo<\/a>  2013-09-10<\/li><li><a href=\"https:\/\/irphstop.eus\/es\/odonek-bere-ipad-arekin-libratuko-ote-gaitu\/\">\u00bfNos salvar\u00e1 Od\u00f3n con su iPad?<\/a>  2013-09-06<\/li><li><a href=\"https:\/\/irphstop.eus\/es\/270-2\/\">IRPH en Kutxa: \u00a1caretas fuera!<\/a>  2013-08-26<\/li><\/ul><\/p>","protected":false},"excerpt":{"rendered":"<p>El PSOE fue responsable de no anular todas las variedades de IRPH cuando el a\u00f1o 2011, estando en el gobierno espa\u00f1ol, dict\u00f3 la orden ministerial EHA\/2899\/2011. Posteriormente, utiliz\u00f3 su voto en el consejo de administraci\u00f3n de Kutxa para apoyar siempre la aplicaci\u00f3n de IRPH. Pero, al igual que el PNV, nunca se ha atrevido a &hellip; <a href=\"https:\/\/irphstop.eus\/es\/pse-ee\/\" class=\"more-link\">Continue reading <span class=\"screen-reader-text\">PSE-EE<\/span><\/a><\/p>\n","protected":false},"author":2,"featured_media":0,"parent":0,"menu_order":0,"comment_status":"open","ping_status":"open","template":"","meta":{"_monsterinsights_skip_tracking":false,"_monsterinsights_sitenote_active":false,"_monsterinsights_sitenote_note":"","_monsterinsights_sitenote_category":0,"footnotes":""},"class_list":["post-1175","page","type-page","status-publish","hentry"],"aioseo_notices":[],"_links":{"self":[{"href":"https:\/\/irphstop.eus\/es\/wp-json\/wp\/v2\/pages\/1175","targetHints":{"allow":["GET"]}}],"collection":[{"href":"https:\/\/irphstop.eus\/es\/wp-json\/wp\/v2\/pages"}],"about":[{"href":"https:\/\/irphstop.eus\/es\/wp-json\/wp\/v2\/types\/page"}],"author":[{"embeddable":true,"href":"https:\/\/irphstop.eus\/es\/wp-json\/wp\/v2\/users\/2"}],"replies":[{"embeddable":true,"href":"https:\/\/irphstop.eus\/es\/wp-json\/wp\/v2\/comments?post=1175"}],"version-history":[{"count":1,"href":"https:\/\/irphstop.eus\/es\/wp-json\/wp\/v2\/pages\/1175\/revisions"}],"predecessor-version":[{"id":4297,"href":"https:\/\/irphstop.eus\/es\/wp-json\/wp\/v2\/pages\/1175\/revisions\/4297"}],"wp:attachment":[{"href":"https:\/\/irphstop.eus\/es\/wp-json\/wp\/v2\/media?parent=1175"}],"curies":[{"name":"wp","href":"https:\/\/api.w.org\/{rel}","templated":true}]}}