{"id":1180,"date":"2014-01-02T18:38:12","date_gmt":"2014-01-02T17:38:12","guid":{"rendered":"http:\/\/www.irphstop.net\/?page_id=1180"},"modified":"2014-01-02T18:38:12","modified_gmt":"2014-01-02T17:38:12","slug":"pp","status":"publish","type":"page","link":"https:\/\/irphstop.eus\/es\/pp\/","title":{"rendered":"PP"},"content":{"rendered":"<p>En \u00e9ste como en otros temas el PP est\u00e1 en contra de la ciudadan\u00eda y apoya el IRPH. Pero hay que reconocerle coherencia: normalmente no recita discursos contra el IRPH ni vota en su contra en votaciones simb\u00f3licas, como hacen el PNV y PSE.<\/p>\n<p>Aqu\u00ed tienes todas las noticias que hemos publicado en nuestra p\u00e1gina relacionadas con el PP:<\/p>\n<p><ul class=\"lcp_catlist\" id=\"lcp_instance_0\"><li><a href=\"https:\/\/irphstop.eus\/es\/psoe-pp-vox-eta-ciudadanos-ek-bat-egin-dute-irpharen-epai-europarrean-banketxeak-diru-publikoz-defendatzeko\/\">PSOE, PP, Vox y Ciudadanos unen fuerzas para defender a la banca con dinero p\u00fablico en el nuevo juicio europeo al IRPH<\/a>  2021-04-29<\/li><li><a href=\"https:\/\/irphstop.eus\/es\/espainiako-gorteak-disolbatuko-dira-irpharen-europako-epaiketa-eztabaidatu-gabe\/\">Se disuelven las cortes espa\u00f1olas sin debatir sobre el juicio al IRPH en el TJUE<\/a>  2019-03-03<\/li><li><a href=\"https:\/\/irphstop.eus\/es\/zenbaki-gorrien-inguruko-komisioak-direla-eta\/\">Sobre la comisi\u00f3n por reclamaci\u00f3n de posiciones deudoras<\/a>  2017-01-12<\/li><li><a href=\"https:\/\/irphstop.eus\/es\/jon-jauregi\/\">Jon Jauregi Bereciartua<\/a>  2017-01-08<\/li><li><a href=\"https:\/\/irphstop.eus\/es\/irpharen-aurkako-ebazpen-urardotua-onartu-dute-gipuzkoako-bbnnek\/\">Lss JJGG de Gipuzkoa aprueban una resoluci\u00f3n descafeinada contra el IRPH<\/a>  2016-10-05<\/li><li><a href=\"https:\/\/irphstop.eus\/es\/erreferentzia-indizeen-inguruko-europako-araudi-berria-onartu-dute-baina-ez-du-irphan-eraginik-izango\/\">Aprobado el nuevo reglamento europeo sobre \u00edndices de referencia, no tendr\u00e1 efecto alguno sobre el IRPH<\/a>  2016-04-28<\/li><li><a href=\"https:\/\/irphstop.eus\/es\/erreferentzia-indizeen-inguruko-europako-araudi-berria-apirilaren-12an-onartuko-dute-eta-ez-du-irphan-eraginik-izango\/\">El nuevo reglamento europeo sobre \u00edndices de referencia ser\u00e1 aprobado el 12 de abril y no tendr\u00e1 efecto sobre el IRPH [ACTUALIZACI\u00d3N: se retrasa la votaci\u00f3n<\/a>  2016-04-04<\/li><li><a href=\"https:\/\/irphstop.eus\/es\/gasteizko-legebiltzarreko-bilkura-historikoko-bideoa\/\">V\u00eddeo del pleno hist\u00f3rico del Parlamento de Vitoria-Gasteiz<\/a>  2016-02-19<\/li><li><a href=\"https:\/\/irphstop.eus\/es\/gasteizko-legebiltzarrak-irpha-abusuzkoa-dela-adierazi-eta-dirua-itzultzeko-eskatu-du\/\">El Parlamento de Vitoria considera que el IRPH es abusivo y reclama la devoluci\u00f3n de lo cobrado<\/a>  2016-02-04<\/li><li><a href=\"https:\/\/irphstop.eus\/es\/erreferentzia-indizeen-inguruko-europako-araudi-berriaren-proiektuak-aurrera-darrai-irpha-pp-psoe-eta-pnvren-erabakiz-salbatzen-delarik\/\">El proyecto de nuevo reglamento europeo sobre \u00edndices de referencia sigue adelante, y el IRPH se libra por decisi\u00f3n de PP, PSOE y PNV<\/a>  2015-12-16<\/li><li><a href=\"https:\/\/irphstop.eus\/es\/gasteizko-legebiltzarreko-agerraldiko-bideoavideo-de-la-comparecencia-en-el-parlamento-de-vitoria-gasteiz\/\">V\u00eddeo de la comparecencia en el Parlamento de Vitoria-Gasteiz<\/a>  2015-11-30<\/li><li><a href=\"https:\/\/irphstop.eus\/es\/irph-stop-gipuzkoaren-agerraldia-gasteizko-legebiltzarrean\/\">Comparecencia de IRPH Stop Gipuzkoa en el Parlamento de Vitoria-Gasteiz<\/a>  2015-11-17<\/li><li><a href=\"https:\/\/irphstop.eus\/es\/pp-eta-psoek-europako-parlamentuak-irpha-gaitzestea-eragotzi-dute\/\">PP y PSOE evitan que el Parlamento Europeo rechace el IRPH<\/a>  2015-10-09<\/li><li><a href=\"https:\/\/irphstop.eus\/es\/pnv-eta-pseren-erasoari-erantzun\/\">Respondamos al ataque de PNV y PSE<\/a>  2015-08-10<\/li><li><a href=\"https:\/\/irphstop.eus\/es\/pp-psoe-eta-pnvk-irpha-babestu-dute-europako-araudi-berriaren-aurrean\/\">PP, PSOE y PNV defienden al IRPH frente al nuevo reglamento europeo<\/a>  2015-05-19<\/li><li><a href=\"https:\/\/irphstop.eus\/es\/europak-irpha-baliogabetu-dezake-datorren-astean\/\">Europa podr\u00eda acabar con el IRPH la semana que viene<\/a>  2015-05-11<\/li><li><a href=\"https:\/\/irphstop.eus\/es\/pnv-pse-eta-ppk-irpharen-alde-egin-dute-donostian\/\">PNV, PSE y PP defienden al IRPH en Donostia<\/a>  2014-12-18<\/li><li><a href=\"https:\/\/irphstop.eus\/es\/pnv-pse-eta-ppk-ez-dute-nahi-irphak-kaltetutakooi-lapurtutakoa-itzultzerik\/\">PNV, PSE y PPk no quieren que se devuelva lo robado a los afectados por IRPH<\/a>  2014-12-15<\/li><li><a href=\"https:\/\/irphstop.eus\/es\/donostiako-udalbatzak-irph-a-eztabaidatuko-du\/\">El pleno del ayuntamiento de Donostia debatir\u00e1 sobre IRPH<\/a>  2014-12-11<\/li><li><a href=\"https:\/\/irphstop.eus\/es\/pnvpsepp-troikak-irpha-babestu-du-batzar-nagusitan\/\">La troika PNV=PSE=PP defiende al IRPH en Juntas Generales<\/a>  2014-11-05<\/li><li><a href=\"https:\/\/irphstop.eus\/es\/irpha-baliogabetzen-duen-hirugarren-epaia\/\">Tercera sentencia que declara nulo un IRPH<\/a>  2014-11-04<\/li><li><a href=\"https:\/\/irphstop.eus\/es\/kutxak-helegitea-jarri-du-pnv-pse-eta-ppren-babesaz\/\">Kutxa ha recurrido, con el apoyo de PNV, PSE y PP<\/a>  2014-07-17<\/li><li><a href=\"https:\/\/irphstop.eus\/es\/irph-stop-batzar-nagusitan-agerraldi-osoa\/\">IRPH Stop en las Juntas Generales: comparecencia compelta<\/a>  2014-07-16<\/li><li><a href=\"https:\/\/irphstop.eus\/es\/gutun-irekia-legebiltzarkideei\/\">Carta abierta a los parlamentarios<\/a>  2014-06-23<\/li><li><a href=\"https:\/\/irphstop.eus\/es\/gure-aldarrikapenak-kutxaren-administrazio-kontseiluan-onartuak-izan-dira\/\">Nuestras reivindicaciones son aprobadas por el consejo de administraci\u00f3n de Kutxa<\/a>  2014-05-30<\/li><li><a href=\"https:\/\/irphstop.eus\/es\/gobernuak-ez-du-erantzuten-eta-irpharen-gardentasun-eza-babesten-du\/\">El gobierno no responde y ampara la falta de transparencia del IRPH<\/a>  2014-05-17<\/li><li><a href=\"https:\/\/irphstop.eus\/es\/hauteskunde-kanpaina-twitter-en\/\">Campa\u00f1a electoral en Twitter<\/a>  2014-05-12<\/li><li><a href=\"https:\/\/irphstop.eus\/es\/arantza-quiroga-ri-galdera-irph-inguruan\/\">Pregunta sobre IRPH a Arantza Quiroga<\/a>  2014-04-10<\/li><li><a href=\"https:\/\/irphstop.eus\/es\/rajoy-donostian-zatoz-ongietorria-ematera\/\">Rajoy en Donostia: ven a darle la bienvenida<\/a>  2014-03-07<\/li><li><a href=\"https:\/\/irphstop.eus\/es\/pnv-pse-eta-ppk-jon-jauregik-kutxan-irpha-bultzatzea-babestu-dute\/\">PNV, PSE y PP avalan que el * * * * * * Jon Jauregi apoye el IRPH en Kutxa<\/a>  2014-01-17<\/li><li><a href=\"https:\/\/irphstop.eus\/es\/kriminalak-kutxaren-administrazio-kontseiluan\/\">Criminales en el Consejo de Administraci\u00f3n de Kutxa<\/a>  2013-11-30<\/li><li><a href=\"https:\/\/irphstop.eus\/es\/eta-gainera-kriminalak-jezarriak-sentitzen-dira\/\">&#8230;y encima los criminales se sienten acosados<\/a>  2013-11-09<\/li><li><a href=\"https:\/\/irphstop.eus\/es\/irph-entidades-ek-senatuako-tramitea-igaro-du\/\">El IRPH Entidades supera el tr\u00e1mite del Senado<\/a>  2013-09-13<\/li><li><a href=\"https:\/\/irphstop.eus\/es\/pp-ren-aurkako-protesta\/\">Protesta contra el PP<\/a>  2013-09-11<\/li><li><a href=\"https:\/\/irphstop.eus\/es\/pp-k-bihar-inposatu-nahi-du-irph-entidades-ordezko-bezala\/\">El PP quiere imponer ma\u00f1ana el IRPH Entidades como sustitutivo<\/a>  2013-09-10<\/li><li><a href=\"https:\/\/irphstop.eus\/es\/adi-pp-ren-aurrean-elkarretaratzea\/\">\u00a1Atenci\u00f3n! Concentraci\u00f3n frente al PP<\/a>  2013-09-08<\/li><li><a href=\"https:\/\/irphstop.eus\/es\/270-2\/\">IRPH en Kutxa: \u00a1caretas fuera!<\/a>  2013-08-26<\/li><li><a href=\"https:\/\/irphstop.eus\/es\/213-2\/\">El PP quiere prolongar la estafa del IRPH<\/a>  2013-07-24<\/li><\/ul><\/p>","protected":false},"excerpt":{"rendered":"<p>En \u00e9ste como en otros temas el PP est\u00e1 en contra de la ciudadan\u00eda y apoya el IRPH. Pero hay que reconocerle coherencia: normalmente no recita discursos contra el IRPH ni vota en su contra en votaciones simb\u00f3licas, como hacen el PNV y PSE. Aqu\u00ed tienes todas las noticias que hemos publicado en nuestra p\u00e1gina &hellip; <a href=\"https:\/\/irphstop.eus\/es\/pp\/\" class=\"more-link\">Continue reading <span class=\"screen-reader-text\">PP<\/span><\/a><\/p>\n","protected":false},"author":2,"featured_media":0,"parent":0,"menu_order":0,"comment_status":"open","ping_status":"open","template":"","meta":{"_monsterinsights_skip_tracking":false,"_monsterinsights_sitenote_active":false,"_monsterinsights_sitenote_note":"","_monsterinsights_sitenote_category":0,"footnotes":""},"class_list":["post-1180","page","type-page","status-publish","hentry"],"aioseo_notices":[],"_links":{"self":[{"href":"https:\/\/irphstop.eus\/es\/wp-json\/wp\/v2\/pages\/1180","targetHints":{"allow":["GET"]}}],"collection":[{"href":"https:\/\/irphstop.eus\/es\/wp-json\/wp\/v2\/pages"}],"about":[{"href":"https:\/\/irphstop.eus\/es\/wp-json\/wp\/v2\/types\/page"}],"author":[{"embeddable":true,"href":"https:\/\/irphstop.eus\/es\/wp-json\/wp\/v2\/users\/2"}],"replies":[{"embeddable":true,"href":"https:\/\/irphstop.eus\/es\/wp-json\/wp\/v2\/comments?post=1180"}],"version-history":[{"count":0,"href":"https:\/\/irphstop.eus\/es\/wp-json\/wp\/v2\/pages\/1180\/revisions"}],"wp:attachment":[{"href":"https:\/\/irphstop.eus\/es\/wp-json\/wp\/v2\/media?parent=1180"}],"curies":[{"name":"wp","href":"https:\/\/api.w.org\/{rel}","templated":true}]}}