{"id":1203,"date":"2014-01-03T13:17:49","date_gmt":"2014-01-03T12:17:49","guid":{"rendered":"http:\/\/www.irphstop.net\/?page_id=1203"},"modified":"2014-01-03T13:17:49","modified_gmt":"2014-01-03T12:17:49","slug":"kontsumobide","status":"publish","type":"page","link":"https:\/\/irphstop.eus\/es\/kontsumobide\/","title":{"rendered":"KONTSUMOBIDE"},"content":{"rendered":"<p><img loading=\"lazy\" decoding=\"async\" class=\"alignnone size-full wp-image-1204\" style=\"line-height: 1.7;\" alt=\"kontsumobide_logo\" src=\"https:\/\/irphstop.eus\/wp-content\/uploads\/2014\/01\/kontsumobide_logo.jpg\" width=\"525\" height=\"248\" \/><\/p>\n<p>Adem\u00e1s de presentar una solicitud directamente a tu banco (ver apartado \u00ab<a href=\"https:\/\/irphstop.eus\/es\/zer-egin-dezaket\/\">Qu\u00e9 hacer<\/a>\u00ab), recomendamos presentar una hoja de reclamaciones en Kontsumobide (u otras agencias auton\u00f3micas de consumo). Para ello debes seguir los siguientes pasos:<\/p>\n<ul>\n<li>Acude a tu sucursal bancaria y solicita la hoja de reclamaciones de Kontsumobide. Si no te la quieren dar puedes llamar a la polic\u00eda municipal.<\/li>\n<li>Rellena la hoja siguiendo el ejemplo de <a href=\"https:\/\/irphstop.eus\/wp-content\/uploads\/2014\/01\/Kontsumobide_IRPH.pdf\">este documento<\/a>.<\/li>\n<li>El banco puede a\u00f1adir sus alegaciones, y en cualquier caso debe firmar.<\/li>\n<li>La hoja de color rosa se queda en el banco.<\/li>\n<li>La hoja verde es para ti.<\/li>\n<li>La hoja blanca la recoges t\u00fa, y la entregas o env\u00edas cuanto antes a una de las direcciones que puedes ver m\u00e1s abajo.<\/li>\n<li>Recomendamos adjuntar <a href=\"https:\/\/irphstop.eus\/wp-content\/uploads\/2013\/07\/Anexos_reclamacion_IRPH.pdf\">copia de la resoluci\u00f3n del Parlamento y de la sentencia de la Audiencia Provincial de \u00c1lava<\/a>.<\/li>\n<\/ul>\n<p>Lista de sedes territoriales de Kontsumobide a las que debes hacer llegar tu reclamaci\u00f3n:<\/p>\n<ul>\n<li>Gipuzkoa: Easo kalea, 10 5.a  20006 DONOSTIA<\/li>\n<li>Bizkaia: Alameda Rekalde, 39 A &#8211; bajo 48008 BILBAO<\/li>\n<li>Araba: Santiago hiribidea, 11 01002 VITORIA-GASTEIZ<\/li>\n<\/ul>\n<p>Tambi\u00e9n puedes acercarte a una Oficina Municipal de Informaci\u00f3n a la Persona Consumidora (OMIC). Esta es la lista de oficinas de Gipuzkoa:<\/p>\n<ul>\n<li>Andoain: P\u00edo Baroja, 1 B-3\u00ba    20140 ANDOAIN<\/li>\n<li>Azkoitia: Kale Nagusia, 60-62    20720 AZKOITIA<\/li>\n<li>Beasain: Martina Maiz, 3   20200 BEASAIN<\/li>\n<li>Donostia: Duque de Mandas, 12    20012 DONOSTIA-SAN SEBASTI\u00c1N<\/li>\n<li>Eibar: Plaza Unzaga, 1   20600 EIBAR<\/li>\n<li>Elgoibar: Plaza del Mercado, Plaza Navarra, s\/n   20870 ELGOIBAR<\/li>\n<li>Errenteria: Olibet, 6   20100 ERRENTERIA<\/li>\n<li>Hernani: Sandiusterri, 1   20120 HERNANI<\/li>\n<li>Irun: Juan Thalamas Labandibar, 21    20305 IRUN<\/li>\n<li>Lasarte-Oria: Beheko Kalea , 1   20160 LASARTE-ORIA<\/li>\n<li>Tolosa: Kale Nagusia, 1   20400 TOLOSA<\/li>\n<li>Urretxu: Iparragirre, 11-bajo    20700 URRETXU<\/li>\n<\/ul>\n<p>Para Araba y Bizkaia puedes <a href=\"http:\/\/www.kontsumobide.euskadi.eus\/y10-kbinfo2\/es\/contenidos\/informacion\/kb_omic_indice\/es_jsa\/index.shtml\" target=\"_blank\">ver una lista de oficinas aqu\u00ed<\/a>.<\/p>\n<p>Preguntas frecuentes sobre esta reclamaci\u00f3n:<\/p>\n<ul>\n<li>\u00bfSirve para otros bancos adem\u00e1s de Kutxabank? S\u00ed.<\/li>\n<li>\u00bfSirve para todos los tipos de IRPH? S\u00ed.<\/li>\n<li>Si ten\u00eda sustitutivo Euribor+1 y es lo que me est\u00e1n aplicando ahora, \u00bfsirve para reclamar lo que pagu\u00e9 seg\u00fan IRPH en el pasado? S\u00ed.<\/li>\n<li>\u00bfSirve para otras comunidades aut\u00f3nomas? S\u00ed.<\/li>\n<li>Tengo dudas, \u00bfpresento la reclamaci\u00f3n? Ante cualquier duda, s\u00ed, presenta la reclamaci\u00f3n.<\/li>\n<\/ul>\n<p><\/p>","protected":false},"excerpt":{"rendered":"<p>Adem\u00e1s de presentar una solicitud directamente a tu banco (ver apartado \u00abQu\u00e9 hacer\u00ab), recomendamos presentar una hoja de reclamaciones en Kontsumobide (u otras agencias auton\u00f3micas de consumo). Para ello debes seguir los siguientes pasos: Acude a tu sucursal bancaria y solicita la hoja de reclamaciones de Kontsumobide. Si no te la quieren dar puedes llamar &hellip; <a href=\"https:\/\/irphstop.eus\/es\/kontsumobide\/\" class=\"more-link\">Continue reading <span class=\"screen-reader-text\">KONTSUMOBIDE<\/span><\/a><\/p>\n","protected":false},"author":2,"featured_media":1204,"parent":0,"menu_order":0,"comment_status":"open","ping_status":"open","template":"","meta":{"_monsterinsights_skip_tracking":false,"_monsterinsights_sitenote_active":false,"_monsterinsights_sitenote_note":"","_monsterinsights_sitenote_category":0,"footnotes":""},"class_list":["post-1203","page","type-page","status-publish","has-post-thumbnail","hentry"],"aioseo_notices":[],"_links":{"self":[{"href":"https:\/\/irphstop.eus\/es\/wp-json\/wp\/v2\/pages\/1203","targetHints":{"allow":["GET"]}}],"collection":[{"href":"https:\/\/irphstop.eus\/es\/wp-json\/wp\/v2\/pages"}],"about":[{"href":"https:\/\/irphstop.eus\/es\/wp-json\/wp\/v2\/types\/page"}],"author":[{"embeddable":true,"href":"https:\/\/irphstop.eus\/es\/wp-json\/wp\/v2\/users\/2"}],"replies":[{"embeddable":true,"href":"https:\/\/irphstop.eus\/es\/wp-json\/wp\/v2\/comments?post=1203"}],"version-history":[{"count":0,"href":"https:\/\/irphstop.eus\/es\/wp-json\/wp\/v2\/pages\/1203\/revisions"}],"wp:featuredmedia":[{"embeddable":true,"href":"https:\/\/irphstop.eus\/es\/wp-json\/wp\/v2\/media\/1204"}],"wp:attachment":[{"href":"https:\/\/irphstop.eus\/es\/wp-json\/wp\/v2\/media?parent=1203"}],"curies":[{"name":"wp","href":"https:\/\/api.w.org\/{rel}","templated":true}]}}