{"id":1220,"date":"2014-01-07T14:24:06","date_gmt":"2014-01-07T13:24:06","guid":{"rendered":"http:\/\/www.irphstop.net\/?page_id=1220"},"modified":"2018-11-17T22:05:32","modified_gmt":"2018-11-17T20:05:32","slug":"zer-da-irpha","status":"publish","type":"page","link":"https:\/\/irphstop.eus\/es\/zer-da-irpha\/","title":{"rendered":"\u00bfQu\u00e9 es el IRPH?"},"content":{"rendered":"<p>El IRPH, o mejor dicho los \u00edndices IRPH, son \u00edndices de referencia empleados en algunos pr\u00e9stamos hipotecarios en lugar del m\u00e1s habitual Euribor. Las siglas IRPH significan <em>\u00cdndice de Referencia de Pr\u00e9stamos Hipotecarios<\/em>.<\/p>\n<p>Se trata de \u00edndices totalmente faltos de transparencia en su c\u00e1lculo, que adem\u00e1s son manipulables por las entidades bancarias. Existen varias irregularidades m\u00e1s, y te explicamos todas ellas en nuestro \u201c<a href=\"https:\/\/irphstop.eus\/es\/irph-txostena\/\">Informe IRPH<\/a>\u201d, un informe pionero que nuestra plataforma public\u00f3 en febrero de 2014. M\u00e1s adelante, el 4 de julio de 2016 publicamos en exclusiva <a href=\"https:\/\/irphstop.eus\/es\/etxeberria-doktorearen-txostena\/\">el informe que acerca del IRPH elabor\u00f3 el Doctor Juan Etxeberria Murgiondo<\/a>, Catedr\u00e1tico Acreditado de Estad\u00edstica Aplicada, Licenciado en Ciencias Exactas, que vino a certificar las carencias de estos \u00edndices. <\/p>\n<p>Los \u00edndices IRPH crecieron muy por encima del Euribor y hacen que los afectados paguen hasta 300 \u20ac m\u00e1s cada mes por su hipoteca. Muchas familias no pueden hacer frente al pago de este sobrecoste, por lo que este \u00edndice criminal es responsable de muchos desahucios.<\/p>\n<p>El 2013 iniciamos la batalla legal contra el \u00edndice, y los tribunales comenzaron a reconocer que el IRPH es una cl\u00e1usula abusiva. La consecuencia son las sentencias de nulidad que condenan a las entidades bancarias a devolver con retroactividad las cantidades indebidamente cobradas. Tienes m\u00e1s informaci\u00f3n en el apartado \u201c<a href=\"https:\/\/irphstop.eus\/es\/epaitegiak\/\">Tribunales<\/a>\u201d.<\/p>\n<p>Existen tres variedades de IRPH:<\/p>\n<ul>\n<li>IRPH-Cajas: fue  anulado por una orden de transparencia y actualmente no se aplica. Algunas entidades se demoraron demasiado en dejar de aplicarlo. Tienes m\u00e1s informaci\u00f3n en el apartado \u201c<a href=\"https:\/\/irphstop.eus\/es\/kutxa-kutxabank\/\">Kutxa\/Kutxabank<\/a>\u201d<\/li>\n<li>IRPH-Bancos: fue  anulado por una orden de transparencia y actualmente no se aplica.<\/li>\n<li>IRPH-Entidades: todav\u00eda vigente, adem\u00e1s fue establecido como sustitutivo para los contratos referidos a IRPH Cajas o IRPH Bancos y que no tuvieran sustitutivo previsto.<\/li>\n<\/ul>\n<p>El objetivo de esta plataforma es la desaparici\u00f3n del IRPH. Adem\u00e1s, reivindicamos la devoluci\u00f3n de todo lo robado mediante cualquier variedad de IRPH por parte de todas las entidades bancarias a todas las personas afectadas durante toda la vida de sus hipotecas, sin necesidad de acudir a tribunales.<\/p>\n<p><a href=\"https:\/\/irphstop.eus\/wp-content\/uploads\/2015\/02\/mapa_irph.jpg\"><img loading=\"lazy\" decoding=\"async\" src=\"https:\/\/irphstop.eus\/wp-content\/uploads\/2015\/02\/mapa_irph.jpg\" style=\"border:1px solid black\" alt=\"mapa\" width=\"725\" height=\"476\" class=\"alignnone size-full wp-image-2415\" srcset=\"https:\/\/irphstop.eus\/wp-content\/uploads\/2015\/02\/mapa_irph.jpg 725w, https:\/\/irphstop.eus\/wp-content\/uploads\/2015\/02\/mapa_irph-300x197.jpg 300w, https:\/\/irphstop.eus\/wp-content\/uploads\/2015\/02\/mapa_irph-164x108.jpg 164w\" sizes=\"auto, (max-width: 725px) 100vw, 725px\" \/><\/a><\/p>\n<p><a href=\"https:\/\/irphstop.eus\/wp-content\/uploads\/2015\/02\/queso-1.jpg\"><img loading=\"lazy\" decoding=\"async\" src=\"https:\/\/irphstop.eus\/wp-content\/uploads\/2015\/02\/queso-1.jpg\" style=\"border:1px solid black\" alt=\"queso\" width=\"819\" height=\"606\" class=\"alignnone size-full wp-image-2416\" srcset=\"https:\/\/irphstop.eus\/wp-content\/uploads\/2015\/02\/queso-1.jpg 819w, https:\/\/irphstop.eus\/wp-content\/uploads\/2015\/02\/queso-1-300x222.jpg 300w, https:\/\/irphstop.eus\/wp-content\/uploads\/2015\/02\/queso-1-768x568.jpg 768w, https:\/\/irphstop.eus\/wp-content\/uploads\/2015\/02\/queso-1-146x108.jpg 146w\" sizes=\"auto, (max-width: 819px) 100vw, 819px\" \/><\/a><\/p>\n<p><a href=\"https:\/\/irphstop.eus\/wp-content\/uploads\/2017\/11\/porcentaje_irph.jpg\"><img loading=\"lazy\" decoding=\"async\" src=\"https:\/\/irphstop.eus\/wp-content\/uploads\/2017\/11\/porcentaje_irph.jpg\" style=\"border:1px solid black\" alt=\"\" width=\"808\" height=\"520\" class=\"alignnone size-full wp-image-4114\" \/><\/a><\/p>\n<p><a href=\"https:\/\/irphstop.eus\/wp-content\/uploads\/2016\/11\/tipos_europa.jpg\"><img loading=\"lazy\" decoding=\"async\" src=\"https:\/\/irphstop.eus\/wp-content\/uploads\/2016\/11\/tipos_europa.jpg\" style=\"border:1px solid black\" alt=\"\" width=\"918\" height=\"614\" class=\"alignnone size-full wp-image-3394\" srcset=\"https:\/\/irphstop.eus\/wp-content\/uploads\/2016\/11\/tipos_europa.jpg 918w, https:\/\/irphstop.eus\/wp-content\/uploads\/2016\/11\/tipos_europa-300x201.jpg 300w, https:\/\/irphstop.eus\/wp-content\/uploads\/2016\/11\/tipos_europa-768x514.jpg 768w, https:\/\/irphstop.eus\/wp-content\/uploads\/2016\/11\/tipos_europa-863x577.jpg 863w, https:\/\/irphstop.eus\/wp-content\/uploads\/2016\/11\/tipos_europa-161x108.jpg 161w\" sizes=\"auto, (max-width: 918px) 100vw, 918px\" \/><\/a><\/p>","protected":false},"excerpt":{"rendered":"<p>El IRPH, o mejor dicho los \u00edndices IRPH, son \u00edndices de referencia empleados en algunos pr\u00e9stamos hipotecarios en lugar del m\u00e1s habitual Euribor. Las siglas IRPH significan \u00cdndice de Referencia de Pr\u00e9stamos Hipotecarios. Se trata de \u00edndices totalmente faltos de transparencia en su c\u00e1lculo, que adem\u00e1s son manipulables por las entidades bancarias. Existen varias irregularidades &hellip; <a href=\"https:\/\/irphstop.eus\/es\/zer-da-irpha\/\" class=\"more-link\">Continue reading <span class=\"screen-reader-text\">\u00bfQu\u00e9 es el IRPH?<\/span><\/a><\/p>\n","protected":false},"author":2,"featured_media":0,"parent":0,"menu_order":0,"comment_status":"open","ping_status":"open","template":"","meta":{"_monsterinsights_skip_tracking":false,"_monsterinsights_sitenote_active":false,"_monsterinsights_sitenote_note":"","_monsterinsights_sitenote_category":0,"footnotes":""},"class_list":["post-1220","page","type-page","status-publish","hentry"],"aioseo_notices":[],"_links":{"self":[{"href":"https:\/\/irphstop.eus\/es\/wp-json\/wp\/v2\/pages\/1220","targetHints":{"allow":["GET"]}}],"collection":[{"href":"https:\/\/irphstop.eus\/es\/wp-json\/wp\/v2\/pages"}],"about":[{"href":"https:\/\/irphstop.eus\/es\/wp-json\/wp\/v2\/types\/page"}],"author":[{"embeddable":true,"href":"https:\/\/irphstop.eus\/es\/wp-json\/wp\/v2\/users\/2"}],"replies":[{"embeddable":true,"href":"https:\/\/irphstop.eus\/es\/wp-json\/wp\/v2\/comments?post=1220"}],"version-history":[{"count":13,"href":"https:\/\/irphstop.eus\/es\/wp-json\/wp\/v2\/pages\/1220\/revisions"}],"predecessor-version":[{"id":4292,"href":"https:\/\/irphstop.eus\/es\/wp-json\/wp\/v2\/pages\/1220\/revisions\/4292"}],"wp:attachment":[{"href":"https:\/\/irphstop.eus\/es\/wp-json\/wp\/v2\/media?parent=1220"}],"curies":[{"name":"wp","href":"https:\/\/api.w.org\/{rel}","templated":true}]}}