{"id":2340,"date":"2015-02-19T12:05:50","date_gmt":"2015-02-19T11:05:50","guid":{"rendered":"http:\/\/www.irphstop.net\/?page_id=2340"},"modified":"2018-11-17T21:22:12","modified_gmt":"2018-11-17T19:22:12","slug":"nor-gara","status":"publish","type":"page","link":"https:\/\/irphstop.eus\/es\/nor-gara\/","title":{"rendered":"\u00bfQui\u00e9nes somos?"},"content":{"rendered":"<p><a style=\"line-height: 1.7;\" href=\"https:\/\/irphstop.eus\/wp-content\/uploads\/2013\/07\/Logo_blanco.jpg\" target=\"_blank\"><img loading=\"lazy\" decoding=\"async\" class=\"alignnone size-thumbnail wp-image-124\" alt=\"Logo_blanco\" src=\"https:\/\/irphstop.eus\/wp-content\/uploads\/2013\/07\/Logo_blanco-150x150.jpg\" width=\"150\" height=\"150\" \/><\/a> <a href=\"https:\/\/irphstop.eus\/wp-content\/uploads\/2013\/07\/Logo_nja-blanco.jpg\" target=\"_blank\"><img loading=\"lazy\" decoding=\"async\" class=\"alignnone size-thumbnail wp-image-126\" alt=\"Logo_nja-blanco\" src=\"https:\/\/irphstop.eus\/wp-content\/uploads\/2013\/07\/Logo_nja-blanco-150x150.jpg\" width=\"150\" height=\"150\" \/><\/a> <a style=\"color: #df0000;\" href=\"https:\/\/irphstop.eus\/wp-content\/uploads\/2013\/07\/Logo_naranja.jpg\" target=\"_blank\"><img loading=\"lazy\" decoding=\"async\" class=\"alignnone size-thumbnail wp-image-125\" alt=\"Logo_naranja\" src=\"https:\/\/irphstop.eus\/wp-content\/uploads\/2013\/07\/Logo_naranja-150x150.jpg\" width=\"150\" height=\"150\" \/><\/a><\/p>\n<p>\u00abIRPH Stop Gipuzkoa\u00bb, la plataforma de afectados por el IRPH de Gipuzkoa, surgi\u00f3 como un grupo de trabajo de Kaleratzeak Stop Desahucios (PAH) en Donostia, Gipuzkoa.<\/p>\n<p>Stop Desahucios de Donostialdea recibi\u00f3 en diciembre de 2012 el primer caso de afectados por IRPH, y observ\u00f3 c\u00f3mo un gran n\u00famero de personas afectadas por desahucios o con serias dificultades para hacer frente al pago de su hipoteca ten\u00edan un problema en com\u00fan: una hipoteca en Kutxa referida al \u00edndice IRPH Cajas. Con un Euribor en descenso, todas las cuotas hipotecarias bajaban salvo las de estas familias, que ve\u00edan crecer sus mensualidades. Por este motivo cre\u00f3 un grupo de trabajo con el objetivo inmediato de conseguir por parte de Kutxa la sustituci\u00f3n del IRPH Cajas, que ya estaba llamado a desaparecer, por el Euribor+1 ya previsto en sus contratos.<\/p>\n<p>En la primera mitad de 2013 m\u00e1s familias se suman al grupo. En julio de 2013 la plataforma crea su logotipo y pone en marcha esta p\u00e1gina web.<\/p>\n<p>La batalla inicial por una sustituci\u00f3n inmediata por parte de Kutxa se transforma muy pronto en una lucha global contra el IRPH. Actualmente, el objetivo de la plataforma es la desaparici\u00f3n del IRPH y  la devoluci\u00f3n de todo lo robado mediante cualquier variedad de IRPH por parte de todas las entidades bancarias a todas las personas afectadas durante toda la vidad de sus hipotecas, sin necesidad de acudir a tribunales.<\/p>","protected":false},"excerpt":{"rendered":"<p>\u00abIRPH Stop Gipuzkoa\u00bb, la plataforma de afectados por el IRPH de Gipuzkoa, surgi\u00f3 como un grupo de trabajo de Kaleratzeak Stop Desahucios (PAH) en Donostia, Gipuzkoa. Stop Desahucios de Donostialdea recibi\u00f3 en diciembre de 2012 el primer caso de afectados por IRPH, y observ\u00f3 c\u00f3mo un gran n\u00famero de personas afectadas por desahucios o con &hellip; <a href=\"https:\/\/irphstop.eus\/es\/nor-gara\/\" class=\"more-link\">Continue reading <span class=\"screen-reader-text\">\u00bfQui\u00e9nes somos?<\/span><\/a><\/p>\n","protected":false},"author":2,"featured_media":124,"parent":0,"menu_order":0,"comment_status":"open","ping_status":"open","template":"","meta":{"_monsterinsights_skip_tracking":false,"_monsterinsights_sitenote_active":false,"_monsterinsights_sitenote_note":"","_monsterinsights_sitenote_category":0,"footnotes":""},"class_list":["post-2340","page","type-page","status-publish","has-post-thumbnail","hentry"],"aioseo_notices":[],"_links":{"self":[{"href":"https:\/\/irphstop.eus\/es\/wp-json\/wp\/v2\/pages\/2340","targetHints":{"allow":["GET"]}}],"collection":[{"href":"https:\/\/irphstop.eus\/es\/wp-json\/wp\/v2\/pages"}],"about":[{"href":"https:\/\/irphstop.eus\/es\/wp-json\/wp\/v2\/types\/page"}],"author":[{"embeddable":true,"href":"https:\/\/irphstop.eus\/es\/wp-json\/wp\/v2\/users\/2"}],"replies":[{"embeddable":true,"href":"https:\/\/irphstop.eus\/es\/wp-json\/wp\/v2\/comments?post=2340"}],"version-history":[{"count":4,"href":"https:\/\/irphstop.eus\/es\/wp-json\/wp\/v2\/pages\/2340\/revisions"}],"predecessor-version":[{"id":4280,"href":"https:\/\/irphstop.eus\/es\/wp-json\/wp\/v2\/pages\/2340\/revisions\/4280"}],"wp:featuredmedia":[{"embeddable":true,"href":"https:\/\/irphstop.eus\/es\/wp-json\/wp\/v2\/media\/124"}],"wp:attachment":[{"href":"https:\/\/irphstop.eus\/es\/wp-json\/wp\/v2\/media?parent=2340"}],"curies":[{"name":"wp","href":"https:\/\/api.w.org\/{rel}","templated":true}]}}