{"id":2357,"date":"2015-02-19T13:49:43","date_gmt":"2015-02-19T12:49:43","guid":{"rendered":"http:\/\/www.irphstop.net\/?page_id=2357"},"modified":"2015-02-19T13:49:43","modified_gmt":"2015-02-19T12:49:43","slug":"pixkanaka","status":"publish","type":"page","link":"https:\/\/irphstop.eus\/es\/pixkanaka\/","title":{"rendered":"Pixkanaka"},"content":{"rendered":"<p>Pixkanaka, sindicato de Kutxa, ten\u00eda un representante en el Consejo de Administraci\u00f3n de Kutxa antes de su disoluci\u00f3n: Francisco Borja Garc\u00eda Santacruz. Vot\u00f3 siempre en contra de los afectados y a favor de prolongar al m\u00e1ximo la aplicaci\u00f3n de IRPH.<\/p>","protected":false},"excerpt":{"rendered":"<p>Pixkanaka, sindicato de Kutxa, ten\u00eda un representante en el Consejo de Administraci\u00f3n de Kutxa antes de su disoluci\u00f3n: Francisco Borja Garc\u00eda Santacruz. Vot\u00f3 siempre en contra de los afectados y a favor de prolongar al m\u00e1ximo la aplicaci\u00f3n de IRPH.<\/p>\n","protected":false},"author":2,"featured_media":0,"parent":0,"menu_order":0,"comment_status":"open","ping_status":"open","template":"","meta":{"_monsterinsights_skip_tracking":false,"_monsterinsights_sitenote_active":false,"_monsterinsights_sitenote_note":"","_monsterinsights_sitenote_category":0,"footnotes":""},"class_list":["post-2357","page","type-page","status-publish","hentry"],"aioseo_notices":[],"_links":{"self":[{"href":"https:\/\/irphstop.eus\/es\/wp-json\/wp\/v2\/pages\/2357","targetHints":{"allow":["GET"]}}],"collection":[{"href":"https:\/\/irphstop.eus\/es\/wp-json\/wp\/v2\/pages"}],"about":[{"href":"https:\/\/irphstop.eus\/es\/wp-json\/wp\/v2\/types\/page"}],"author":[{"embeddable":true,"href":"https:\/\/irphstop.eus\/es\/wp-json\/wp\/v2\/users\/2"}],"replies":[{"embeddable":true,"href":"https:\/\/irphstop.eus\/es\/wp-json\/wp\/v2\/comments?post=2357"}],"version-history":[{"count":0,"href":"https:\/\/irphstop.eus\/es\/wp-json\/wp\/v2\/pages\/2357\/revisions"}],"wp:attachment":[{"href":"https:\/\/irphstop.eus\/es\/wp-json\/wp\/v2\/media?parent=2357"}],"curies":[{"name":"wp","href":"https:\/\/api.w.org\/{rel}","templated":true}]}}