{"id":2359,"date":"2015-02-19T14:03:59","date_gmt":"2015-02-19T13:03:59","guid":{"rendered":"http:\/\/www.irphstop.net\/?page_id=2359"},"modified":"2015-02-19T14:03:59","modified_gmt":"2015-02-19T13:03:59","slug":"ccoo","status":"publish","type":"page","link":"https:\/\/irphstop.eus\/es\/ccoo\/","title":{"rendered":"CCOO"},"content":{"rendered":"<p>El sindicato CCOO ten\u00eda un representante en el Consejo de Administraci\u00f3n de Kutxa antes de su disoluci\u00f3n: Victoria Juana Alqu\u00e9zar Shepens (Vicky). Vot\u00f3 siempre en contra de los afectados y a favor de prolongar al m\u00e1ximo la aplicaci\u00f3n de IRPH.<\/p>\n<p>Cuando se conoci\u00f3 la primera sentencia que anulaba el IRPH y condenaba a Kutxabank, CCOO, en un intento de lavar su cara, emiti\u00f3 un comunicado pidiendo a Kutxabank que acatara la sentencia y no la recurriera. Adem\u00e1s Unai Sordo, el secretario general de CCOO en la CAV dijo en Twitter que el IRPH nunca fue votado en Kutxa. Era rigorusamente falso, y le respondieron en Twitter la coalici\u00f3n EH Bildu, la consejera de Kutxa Ainhoa Beola (EH Bildu) y nuestra plataforma:<\/p>\n<p><a href=\"https:\/\/irphstop.eus\/wp-content\/uploads\/2014\/05\/twitter_ccoo.jpg\"><img loading=\"lazy\" decoding=\"async\" src=\"https:\/\/irphstop.eus\/wp-content\/uploads\/2014\/05\/twitter_ccoo.jpg\" alt=\"twitter_ccoo\" width=\"564\" height=\"346\" class=\"alignnone size-full wp-image-1627\" \/><\/a><\/p>\n<p>Adem\u00e1s, cuando en la siguiente reuni\u00f3n del Consejo de Administraci\u00f3n de Kutxa se someti\u00f3 a votaci\u00f3n la propuesta de acatar la sentencia y no recurrirla, CCOO no la apoy\u00f3, y Kutxabank recurri\u00f3.<\/p>\n<p>Aqu\u00ed tienes todas las noticias que hemos publicado en nuestra p\u00e1gina relacionadas con CCOO:<\/p>\n<p><ul class=\"lcp_catlist\" id=\"lcp_instance_0\"><li><a href=\"https:\/\/irphstop.eus\/es\/gure-aldarrikapenak-kutxaren-administrazio-kontseiluan-onartuak-izan-dira\/\">Nuestras reivindicaciones son aprobadas por el consejo de administraci\u00f3n de Kutxa<\/a>  2014-05-30<\/li><li><a href=\"https:\/\/irphstop.eus\/es\/kriminalak-kutxaren-administrazio-kontseiluan\/\">Criminales en el Consejo de Administraci\u00f3n de Kutxa<\/a>  2013-11-30<\/li><li><a href=\"https:\/\/irphstop.eus\/es\/270-2\/\">IRPH en Kutxa: \u00a1caretas fuera!<\/a>  2013-08-26<\/li><\/ul><\/p>","protected":false},"excerpt":{"rendered":"<p>El sindicato CCOO ten\u00eda un representante en el Consejo de Administraci\u00f3n de Kutxa antes de su disoluci\u00f3n: Victoria Juana Alqu\u00e9zar Shepens (Vicky). Vot\u00f3 siempre en contra de los afectados y a favor de prolongar al m\u00e1ximo la aplicaci\u00f3n de IRPH. Cuando se conoci\u00f3 la primera sentencia que anulaba el IRPH y condenaba a Kutxabank, CCOO, &hellip; <a href=\"https:\/\/irphstop.eus\/es\/ccoo\/\" class=\"more-link\">Continue reading <span class=\"screen-reader-text\">CCOO<\/span><\/a><\/p>\n","protected":false},"author":2,"featured_media":0,"parent":0,"menu_order":0,"comment_status":"open","ping_status":"open","template":"","meta":{"_monsterinsights_skip_tracking":false,"_monsterinsights_sitenote_active":false,"_monsterinsights_sitenote_note":"","_monsterinsights_sitenote_category":0,"footnotes":""},"class_list":["post-2359","page","type-page","status-publish","hentry"],"aioseo_notices":[],"_links":{"self":[{"href":"https:\/\/irphstop.eus\/es\/wp-json\/wp\/v2\/pages\/2359","targetHints":{"allow":["GET"]}}],"collection":[{"href":"https:\/\/irphstop.eus\/es\/wp-json\/wp\/v2\/pages"}],"about":[{"href":"https:\/\/irphstop.eus\/es\/wp-json\/wp\/v2\/types\/page"}],"author":[{"embeddable":true,"href":"https:\/\/irphstop.eus\/es\/wp-json\/wp\/v2\/users\/2"}],"replies":[{"embeddable":true,"href":"https:\/\/irphstop.eus\/es\/wp-json\/wp\/v2\/comments?post=2359"}],"version-history":[{"count":0,"href":"https:\/\/irphstop.eus\/es\/wp-json\/wp\/v2\/pages\/2359\/revisions"}],"wp:attachment":[{"href":"https:\/\/irphstop.eus\/es\/wp-json\/wp\/v2\/media?parent=2359"}],"curies":[{"name":"wp","href":"https:\/\/api.w.org\/{rel}","templated":true}]}}