{"id":2510,"date":"2015-04-01T08:13:11","date_gmt":"2015-04-01T06:13:11","guid":{"rendered":"http:\/\/www.irphstop.net\/?page_id=2510"},"modified":"2015-04-01T08:13:11","modified_gmt":"2015-04-01T06:13:11","slug":"europa","status":"publish","type":"page","link":"https:\/\/irphstop.eus\/es\/europa\/","title":{"rendered":"EUROPA"},"content":{"rendered":"<p>https:\/\/www.youtube.com\/watch?v=1T_oq0shiCU<\/p>\n<p>Como puedes ver en el v\u00eddeo, nuestros abogados comparecieron en el Parlamento Europeo y encontramos all\u00ed un apoyo importante.<\/p>\n<p>Aqu\u00ed tienes todas las noticias que hemos publicado en nuestra p\u00e1gina relacionadas con las instituciones europeas:<\/p>\n<p><ul class=\"lcp_catlist\" id=\"lcp_instance_0\"><li><a href=\"https:\/\/irphstop.eus\/es\/espainiako-bankuak-europako-banku-zentralari-ematen-dizkion-datuak-ez-dira-utb-ezta-batezbesteko-sinpleak-ere\/\">Los datos que el Banco de Espa\u00f1a proporciona al Banco Central Europeo ni son TAE ni son media simple<\/a>  2025-11-30<\/li><li><a href=\"https:\/\/irphstop.eus\/es\/irph-europak-gorena-zuzendu-du-berriro-eta-kaltetuoi-arrazoia-eman-digu\/\">IRPH: Europa vuelve a corregir al Supremo y da la raz\u00f3n a las afectadas<\/a>  2024-12-12<\/li><li><a href=\"https:\/\/irphstop.eus\/es\/irpharen-inguruko-europako-epaia-abenduaren-12an-ebatziko-da\/\">La sentencia europea sobre IRPH ser\u00e1 publicada el 12 de diciembre<\/a>  2024-10-21<\/li><li><a href=\"https:\/\/irphstop.eus\/es\/irpharen-inguruko-europako-epai-berria-laister-ebatziko-da\/\">La nueva sentencia europea sobre IRPH ser\u00e1 dictada en breve<\/a>  2024-07-10<\/li><li><a href=\"https:\/\/irphstop.eus\/es\/irpharen-aurkako-epaiketa-berria-izango-da-europan\/\">Se acerca un nuevo juicio europeo al IRPH<\/a>  2024-01-26<\/li><li><a href=\"https:\/\/irphstop.eus\/es\/irph-europako-azken-epaiaren-ondoren-gorenak-oraindik-ere-ontzat-ematen-jarraitu-al-dezake\/\">IRPH: \u00bfPuede el Supremo seguir d\u00e1ndolo por v\u00e1lido tras la \u00faltima sentencia europea?<\/a>  2023-07-17<\/li><li><a href=\"https:\/\/irphstop.eus\/es\/irpharen-aurkako-epai-berria-europan-balorazioa-eta-argibideak\/\">Nueva sentencia europea contra el IRPH: valoraci\u00f3n y aclaraciones<\/a>  2023-07-13<\/li><li><a href=\"https:\/\/irphstop.eus\/es\/irph-donostiako-epaitegi-batek-gorenaren-irizpideen-inguruan-galdetu-dio-europari\/\">IRPH: un juzgado donostiarra pregunta al Tribunal europeo sobre la doctrina del Supremo<\/a>  2023-05-01<\/li><li><a href=\"https:\/\/irphstop.eus\/es\/erauskinek-europako-epaitegiaren-azken-epaiak-aztertu-ditu\/\">Erauskin valora los nuevos autos del TJUE sobre IRPH<\/a>  2022-01-16<\/li><li><a href=\"https:\/\/irphstop.eus\/es\/europar-epaitegiaren-epai-berria-premiazko-balorazioa\/\">Nueva sentencia del TJUE sobre IRPH: valoraci\u00f3n de urgencia<\/a>  2021-11-19<\/li><li><a href=\"https:\/\/irphstop.eus\/es\/psoe-pp-vox-eta-ciudadanos-ek-bat-egin-dute-irpharen-epai-europarrean-banketxeak-diru-publikoz-defendatzeko\/\">PSOE, PP, Vox y Ciudadanos unen fuerzas para defender a la banca con dinero p\u00fablico en el nuevo juicio europeo al IRPH<\/a>  2021-04-29<\/li><li><a href=\"https:\/\/irphstop.eus\/es\/espainiako-kongresuak-bihar-eztabaidatuko-du-irph-europan-egingo-zaion-epaiketa-berrian-gobernuak-izan-behar-duen-jarrera\/\">El Congreso debatir\u00e1 ma\u00f1ana la postura del Gobierno en el pr\u00f3ximo \u00abjuicio europeo al IRPH\u00bb<\/a>  2021-04-28<\/li><li><a href=\"https:\/\/irphstop.eus\/es\/espainiako-gobernuari-exijitu-diogu-ez-dezala-berriz-ere-banketxeen-alde-egin-europako-epaitegian\/\">Exigimos al Gobierno Espa\u00f1ol que no vuelva a defender a la banca ante el TJUE<\/a>  2021-02-25<\/li><li><a href=\"https:\/\/irphstop.eus\/es\/irpha-europako-epaitegira-itzuliko-da\/\">El IRPH vuelve al Tribunal Europeo<\/a>  2020-05-12<\/li><li><a href=\"https:\/\/irphstop.eus\/es\/sevillako-probintzia-auzitegiak-irpha-ontzat-eman-du-europako-epaiari-entzungor-eginda-estatu-osoan-zehar-epaitegiek-klausula-abusuzkotzat-jotzen-duten-bitartean-eta-gonzalez-de-audicana-berriz-galde\/\">La Audiencia Provincial de Sevilla da por bueno el IRPH desobedeciendo al TJUE mientras juzgados de todo el estado anulan la cl\u00e1usula por abusiva y Gonz\u00e1lez de Audicana se plantea volver a preguntar<\/a>  2020-05-10<\/li><li><a href=\"https:\/\/irphstop.eus\/es\/irpha-europako-epaiaren-ondoren-epaileek-argi-dute-abusuzkoa-dela-baina-bartzelonako-probintzia-auzitegiak-aurkakoa-esan-du-prebarikaziora-hurbilduz\/\">IRPH tras la sentencia del TJUE: los jueces tienen claro que es abusivo, pero la Audiencia Provincial de Barcelona discrepa, rozando la prevaricaci\u00f3n<\/a>  2020-05-03<\/li><li><a href=\"https:\/\/irphstop.eus\/es\/europar-epaitegiaren-epaia-irph-stop-gipuzkoaren-azterketa-eta-balorazioa\/\">Sentencia del TJUE: an\u00e1lisis y valoraci\u00f3n de IRPH Stop Gipuzkoa<\/a>  2020-03-10<\/li><li><a href=\"https:\/\/irphstop.eus\/es\/jose-maria-erauskini-elkarrizketa-europaren-epaiaren-ondotik\/\">Entrevista a Jos\u00e9 Mar\u00eda Erauskin tras la sentencia del TJUE<\/a>  2020-03-04<\/li><li><a href=\"https:\/\/irphstop.eus\/es\/banketxeak-gezurretan-ari-dira-europako-epaiaren-inuguruko-beraien-oharra-gezurtatzen-dugu\/\">La banca miente: desmentimos el comunicado de la banca sobre la sentencia del TJUE<\/a>  2020-03-03<\/li><li><a href=\"https:\/\/irphstop.eus\/es\/irph-europaren-epaiaren-lehen-balorazioa\/\">IRPH: primera valoraci\u00f3n de la sentencia del TJUE<\/a>  2020-03-03<\/li><li><a href=\"https:\/\/irphstop.eus\/es\/irpha-europako-epaitegian-epaia-ulertzeko-gida\/\">IRPH en el TJUE: gu\u00eda para entender la sentencia<\/a>  2020-02-27<\/li><li><a href=\"https:\/\/irphstop.eus\/es\/europako-epaitegiaren-epaiaren-atzerako-kontaketa\/\">Cuenta atr\u00e1s para la sentencia del TJUE sobre #IRPHestafa<\/a>  2020-02-07<\/li><li><a href=\"https:\/\/irphstop.eus\/es\/irpharen-inguruko-europako-epaia-2020ko-martxoaren-3an-ezagutuko-dugu\/\">La sentencia europea sobre IRPH ya tiene fecha: 3 de marzo de 2020<\/a>  2020-02-07<\/li><li><a href=\"https:\/\/irphstop.eus\/es\/zenbat-denbora-beharko-du-irpharen-inguruko-europaren-epaiak\/\">\u00bfCu\u00e1nto tardar\u00e1 la sentencia europea sobre el IRPH?<\/a>  2019-09-21<\/li><li><a href=\"https:\/\/irphstop.eus\/es\/abokatu-nagusiaren-ondorioak-irph-stop-gipuzkoaren-analisia\/\">Conclusiones del Abogado General: an\u00e1lisis de IRPH Stop Gipuzkoa<\/a>  2019-09-18<\/li><li><a href=\"https:\/\/irphstop.eus\/es\/abokatu-nagusiak-arrazoia-eman-digu-premiazko-balorazioa\/\">El Abogado General nos da la raz\u00f3n: valoraci\u00f3n de urgencia<\/a>  2019-09-10<\/li><li><a href=\"https:\/\/irphstop.eus\/es\/europar-epaitegiko-abokatu-nagusiak-arrazoia-eman-digu\/\">El Abogado General del TJUE nos da la raz\u00f3n<\/a>  2019-09-10<\/li><li><a href=\"https:\/\/irphstop.eus\/es\/luxenburgetik-lehen-albisteak\/\">Primeras noticias desde Luxemburgo<\/a>  2019-09-10<\/li><li><a href=\"https:\/\/irphstop.eus\/es\/irpha-europako-epaitegian-prozesua-ulertzeko-gida\/\">IRPH en el TJUE: gu\u00eda para entender el proceso<\/a>  2019-09-07<\/li><li><a href=\"https:\/\/irphstop.eus\/es\/kutxabank-europak-irpharen-aurka-egiten-badu-kalte-handiena-izango-duen-banketxea\/\">Kutxabank, la entidad m\u00e1s afectada si el TJUE dicta en contra del IRPH<\/a>  2019-09-02<\/li><li><a href=\"https:\/\/irphstop.eus\/es\/europako-batzordeak-eta-europako-banku-zentralak-irpha-baliogabetzen-duen-epai-bat-posible-ikusten-dute\/\">La Comisi\u00f3n Europea y el BCE consideran factible una sentencia de nulidad del IRPH<\/a>  2019-07-07<\/li><li><a href=\"https:\/\/irphstop.eus\/es\/bankiak-gezurra-esan-zion-europako-epaitegiari-irph-maileguak-ez-dira-sekula-bataz-bestekoaren-azpitik-egon\/\">Bankia minti\u00f3 al TJUE: las hipotecas IRPH nunca han estado por debajo de la media<\/a>  2019-03-12<\/li><li><a href=\"https:\/\/irphstop.eus\/es\/espainiako-gorteak-disolbatuko-dira-irpharen-europako-epaiketa-eztabaidatu-gabe\/\">Se disuelven las cortes espa\u00f1olas sin debatir sobre el juicio al IRPH en el TJUE<\/a>  2019-03-03<\/li><li><a href=\"https:\/\/irphstop.eus\/es\/abokatu-nagusiak-ekainaren-24ean-goizeko-930tan-aurkeztuko-ditu-bere-ondorioak\/\">El Abogado General presentar\u00e1 sus conclusiones el 24 de junio a las 9:30<\/a>  2019-03-03<\/li><li><a href=\"https:\/\/irphstop.eus\/es\/marco-aguiriano-europarako-estatu-idazkariak-irpharen-kaltedunoi-burla-egin-eta-espekulatzea-egotzi-digu\/\">Marco Aguiriano, Secretario de Estado para la UE, se burla de las v\u00edctimas de IRPH y nos tilda de especuladores<\/a>  2019-03-02<\/li><li><a href=\"https:\/\/irphstop.eus\/es\/irphari-luxenburgon-egindako-epaiketa-albistegietan\/\">El juicio al IRPH en Luxemburgo, en las noticias<\/a>  2019-03-01<\/li><li><a href=\"https:\/\/irphstop.eus\/es\/vista-oral-en-el-tribunal-europeo-cronica-y-valoracion-de-irph-stop-gipuzkoa\/\">Vista oral en el Tribunal Europeo: cr\u00f3nica y valoraci\u00f3n de IRPH Stop Gipuzkoa<\/a>  2019-02-25<\/li><li><a href=\"https:\/\/irphstop.eus\/es\/iritsi-da-eguna-irpha-epaituko-da-gaur-europar-batasuneko-epaitegian\/\">Ha llegado el d\u00eda: sentamos al IRPH en el banquillo del TJUE<\/a>  2019-02-25<\/li><li><a href=\"https:\/\/irphstop.eus\/es\/jose-maria-erauskini-elkarrizketa-luxenburgora-europako-epaitegira-bidaiatu-bezperatan\/\">Entrevista a Jos\u00e9 Mar\u00eda Erauskin en v\u00edsperas de su viaje a Luxemburgo para la vista en el TJUE<\/a>  2019-02-21<\/li><li><a href=\"https:\/\/irphstop.eus\/es\/egun-gutxi-barru-izango-da-irphari-epaiketa-europan\/\">S\u00f3lo unos d\u00edas para el \u201cjuicio al IRPH\u201d en Europa<\/a>  2019-02-18<\/li><li><a href=\"https:\/\/irphstop.eus\/es\/espainiar-estatuak-irpharen-inguruan-europako-epaitegian-izan-behar-duen-jarrera-eztabaidatuko-du-kongresuak\/\">El Congreso debatir\u00e1 sobre la postura de Espa\u00f1a respecto al IRPH en el Tribunal de Justicia de la UE<\/a>  2018-11-19<\/li><li><a href=\"https:\/\/irphstop.eus\/es\/irph-espainiako-gobernuak-europar-epaitegian-hitza-hartu-du-banketxeen-alde-egiteko\/\">IRPH: el gobierno espa\u00f1ol mueve ficha ante el TJUE para defender a la banca<\/a>  2018-10-18<\/li><li><a href=\"https:\/\/irphstop.eus\/es\/europako-batzordea-irpharen-kaltedunen-alde-eta-espainiako-auzitegi-gorenaren-aurka\/\">La Comisi\u00f3n Europea, a favor de los afectados por IRPH y en contra del Tribunal Supremo<\/a>  2018-09-23<\/li><li><a href=\"https:\/\/irphstop.eus\/es\/europako-epaitegiek-irpha-epaitu-atarian-gobernuari-galdera-egin-dio-en-marea-unidos-podemos-taldeak\/\">En Marea &#8211; Unidos Podemos pregunta al gobierno sobre el IRPH a las puertas de ser juzgado por el TJUE<\/a>  2018-04-24<\/li><li><a href=\"https:\/\/irphstop.eus\/es\/eh-bilduk-espainiako-gobernuari-galdetu-dio-europar-batasuneko-epaitegietan-irpharen-inguruko-kasuan-izango-duen-jarrerari-buruz\/\">EH Bildu pregunta al gobierno espa\u00f1ol sobre su postura ante la cuesti\u00f3n del IRPH en el TJUE<\/a>  2018-04-12<\/li><li><a href=\"https:\/\/irphstop.eus\/es\/europar-batasuneko-justizia-epaitegiak-irpharen-inguruko-prozedura-abian-jarri-du-baina-ez-premiazko-bidetik\/\">El TJUE pone en marcha el procedimiento sobre IRPH, aunque no por la v\u00eda de urgencia<\/a>  2018-04-12<\/li><li><a href=\"https:\/\/irphstop.eus\/es\/europar-epaitegiak-tramitera-onartu-du-irpharen-inguruko-galdera\/\">El TJUE admite a tr\u00e1mite una cuesti\u00f3n prejudicial sobre IRPH<\/a>  2018-02-20<\/li><li><a href=\"https:\/\/irphstop.eus\/es\/europako-justizia-epaitegiaren-azken-epaiak-irpharen-aurkako-argudioak-ematen-ditu\/\">La reciente sentencia del TJUE aporta argumentos contra el IRPH<\/a>  2017-01-30<\/li><li><a href=\"https:\/\/irphstop.eus\/es\/zertan-eragiten-digu-zoru-klausulen-inguruko-europako-epaiak-irpharen-kaltedunoi\/\">\u00bfC\u00f3mo afecta la sentencia europea sobre cl\u00e1usulas suelo a los afectados por IRPH?<\/a>  2017-01-06<\/li><li><a href=\"https:\/\/irphstop.eus\/es\/euroguneko-irpharen-inguruko-txostena\/\">Informe sobre el IRPH de la zona euro<\/a>  2016-11-01<\/li><li><a href=\"https:\/\/irphstop.eus\/es\/izaskun-bilbao-pnv-ko-europarlamentariari-erantzuna\/\">Respuesta a la europarlamentaria del PNV Izaskun Bilbao<\/a>  2016-10-23<\/li><li><a href=\"https:\/\/irphstop.eus\/es\/erreferentzia-indizeen-inguruko-europako-araudi-berria-onartu-dute-baina-ez-du-irphan-eraginik-izango\/\">Aprobado el nuevo reglamento europeo sobre \u00edndices de referencia, no tendr\u00e1 efecto alguno sobre el IRPH<\/a>  2016-04-28<\/li><li><a href=\"https:\/\/irphstop.eus\/es\/erreferentzia-indizeen-inguruko-europako-araudi-berria-apirilaren-12an-onartuko-dute-eta-ez-du-irphan-eraginik-izango\/\">El nuevo reglamento europeo sobre \u00edndices de referencia ser\u00e1 aprobado el 12 de abril y no tendr\u00e1 efecto sobre el IRPH [ACTUALIZACI\u00d3N: se retrasa la votaci\u00f3n<\/a>  2016-04-04<\/li><li><a href=\"https:\/\/irphstop.eus\/es\/erreferentzia-indizeen-inguruko-europako-araudi-berriaren-proiektuak-aurrera-darrai-irpha-pp-psoe-eta-pnvren-erabakiz-salbatzen-delarik\/\">El proyecto de nuevo reglamento europeo sobre \u00edndices de referencia sigue adelante, y el IRPH se libra por decisi\u00f3n de PP, PSOE y PNV<\/a>  2015-12-16<\/li><li><a href=\"https:\/\/irphstop.eus\/es\/horrela-salbatu-zuen-psoek-irpha-europako-parlamentuan\/\">As\u00ed salv\u00f3 el PSOE al IRPH en el Parlamento Europeo<\/a>  2015-10-14<\/li><li><a href=\"https:\/\/irphstop.eus\/es\/pp-eta-psoek-europako-parlamentuak-irpha-gaitzestea-eragotzi-dute\/\">PP y PSOE evitan que el Parlamento Europeo rechace el IRPH<\/a>  2015-10-09<\/li><li><a href=\"https:\/\/irphstop.eus\/es\/elkarretaratzea-eta-bi-albiste-garrantzitsu\/\">Concentraci\u00f3n y dos noticias importantes<\/a>  2015-06-19<\/li><li><a href=\"https:\/\/irphstop.eus\/es\/alderdien-erreakzioak\/\">Reacciones de los partidos<\/a>  2015-05-21<\/li><li><a href=\"https:\/\/irphstop.eus\/es\/pp-psoe-eta-pnvk-irpha-babestu-dute-europako-araudi-berriaren-aurrean\/\">PP, PSOE y PNV defienden al IRPH frente al nuevo reglamento europeo<\/a>  2015-05-19<\/li><li><a href=\"https:\/\/irphstop.eus\/es\/europak-irpharekin-amaitu-dezakeen-araudia-bozkatuko-du-maiatzaren-19an\/\">Europa votar\u00e1 el 19 de mayo un nuevo reglamento que podr\u00eda poner fin al IRPH<\/a>  2015-05-18<\/li><li><a href=\"https:\/\/irphstop.eus\/es\/europak-irpha-baliogabetu-dezake-datorren-astean\/\">Europa podr\u00eda acabar con el IRPH la semana que viene<\/a>  2015-05-11<\/li><li><a href=\"https:\/\/irphstop.eus\/es\/europako-parlamenturako-sinadura-bilketa\/\">Recogida de firmas para el Parlamento Europeo<\/a>  2015-04-22<\/li><li><a href=\"https:\/\/irphstop.eus\/es\/europako-parlamentuko-agerraldiaren-bideoak\/\">V\u00eddeos de la intervenci\u00f3n en el Parlamento Europeo<\/a>  2015-04-18<\/li><li><a href=\"https:\/\/irphstop.eus\/es\/prentsa-oharra-irph-stop-gipuzkoaren-agerraldia-europako-parlamentuan\/\">Comunicado: comparecencia de IRPH Stop Gipuzkoa en el Parlamento Europeo<\/a>  2015-04-16<\/li><li><a href=\"https:\/\/irphstop.eus\/es\/gaur-irphstopeuropa\/\">Hoy #IRPHstopEuropa<\/a>  2015-04-16<\/li><li><a href=\"https:\/\/irphstop.eus\/es\/ostegunean-irpharen-abusua-europan-salatuko-dugu\/\">El jueves denunciaremos el abuso del IRPH en Europa<\/a>  2015-04-14<\/li><li><a href=\"https:\/\/irphstop.eus\/es\/irph-stop-gipuzkoak-agerraldia-egingo-du-europako-parlamentuan\/\">IRPH Stop Gipuzkoa comparecer\u00e1 en el Parlamento Europeo<\/a>  2015-03-30<\/li><li><a href=\"https:\/\/irphstop.eus\/es\/europa-irpha-ezabatzeko-lanean-dabil\/\">Europa trabaja para anular el IRPH<\/a>  2014-09-02<\/li><\/ul><\/p>","protected":false},"excerpt":{"rendered":"<p>https:\/\/www.youtube.com\/watch?v=1T_oq0shiCU Como puedes ver en el v\u00eddeo, nuestros abogados comparecieron en el Parlamento Europeo y encontramos all\u00ed un apoyo importante. Aqu\u00ed tienes todas las noticias que hemos publicado en nuestra p\u00e1gina relacionadas con las instituciones europeas:<\/p>\n","protected":false},"author":2,"featured_media":0,"parent":0,"menu_order":0,"comment_status":"open","ping_status":"open","template":"","meta":{"_monsterinsights_skip_tracking":false,"_monsterinsights_sitenote_active":false,"_monsterinsights_sitenote_note":"","_monsterinsights_sitenote_category":0,"footnotes":""},"class_list":["post-2510","page","type-page","status-publish","hentry"],"aioseo_notices":[],"_links":{"self":[{"href":"https:\/\/irphstop.eus\/es\/wp-json\/wp\/v2\/pages\/2510","targetHints":{"allow":["GET"]}}],"collection":[{"href":"https:\/\/irphstop.eus\/es\/wp-json\/wp\/v2\/pages"}],"about":[{"href":"https:\/\/irphstop.eus\/es\/wp-json\/wp\/v2\/types\/page"}],"author":[{"embeddable":true,"href":"https:\/\/irphstop.eus\/es\/wp-json\/wp\/v2\/users\/2"}],"replies":[{"embeddable":true,"href":"https:\/\/irphstop.eus\/es\/wp-json\/wp\/v2\/comments?post=2510"}],"version-history":[{"count":0,"href":"https:\/\/irphstop.eus\/es\/wp-json\/wp\/v2\/pages\/2510\/revisions"}],"wp:attachment":[{"href":"https:\/\/irphstop.eus\/es\/wp-json\/wp\/v2\/media?parent=2510"}],"curies":[{"name":"wp","href":"https:\/\/api.w.org\/{rel}","templated":true}]}}