{"id":2518,"date":"2015-04-01T08:48:22","date_gmt":"2015-04-01T06:48:22","guid":{"rendered":"http:\/\/www.irphstop.net\/?page_id=2518"},"modified":"2017-09-16T21:34:45","modified_gmt":"2017-09-16T19:34:45","slug":"espainiako-kongresu-eta-senatua","status":"publish","type":"page","link":"https:\/\/irphstop.eus\/es\/espainiako-kongresu-eta-senatua\/","title":{"rendered":"Congreso y Senado"},"content":{"rendered":"<p><img loading=\"lazy\" decoding=\"async\" src=\"https:\/\/irphstop.eus\/wp-content\/uploads\/2017\/02\/congresodiputados-1.jpg\" alt=\"\" width=\"849\" height=\"563\" class=\"alignnone size-full wp-image-3580\" srcset=\"https:\/\/irphstop.eus\/wp-content\/uploads\/2017\/02\/congresodiputados-1.jpg 849w, https:\/\/irphstop.eus\/wp-content\/uploads\/2017\/02\/congresodiputados-1-300x199.jpg 300w, https:\/\/irphstop.eus\/wp-content\/uploads\/2017\/02\/congresodiputados-1-768x509.jpg 768w\" sizes=\"auto, (max-width: 849px) 100vw, 849px\" \/><\/p>\n<p>Aqu\u00ed tienes todas las noticias que hemos publicado en nuestra p\u00e1gina relacionadas con el Congreso y Senado de Espa\u00f1a:<\/p>\n<p><ul class=\"lcp_catlist\" id=\"lcp_instance_0\"><li><a href=\"https:\/\/irphstop.eus\/es\/psoe-pp-vox-eta-ciudadanos-ek-bat-egin-dute-irpharen-epai-europarrean-banketxeak-diru-publikoz-defendatzeko\/\">PSOE, PP, Vox y Ciudadanos unen fuerzas para defender a la banca con dinero p\u00fablico en el nuevo juicio europeo al IRPH<\/a>  2021-04-29<\/li><li><a href=\"https:\/\/irphstop.eus\/es\/espainiako-kongresuak-bihar-eztabaidatuko-du-irph-europan-egingo-zaion-epaiketa-berrian-gobernuak-izan-behar-duen-jarrera\/\">El Congreso debatir\u00e1 ma\u00f1ana la postura del Gobierno en el pr\u00f3ximo \u00abjuicio europeo al IRPH\u00bb<\/a>  2021-04-28<\/li><li><a href=\"https:\/\/irphstop.eus\/es\/espainiako-gobernuari-exijitu-diogu-ez-dezala-berriz-ere-banketxeen-alde-egin-europako-epaitegian\/\">Exigimos al Gobierno Espa\u00f1ol que no vuelva a defender a la banca ante el TJUE<\/a>  2021-02-25<\/li><li><a href=\"https:\/\/irphstop.eus\/es\/psoe-eta-unidas-podemos-en-gobernuak-ez-die-erantzuten-irpha-bertan-behera-uzteko-eskaerei\/\">El gobierno de PSOE y Unidas Podemos no responde a las peticiones de derogaci\u00f3n del IRPH<\/a>  2021-02-25<\/li><li><a href=\"https:\/\/irphstop.eus\/es\/espainiako-gorteak-disolbatuko-dira-irpharen-europako-epaiketa-eztabaidatu-gabe\/\">Se disuelven las cortes espa\u00f1olas sin debatir sobre el juicio al IRPH en el TJUE<\/a>  2019-03-03<\/li><li><a href=\"https:\/\/irphstop.eus\/es\/espainiar-estatuak-irpharen-inguruan-europako-epaitegian-izan-behar-duen-jarrera-eztabaidatuko-du-kongresuak\/\">El Congreso debatir\u00e1 sobre la postura de Espa\u00f1a respecto al IRPH en el Tribunal de Justicia de la UE<\/a>  2018-11-19<\/li><li><a href=\"https:\/\/irphstop.eus\/es\/zure-babesa-behar-dugu-madrilgo-kongresura-iristeko\/\">Necesitamos tu apoyo para llegar al Congreso<\/a>  2018-11-14<\/li><li><a href=\"https:\/\/irphstop.eus\/es\/europako-epaitegiek-irpha-epaitu-atarian-gobernuari-galdera-egin-dio-en-marea-unidos-podemos-taldeak\/\">En Marea &#8211; Unidos Podemos pregunta al gobierno sobre el IRPH a las puertas de ser juzgado por el TJUE<\/a>  2018-04-24<\/li><li><a href=\"https:\/\/irphstop.eus\/es\/eh-bilduk-espainiako-gobernuari-galdetu-dio-europar-batasuneko-epaitegietan-irpharen-inguruko-kasuan-izango-duen-jarrerari-buruz\/\">EH Bildu pregunta al gobierno espa\u00f1ol sobre su postura ante la cuesti\u00f3n del IRPH en el TJUE<\/a>  2018-04-12<\/li><li><a href=\"https:\/\/irphstop.eus\/es\/espainiako-gobernuak-irpharen-inguruko-galdera-sorta-bati-erantzun-beharko-dio-idatziz\/\">El gobierno espa\u00f1ol tendr\u00e1 que responder por escrito a preguntas sobre el IRPH<\/a>  2017-04-05<\/li><li><a href=\"https:\/\/irphstop.eus\/es\/irph-stop-gipuzkoa-elkartearen-abokatuek-agerraldia-egingo-dute-kongresuan\/\">Los abogados de IRPH Stop Gipuzkoa comparecer\u00e1n en el Congreso<\/a>  2017-02-14<\/li><li><a href=\"https:\/\/irphstop.eus\/es\/irpha-twitter-eko-hauteskunde-kanpainan-oraingoan-ciudadanos-en-eskutik\/\">El IRPH en la campa\u00f1a electoral en Twitter, esta vez de la mano de Ciudadanos<\/a>  2016-06-16<\/li><li><a href=\"https:\/\/irphstop.eus\/es\/irpha-kanpainan-sartzen-da-unidos-podemos-en-eskutik\/\">El IRPH entra en campa\u00f1a, de la mano de Unidos Podemos<\/a>  2016-06-09<\/li><li><a href=\"https:\/\/irphstop.eus\/es\/gobernuak-ez-du-erantzuten-eta-irpharen-gardentasun-eza-babesten-du\/\">El gobierno no responde y ampara la falta de transparencia del IRPH<\/a>  2014-05-17<\/li><li><a href=\"https:\/\/irphstop.eus\/es\/amaiur-irphagatik-gobernuari-kontu-eske\/\">Amaiur cuestiona al gobierno sobre IRPH<\/a>  2014-03-17<\/li><li><a href=\"https:\/\/irphstop.eus\/es\/ordezko-indizea-onartua\/\">Aprobado el \u00edndice sustitutivo<\/a>  2013-09-20<\/li><li><a href=\"https:\/\/irphstop.eus\/es\/irph-entidades-ek-senatuako-tramitea-igaro-du\/\">El IRPH Entidades supera el tr\u00e1mite del Senado<\/a>  2013-09-13<\/li><li><a href=\"https:\/\/irphstop.eus\/es\/pp-k-bihar-inposatu-nahi-du-irph-entidades-ordezko-bezala\/\">El PP quiere imponer ma\u00f1ana el IRPH Entidades como sustitutivo<\/a>  2013-09-10<\/li><\/ul><\/p>","protected":false},"excerpt":{"rendered":"<p>Aqu\u00ed tienes todas las noticias que hemos publicado en nuestra p\u00e1gina relacionadas con el Congreso y Senado de Espa\u00f1a:<\/p>\n","protected":false},"author":2,"featured_media":3580,"parent":0,"menu_order":0,"comment_status":"open","ping_status":"open","template":"","meta":{"_monsterinsights_skip_tracking":false,"_monsterinsights_sitenote_active":false,"_monsterinsights_sitenote_note":"","_monsterinsights_sitenote_category":0,"footnotes":""},"class_list":["post-2518","page","type-page","status-publish","has-post-thumbnail","hentry"],"aioseo_notices":[],"_links":{"self":[{"href":"https:\/\/irphstop.eus\/es\/wp-json\/wp\/v2\/pages\/2518","targetHints":{"allow":["GET"]}}],"collection":[{"href":"https:\/\/irphstop.eus\/es\/wp-json\/wp\/v2\/pages"}],"about":[{"href":"https:\/\/irphstop.eus\/es\/wp-json\/wp\/v2\/types\/page"}],"author":[{"embeddable":true,"href":"https:\/\/irphstop.eus\/es\/wp-json\/wp\/v2\/users\/2"}],"replies":[{"embeddable":true,"href":"https:\/\/irphstop.eus\/es\/wp-json\/wp\/v2\/comments?post=2518"}],"version-history":[{"count":1,"href":"https:\/\/irphstop.eus\/es\/wp-json\/wp\/v2\/pages\/2518\/revisions"}],"predecessor-version":[{"id":3902,"href":"https:\/\/irphstop.eus\/es\/wp-json\/wp\/v2\/pages\/2518\/revisions\/3902"}],"wp:featuredmedia":[{"embeddable":true,"href":"https:\/\/irphstop.eus\/es\/wp-json\/wp\/v2\/media\/3580"}],"wp:attachment":[{"href":"https:\/\/irphstop.eus\/es\/wp-json\/wp\/v2\/media?parent=2518"}],"curies":[{"name":"wp","href":"https:\/\/api.w.org\/{rel}","templated":true}]}}