{"id":2521,"date":"2015-04-01T09:00:07","date_gmt":"2015-04-01T07:00:07","guid":{"rendered":"http:\/\/www.irphstop.net\/?page_id=2521"},"modified":"2015-04-01T09:00:07","modified_gmt":"2015-04-01T07:00:07","slug":"ezker-anitza-izquierda-unida","status":"publish","type":"page","link":"https:\/\/irphstop.eus\/es\/ezker-anitza-izquierda-unida\/","title":{"rendered":"EZKER ANITZA &#8211; IZQUIERDA UNIDA"},"content":{"rendered":"<p>Aqu\u00ed tienes todas las noticias que hemos publicado en nuestra p\u00e1gina relacionadas con Ezker Anitza &#8211; Izquierda Unida:<\/p>\n<p><ul class=\"lcp_catlist\" id=\"lcp_instance_0\"><li><a href=\"https:\/\/irphstop.eus\/es\/psoe-eta-unidas-podemos-en-gobernuak-ez-die-erantzuten-irpha-bertan-behera-uzteko-eskaerei\/\">El gobierno de PSOE y Unidas Podemos no responde a las peticiones de derogaci\u00f3n del IRPH<\/a>  2021-02-25<\/li><li><a href=\"https:\/\/irphstop.eus\/es\/espainiako-gorteak-disolbatuko-dira-irpharen-europako-epaiketa-eztabaidatu-gabe\/\">Se disuelven las cortes espa\u00f1olas sin debatir sobre el juicio al IRPH en el TJUE<\/a>  2019-03-03<\/li><li><a href=\"https:\/\/irphstop.eus\/es\/espainiar-estatuak-irpharen-inguruan-europako-epaitegian-izan-behar-duen-jarrera-eztabaidatuko-du-kongresuak\/\">El Congreso debatir\u00e1 sobre la postura de Espa\u00f1a respecto al IRPH en el Tribunal de Justicia de la UE<\/a>  2018-11-19<\/li><li><a href=\"https:\/\/irphstop.eus\/es\/irpha-kanpainan-sartzen-da-unidos-podemos-en-eskutik\/\">El IRPH entra en campa\u00f1a, de la mano de Unidos Podemos<\/a>  2016-06-09<\/li><li><a href=\"https:\/\/irphstop.eus\/es\/erreferentzia-indizeen-inguruko-europako-araudi-berria-onartu-dute-baina-ez-du-irphan-eraginik-izango\/\">Aprobado el nuevo reglamento europeo sobre \u00edndices de referencia, no tendr\u00e1 efecto alguno sobre el IRPH<\/a>  2016-04-28<\/li><li><a href=\"https:\/\/irphstop.eus\/es\/erreferentzia-indizeen-inguruko-europako-araudi-berria-apirilaren-12an-onartuko-dute-eta-ez-du-irphan-eraginik-izango\/\">El nuevo reglamento europeo sobre \u00edndices de referencia ser\u00e1 aprobado el 12 de abril y no tendr\u00e1 efecto sobre el IRPH [ACTUALIZACI\u00d3N: se retrasa la votaci\u00f3n<\/a>  2016-04-04<\/li><li><a href=\"https:\/\/irphstop.eus\/es\/erreferentzia-indizeen-inguruko-europako-araudi-berriaren-proiektuak-aurrera-darrai-irpha-pp-psoe-eta-pnvren-erabakiz-salbatzen-delarik\/\">El proyecto de nuevo reglamento europeo sobre \u00edndices de referencia sigue adelante, y el IRPH se libra por decisi\u00f3n de PP, PSOE y PNV<\/a>  2015-12-16<\/li><li><a href=\"https:\/\/irphstop.eus\/es\/pp-eta-psoek-europako-parlamentuak-irpha-gaitzestea-eragotzi-dute\/\">PP y PSOE evitan que el Parlamento Europeo rechace el IRPH<\/a>  2015-10-09<\/li><li><a href=\"https:\/\/irphstop.eus\/es\/pnv-eta-pseren-erasoari-erantzun\/\">Respondamos al ataque de PNV y PSE<\/a>  2015-08-10<\/li><li><a href=\"https:\/\/irphstop.eus\/es\/elkarretaratzea-eta-bi-albiste-garrantzitsu\/\">Concentraci\u00f3n y dos noticias importantes<\/a>  2015-06-19<\/li><li><a href=\"https:\/\/irphstop.eus\/es\/alderdien-erreakzioak\/\">Reacciones de los partidos<\/a>  2015-05-21<\/li><li><a href=\"https:\/\/irphstop.eus\/es\/pp-psoe-eta-pnvk-irpha-babestu-dute-europako-araudi-berriaren-aurrean\/\">PP, PSOE y PNV defienden al IRPH frente al nuevo reglamento europeo<\/a>  2015-05-19<\/li><li><a href=\"https:\/\/irphstop.eus\/es\/europak-irpha-baliogabetu-dezake-datorren-astean\/\">Europa podr\u00eda acabar con el IRPH la semana que viene<\/a>  2015-05-11<\/li><li><a href=\"https:\/\/irphstop.eus\/es\/europako-parlamentuko-agerraldiaren-bideoak\/\">V\u00eddeos de la intervenci\u00f3n en el Parlamento Europeo<\/a>  2015-04-18<\/li><li><a href=\"https:\/\/irphstop.eus\/es\/dekalogoak-izan-dituen-atxikimenduen-aurkezpena\/\">Presentaci\u00f3n de las adhesiones al Dec\u00e1logo<\/a>  2015-03-25<\/li><li><a href=\"https:\/\/irphstop.eus\/es\/irph-entidades-inguruko-salaketa-epaiaren-zain\/\">Vista para sentencia la demanda contra IRPH Entidades<\/a>  2014-09-22<\/li><\/ul><\/p>","protected":false},"excerpt":{"rendered":"<p>Aqu\u00ed tienes todas las noticias que hemos publicado en nuestra p\u00e1gina relacionadas con Ezker Anitza &#8211; Izquierda Unida:<\/p>\n","protected":false},"author":2,"featured_media":0,"parent":0,"menu_order":0,"comment_status":"open","ping_status":"open","template":"","meta":{"_monsterinsights_skip_tracking":false,"_monsterinsights_sitenote_active":false,"_monsterinsights_sitenote_note":"","_monsterinsights_sitenote_category":0,"footnotes":""},"class_list":["post-2521","page","type-page","status-publish","hentry"],"aioseo_notices":[],"_links":{"self":[{"href":"https:\/\/irphstop.eus\/es\/wp-json\/wp\/v2\/pages\/2521","targetHints":{"allow":["GET"]}}],"collection":[{"href":"https:\/\/irphstop.eus\/es\/wp-json\/wp\/v2\/pages"}],"about":[{"href":"https:\/\/irphstop.eus\/es\/wp-json\/wp\/v2\/types\/page"}],"author":[{"embeddable":true,"href":"https:\/\/irphstop.eus\/es\/wp-json\/wp\/v2\/users\/2"}],"replies":[{"embeddable":true,"href":"https:\/\/irphstop.eus\/es\/wp-json\/wp\/v2\/comments?post=2521"}],"version-history":[{"count":0,"href":"https:\/\/irphstop.eus\/es\/wp-json\/wp\/v2\/pages\/2521\/revisions"}],"wp:attachment":[{"href":"https:\/\/irphstop.eus\/es\/wp-json\/wp\/v2\/media?parent=2521"}],"curies":[{"name":"wp","href":"https:\/\/api.w.org\/{rel}","templated":true}]}}