{"id":2563,"date":"2015-04-07T14:00:42","date_gmt":"2015-04-07T12:00:42","guid":{"rendered":"http:\/\/www.irphstop.net\/?page_id=2563"},"modified":"2018-11-17T22:04:28","modified_gmt":"2018-11-17T20:04:28","slug":"zenbat-gara","status":"publish","type":"page","link":"https:\/\/irphstop.eus\/es\/zenbat-gara\/","title":{"rendered":"\u00bfCu\u00e1ntos somos?"},"content":{"rendered":"<p>Cruzando datos del Instituto Nacional de Estad\u00edstica y del Colegio de Registradores de Espa\u00f1a, IRPH Stop Gipuzkoa realiz\u00f3 en febrero de 2015 la primera estad\u00edstica sobre el n\u00famero de hipotecas con IRPH en el estado espa\u00f1ol. El resultado son m\u00e1s de 1,3 millones de hipotecas afectadas. Destaca Catalunya como regi\u00f3n m\u00e1s afectada con 442.000 casos (un 34% del total del estado), y se observa que Hego Euskal Herria no es una de las regiones m\u00e1s afectadas (31.000 casos en la CAV y 9.000 en la Comunidad Foral Navarra)<\/p>\n<p>El c\u00e1lculo se ha realizado considerando las hipotecas de nueva constituci\u00f3n sobre vivienda desde 1994 hasta 2014, seg\u00fan estad\u00edsticas del INE, combinadas con el porcentaje de hipotecas referidas a IRPH, seg\u00fan estad\u00edsticas del Colegio de Registradores. El resultado es el total de hipotecas contratadas originalmente con referencia a un IRPH en los \u00faltimos 20 a\u00f1os. En los tramos para los que no hay datos, se han hecho estimaciones conservadoras, y se han despreciado los cuatro primeros a\u00f1os de existencia del IRPH (1990 a 1994). Por este motivo, el n\u00famero total de afectados ser\u00e1 muy probablemente superior a los 1,3 millones.<\/p>\n<p>De este total de hipotecas que fueron originalmente referenciadas a un IRPH, algunas ya no abonan intereses seg\u00fan IRPH. Esto ocurre en las hipotecas canceladas, las ejecutadas (mediante desahucio, por ejemplo) y las que han cambiado de tipo de inter\u00e9s. El cambio de inter\u00e9s puede ser por negociaci\u00f3n con el banco o por cambios ante la desaparaci\u00f3n del tipo original. Por ejemplo, algunos pr\u00e9stamos referidos originalmente a IRPH Cajas prever\u00edan que en caso de desaparici\u00f3n de dicho \u00edndice (como as\u00ed ocurri\u00f3) se regir\u00edan por otro tipo de inter\u00e9s distinto a los IRPH (Euribor+1% en la mayor\u00eda de los casos) o se quedar\u00edan con un tipo fijo igual al \u00faltimo calculado (situaci\u00f3n habitual en hipotecas de Caixabank, aunque dicha cl\u00e1usula tambi\u00e9n est\u00e1 siendo anulada por abusiva por algunos jueces).<\/p>\n<p>En una respuesta escrita a una cuesti\u00f3n parlamentaria, el Gobierno Espa\u00f1ol declar\u00f3 en septiembre de 2017 que el n\u00famero de pr\u00e9stamos que en diciembre de 2016 estaban referenciados a IRPH Entidades ascend\u00eda a un total de 776.166. Consideramos que no hay que dejar de lado aquellas hipotecas que en alg\u00fan momento han abonado intereses en aplicaci\u00f3n de cualquiera de las variantes de IRPH, por lo que nosotros seguimos reivindicando que el n\u00famero total de hipotecas afectadas por IRPH es de 1,3 millones.<\/p>\n<p>Afortunadamente, este n\u00famero ya no crecer\u00e1, porque el IRPH se reconoce ya por el consumidor como una cl\u00e1usula abusiva y el n\u00famero de hipotecas nuevas referenciadas a este \u00edndice es muy limitado. Como puede verse en la gr\u00e1fica inferior, el porcentaje de hipotecas nuevas referenciadas a IRPH ha bajado del 14% que supon\u00eda en 2004 al entorno del 0.5% en lo que llevamos de 2017. <\/p>\n<p><a href=\"https:\/\/irphstop.eus\/wp-content\/uploads\/2015\/02\/mapa_irph.jpg\"><img loading=\"lazy\" decoding=\"async\" src=\"https:\/\/irphstop.eus\/wp-content\/uploads\/2015\/02\/mapa_irph.jpg\" style=\"border:1px solid black\" alt=\"mapa\" width=\"725\" height=\"476\" class=\"alignnone size-full wp-image-2415\" srcset=\"https:\/\/irphstop.eus\/wp-content\/uploads\/2015\/02\/mapa_irph.jpg 725w, https:\/\/irphstop.eus\/wp-content\/uploads\/2015\/02\/mapa_irph-300x197.jpg 300w, https:\/\/irphstop.eus\/wp-content\/uploads\/2015\/02\/mapa_irph-164x108.jpg 164w\" sizes=\"auto, (max-width: 725px) 100vw, 725px\" \/><\/a><\/p>\n<p><a href=\"https:\/\/irphstop.eus\/wp-content\/uploads\/2015\/02\/queso-1.jpg\"><img loading=\"lazy\" decoding=\"async\" src=\"https:\/\/irphstop.eus\/wp-content\/uploads\/2015\/02\/queso-1.jpg\" style=\"border:1px solid black\" alt=\"queso\" width=\"819\" height=\"606\" class=\"alignnone size-full wp-image-2416\" srcset=\"https:\/\/irphstop.eus\/wp-content\/uploads\/2015\/02\/queso-1.jpg 819w, https:\/\/irphstop.eus\/wp-content\/uploads\/2015\/02\/queso-1-300x222.jpg 300w, https:\/\/irphstop.eus\/wp-content\/uploads\/2015\/02\/queso-1-768x568.jpg 768w, https:\/\/irphstop.eus\/wp-content\/uploads\/2015\/02\/queso-1-146x108.jpg 146w\" sizes=\"auto, (max-width: 819px) 100vw, 819px\" \/><\/a><\/p>\n<p><a href=\"https:\/\/irphstop.eus\/wp-content\/uploads\/2017\/11\/porcentaje_irph.jpg\"><img loading=\"lazy\" decoding=\"async\" src=\"https:\/\/irphstop.eus\/wp-content\/uploads\/2017\/11\/porcentaje_irph.jpg\" style=\"border:1px solid black\" alt=\"\" width=\"808\" height=\"520\" class=\"alignnone size-full wp-image-4114\" \/><\/a><\/p>\n<p><a href=\"https:\/\/irphstop.eus\/wp-content\/uploads\/2016\/11\/tipos_europa.jpg\"><img loading=\"lazy\" decoding=\"async\" src=\"https:\/\/irphstop.eus\/wp-content\/uploads\/2016\/11\/tipos_europa.jpg\" style=\"border:1px solid black\" alt=\"\" width=\"918\" height=\"614\" class=\"alignnone size-full wp-image-3394\" srcset=\"https:\/\/irphstop.eus\/wp-content\/uploads\/2016\/11\/tipos_europa.jpg 918w, https:\/\/irphstop.eus\/wp-content\/uploads\/2016\/11\/tipos_europa-300x201.jpg 300w, https:\/\/irphstop.eus\/wp-content\/uploads\/2016\/11\/tipos_europa-768x514.jpg 768w, https:\/\/irphstop.eus\/wp-content\/uploads\/2016\/11\/tipos_europa-863x577.jpg 863w, https:\/\/irphstop.eus\/wp-content\/uploads\/2016\/11\/tipos_europa-161x108.jpg 161w\" sizes=\"auto, (max-width: 918px) 100vw, 918px\" \/><\/a><\/p>","protected":false},"excerpt":{"rendered":"<p>Cruzando datos del Instituto Nacional de Estad\u00edstica y del Colegio de Registradores de Espa\u00f1a, IRPH Stop Gipuzkoa realiz\u00f3 en febrero de 2015 la primera estad\u00edstica sobre el n\u00famero de hipotecas con IRPH en el estado espa\u00f1ol. El resultado son m\u00e1s de 1,3 millones de hipotecas afectadas. Destaca Catalunya como regi\u00f3n m\u00e1s afectada con 442.000 casos &hellip; <a href=\"https:\/\/irphstop.eus\/es\/zenbat-gara\/\" class=\"more-link\">Continue reading <span class=\"screen-reader-text\">\u00bfCu\u00e1ntos somos?<\/span><\/a><\/p>\n","protected":false},"author":2,"featured_media":0,"parent":0,"menu_order":0,"comment_status":"open","ping_status":"open","template":"","meta":{"_monsterinsights_skip_tracking":false,"_monsterinsights_sitenote_active":false,"_monsterinsights_sitenote_note":"","_monsterinsights_sitenote_category":0,"footnotes":""},"class_list":["post-2563","page","type-page","status-publish","hentry"],"aioseo_notices":[],"_links":{"self":[{"href":"https:\/\/irphstop.eus\/es\/wp-json\/wp\/v2\/pages\/2563","targetHints":{"allow":["GET"]}}],"collection":[{"href":"https:\/\/irphstop.eus\/es\/wp-json\/wp\/v2\/pages"}],"about":[{"href":"https:\/\/irphstop.eus\/es\/wp-json\/wp\/v2\/types\/page"}],"author":[{"embeddable":true,"href":"https:\/\/irphstop.eus\/es\/wp-json\/wp\/v2\/users\/2"}],"replies":[{"embeddable":true,"href":"https:\/\/irphstop.eus\/es\/wp-json\/wp\/v2\/comments?post=2563"}],"version-history":[{"count":18,"href":"https:\/\/irphstop.eus\/es\/wp-json\/wp\/v2\/pages\/2563\/revisions"}],"predecessor-version":[{"id":4291,"href":"https:\/\/irphstop.eus\/es\/wp-json\/wp\/v2\/pages\/2563\/revisions\/4291"}],"wp:attachment":[{"href":"https:\/\/irphstop.eus\/es\/wp-json\/wp\/v2\/media?parent=2563"}],"curies":[{"name":"wp","href":"https:\/\/api.w.org\/{rel}","templated":true}]}}