{"id":2623,"date":"2015-04-22T15:18:56","date_gmt":"2015-04-22T13:18:56","guid":{"rendered":"http:\/\/www.irphstop.net\/?page_id=2623"},"modified":"2015-04-22T15:18:56","modified_gmt":"2015-04-22T13:18:56","slug":"petition","status":"publish","type":"page","link":"https:\/\/irphstop.eus\/es\/petition\/","title":{"rendered":"SINADURA BILKETA"},"content":{"rendered":"<p><a href=\"https:\/\/irphstop.eus\/wp-content\/uploads\/2015\/04\/stop_manipulation.jpg\"><img loading=\"lazy\" decoding=\"async\" src=\"https:\/\/irphstop.eus\/wp-content\/uploads\/2015\/04\/stop_manipulation.jpg\" alt=\"stop_manipulation\" width=\"471\" height=\"473\" class=\"alignnone size-full wp-image-2624\" \/><\/a><\/p>\n<p>El Parlamento Europeo ha redactado un nuevo reglamento sobre \u00edndices de referencia con el objetivo espec\u00edfico de reducir el riesgo de manipulaci\u00f3n. El pleno debatir\u00e1 este reglamento el 18 de mayo, y lo someter\u00e1 a votaci\u00f3n al d\u00eda siguiente. Su entrada en vigor obligar\u00eda al estado espa\u00f1ol a anular el IRPH o, como m\u00ednimo, a corregir muchas de sus deficiencias. Adem\u00e1s, ser\u00eda un nuevo argumento para poder recuperar nuestro dinero. Sin embargo, con el texto actual este reglamento no ser\u00eda de aplicaci\u00f3n al IRPH, por ser elaborado por un banco central: el Banco de Espa\u00f1a.<\/p>\n<p>En nuestra reciente comparecencia en el Parlamento Europeo ya exigimos que esto sea corregido, y seguiremos presionando para conseguirlo, pero necesitamos tu apoyo.<\/p>\n<p>\u00a1Firma para que modifiquen el nuevo reglamento europeo y pueda acabar con el abuso del IRPH!<\/p>\n<p>(Los datos no ser\u00e1n publicados, y no te enviaremos ning\u00fan mensaje. <a href=\"https:\/\/irphstop.eus\/es\/adi-egon\/\" title=\"BERRIPAPERA\">Para recibir nuestro bolet\u00edn de noticias puedes darte de alta aqu\u00ed<\/a>)<\/p>\n<p>[emailpetition id=\u00bb1&#8243;]<\/p>\n<p><\/p>","protected":false},"excerpt":{"rendered":"<p>El Parlamento Europeo ha redactado un nuevo reglamento sobre \u00edndices de referencia con el objetivo espec\u00edfico de reducir el riesgo de manipulaci\u00f3n. El pleno debatir\u00e1 este reglamento el 18 de mayo, y lo someter\u00e1 a votaci\u00f3n al d\u00eda siguiente. Su entrada en vigor obligar\u00eda al estado espa\u00f1ol a anular el IRPH o, como m\u00ednimo, a &hellip; <a href=\"https:\/\/irphstop.eus\/es\/petition\/\" class=\"more-link\">Continue reading <span class=\"screen-reader-text\">SINADURA BILKETA<\/span><\/a><\/p>\n","protected":false},"author":2,"featured_media":0,"parent":0,"menu_order":0,"comment_status":"open","ping_status":"open","template":"","meta":{"_monsterinsights_skip_tracking":false,"_monsterinsights_sitenote_active":false,"_monsterinsights_sitenote_note":"","_monsterinsights_sitenote_category":0,"footnotes":""},"class_list":["post-2623","page","type-page","status-publish","hentry"],"aioseo_notices":[],"_links":{"self":[{"href":"https:\/\/irphstop.eus\/es\/wp-json\/wp\/v2\/pages\/2623","targetHints":{"allow":["GET"]}}],"collection":[{"href":"https:\/\/irphstop.eus\/es\/wp-json\/wp\/v2\/pages"}],"about":[{"href":"https:\/\/irphstop.eus\/es\/wp-json\/wp\/v2\/types\/page"}],"author":[{"embeddable":true,"href":"https:\/\/irphstop.eus\/es\/wp-json\/wp\/v2\/users\/2"}],"replies":[{"embeddable":true,"href":"https:\/\/irphstop.eus\/es\/wp-json\/wp\/v2\/comments?post=2623"}],"version-history":[{"count":0,"href":"https:\/\/irphstop.eus\/es\/wp-json\/wp\/v2\/pages\/2623\/revisions"}],"wp:attachment":[{"href":"https:\/\/irphstop.eus\/es\/wp-json\/wp\/v2\/media?parent=2623"}],"curies":[{"name":"wp","href":"https:\/\/api.w.org\/{rel}","templated":true}]}}