{"id":3226,"date":"2016-10-12T20:37:14","date_gmt":"2016-10-12T18:37:14","guid":{"rendered":"http:\/\/www.irphstop.net\/?page_id=3226"},"modified":"2017-09-16T19:30:53","modified_gmt":"2017-09-16T17:30:53","slug":"etxeberria-doktorearen-txostena","status":"publish","type":"page","link":"https:\/\/irphstop.eus\/es\/etxeberria-doktorearen-txostena\/","title":{"rendered":"Informe del Doctor Juan Etxeberria"},"content":{"rendered":"<p>Coincidiendo con el tercer aniversario de nuestra web, el 4 de julio de 2016 publicamos en exclusiva un documento demoledor: se trata del informe que acerca del IRPH elabor\u00f3 el Doctor Juan Etxeberria Murgiondo, Catedr\u00e1tico Acreditado de Estad\u00edstica Aplicada, Licenciado en Ciencias Exactas (especialidad Estad\u00edstica), Doctor en Ciencias de la Educaci\u00f3n, Profesor titular de Estad\u00edstica Aplicada en la Universidad del Pa\u00eds Vasco \u2013 Euskal Herriko Unibertsitatea y autor de numerosos libros y art\u00edculos en el \u00e1mbito de la Estad\u00edstica Aplicada.<\/p>\n<p>El informe fue encargado por Maite Ortiz y Jos\u00e9 Mar\u00eda Erauskin, abogados voluntarios de IRPH Stop Gipuzkoa y aut\u00e9nticos pioneros en la lucha judicial contra el IRPH.<\/p>\n<p>En su informe, el Doctor Etxeberria certifica que las entidades tienen capacidad para \u00abincidir, influir, manipular y condicionar el resultado final\u00bb del IRPH, y que lo pueden hacer adem\u00e1s \u00abtanto de forma individual como de forma grupal\u00bb.El doctor Etxeberria, una aut\u00e9ntica autoridad en la materia, ha analizado la metodolog\u00eda de c\u00e1lculo del IRPH (una media simple realizada por el Banco de Espa\u00f1a con los tipos de inter\u00e9s que mensualmente aporta cada entidad financiera) y ha concluido que es un \u00edndice \u00abmuy poco robusto\u00bb y \u00abmanifiestamente mejorable\u00bb, a\u00f1adiendo adem\u00e1s que es \u00abevidente y trivial que cada una de las entidades, independientemente de su tama\u00f1o o volumen tiene una capacidad de influencia\u00bb en el resultado mensual del IRPH y que esta capacidad est\u00e1 \u00abexactamente cifrada\u00bb.<\/p>\n<p>Aqu\u00ed puedes leer el informe. Tambi\u00e9n puedes <a style=\"line-height: 1.7;\" href=\"https:\/\/irphstop.eus\/wp-content\/uploads\/Nota_acerca_del_IRPH_Dr_Juan_Etxeberria.pdf\" target=\"_blank\">descargarlo hciendo click aqu\u00ed<\/a>.<\/p>\n<p>[gview file=\u00bbhttps:\/\/irphstop.eus\/wp-content\/uploads\/Nota_acerca_del_IRPH_Dr_Juan_Etxeberria.pdf\u00bb save=\u00bb1&#8243;]<\/p>","protected":false},"excerpt":{"rendered":"<p>Coincidiendo con el tercer aniversario de nuestra web, el 4 de julio de 2016 publicamos en exclusiva un documento demoledor: se trata del informe que acerca del IRPH elabor\u00f3 el Doctor Juan Etxeberria Murgiondo, Catedr\u00e1tico Acreditado de Estad\u00edstica Aplicada, Licenciado en Ciencias Exactas (especialidad Estad\u00edstica), Doctor en Ciencias de la Educaci\u00f3n, Profesor titular de Estad\u00edstica &hellip; <a href=\"https:\/\/irphstop.eus\/es\/etxeberria-doktorearen-txostena\/\" class=\"more-link\">Continue reading <span class=\"screen-reader-text\">Informe del Doctor Juan Etxeberria<\/span><\/a><\/p>\n","protected":false},"author":2,"featured_media":0,"parent":0,"menu_order":0,"comment_status":"closed","ping_status":"closed","template":"","meta":{"_monsterinsights_skip_tracking":false,"_monsterinsights_sitenote_active":false,"_monsterinsights_sitenote_note":"","_monsterinsights_sitenote_category":0,"footnotes":""},"class_list":["post-3226","page","type-page","status-publish","hentry"],"aioseo_notices":[],"_links":{"self":[{"href":"https:\/\/irphstop.eus\/es\/wp-json\/wp\/v2\/pages\/3226","targetHints":{"allow":["GET"]}}],"collection":[{"href":"https:\/\/irphstop.eus\/es\/wp-json\/wp\/v2\/pages"}],"about":[{"href":"https:\/\/irphstop.eus\/es\/wp-json\/wp\/v2\/types\/page"}],"author":[{"embeddable":true,"href":"https:\/\/irphstop.eus\/es\/wp-json\/wp\/v2\/users\/2"}],"replies":[{"embeddable":true,"href":"https:\/\/irphstop.eus\/es\/wp-json\/wp\/v2\/comments?post=3226"}],"version-history":[{"count":1,"href":"https:\/\/irphstop.eus\/es\/wp-json\/wp\/v2\/pages\/3226\/revisions"}],"predecessor-version":[{"id":3890,"href":"https:\/\/irphstop.eus\/es\/wp-json\/wp\/v2\/pages\/3226\/revisions\/3890"}],"wp:attachment":[{"href":"https:\/\/irphstop.eus\/es\/wp-json\/wp\/v2\/media?parent=3226"}],"curies":[{"name":"wp","href":"https:\/\/api.w.org\/{rel}","templated":true}]}}