{"id":3233,"date":"2016-10-12T20:49:28","date_gmt":"2016-10-12T18:49:28","guid":{"rendered":"http:\/\/www.irphstop.net\/?page_id=3233"},"modified":"2017-09-16T19:31:31","modified_gmt":"2017-09-16T17:31:31","slug":"ortiz-eta-erauskin-abokatuen-txostena","status":"publish","type":"page","link":"https:\/\/irphstop.eus\/es\/ortiz-eta-erauskin-abokatuen-txostena\/","title":{"rendered":"Informe de los abogados Maite Ortiz y Jos\u00e9 Mar\u00eda Erauskin"},"content":{"rendered":"<p><img loading=\"lazy\" decoding=\"async\" src=\"https:\/\/irphstop.eus\/wp-content\/uploads\/2016\/10\/congreso_cjam16.jpg\" alt=\"congreso_cjam16\" width=\"763\" height=\"488\" class=\"alignnone size-full wp-image-3206\" \/><\/p>\n<p>Maite Ortiz y Jos\u00e9 Mar\u00eda Erauskin, abogados voluntarios de IRPH Stop Gipuzkoa y aut\u00e9nticos pioneros en la batalla judicial contra el IRPH, participaron en la duod\u00e9cima edici\u00f3n del Congreso Jur\u00eddico de la Abogac\u00eda ICAM\u00c1LAGA, con una ponencia sobre IRPH que impartieron el 6 de octubre de 2016.<\/p>\n<p>D\u00edas despu\u00e9s de su exposici\u00f3n, los abogados hicieron p\u00fablica su ponencia. En su trabajo, Ortiz y Erauskin analizan todas las claves de una batalla judicial en la que son, adem\u00e1s de pioneros, art\u00edfices de los mayores logros conseguidos hasta el momento. Se trata sin duda de un documento de gran importancia, y la generosidad de los autores al hacerlo p\u00fablico es un gesto que las personas afectadas agradecemos de coraz\u00f3n.<\/p>\n<p>En esta p\u00e1gina puedes leer la ponencia. Tambi\u00e9n puedes <a style=\"line-height: 1.7;\" href=\"https:\/\/irphstop.eus\/wp-content\/uploads\/2016\/10\/Ponencia_IRPH_Ortiz-Erauskin_CJAM16.pdf\" target=\"_blank\">descargarla haciendo click aqu\u00ed<\/a>.<\/p>\n<p>[gview file=\u00bbhttps:\/\/irphstop.eus\/wp-content\/uploads\/2016\/10\/Ponencia_IRPH_Ortiz-Erauskin_CJAM16.pdf\u00bb save=\u00bb1&#8243;]<br \/>\n<\/p>","protected":false},"excerpt":{"rendered":"<p>Maite Ortiz y Jos\u00e9 Mar\u00eda Erauskin, abogados voluntarios de IRPH Stop Gipuzkoa y aut\u00e9nticos pioneros en la batalla judicial contra el IRPH, participaron en la duod\u00e9cima edici\u00f3n del Congreso Jur\u00eddico de la Abogac\u00eda ICAM\u00c1LAGA, con una ponencia sobre IRPH que impartieron el 6 de octubre de 2016. D\u00edas despu\u00e9s de su exposici\u00f3n, los abogados hicieron &hellip; <a href=\"https:\/\/irphstop.eus\/es\/ortiz-eta-erauskin-abokatuen-txostena\/\" class=\"more-link\">Continue reading <span class=\"screen-reader-text\">Informe de los abogados Maite Ortiz y Jos\u00e9 Mar\u00eda Erauskin<\/span><\/a><\/p>\n","protected":false},"author":2,"featured_media":0,"parent":0,"menu_order":0,"comment_status":"closed","ping_status":"closed","template":"","meta":{"_monsterinsights_skip_tracking":false,"_monsterinsights_sitenote_active":false,"_monsterinsights_sitenote_note":"","_monsterinsights_sitenote_category":0,"footnotes":""},"class_list":["post-3233","page","type-page","status-publish","hentry"],"aioseo_notices":[],"_links":{"self":[{"href":"https:\/\/irphstop.eus\/es\/wp-json\/wp\/v2\/pages\/3233","targetHints":{"allow":["GET"]}}],"collection":[{"href":"https:\/\/irphstop.eus\/es\/wp-json\/wp\/v2\/pages"}],"about":[{"href":"https:\/\/irphstop.eus\/es\/wp-json\/wp\/v2\/types\/page"}],"author":[{"embeddable":true,"href":"https:\/\/irphstop.eus\/es\/wp-json\/wp\/v2\/users\/2"}],"replies":[{"embeddable":true,"href":"https:\/\/irphstop.eus\/es\/wp-json\/wp\/v2\/comments?post=3233"}],"version-history":[{"count":1,"href":"https:\/\/irphstop.eus\/es\/wp-json\/wp\/v2\/pages\/3233\/revisions"}],"predecessor-version":[{"id":3891,"href":"https:\/\/irphstop.eus\/es\/wp-json\/wp\/v2\/pages\/3233\/revisions\/3891"}],"wp:attachment":[{"href":"https:\/\/irphstop.eus\/es\/wp-json\/wp\/v2\/media?parent=3233"}],"curies":[{"name":"wp","href":"https:\/\/api.w.org\/{rel}","templated":true}]}}