{"id":3235,"date":"2016-10-12T20:57:49","date_gmt":"2016-10-12T18:57:49","guid":{"rendered":"http:\/\/www.irphstop.net\/?page_id=3235"},"modified":"2018-11-17T22:11:23","modified_gmt":"2018-11-17T20:11:23","slug":"espainiako-bankuak-erantzundako-galderak","status":"publish","type":"page","link":"https:\/\/irphstop.eus\/es\/espainiako-bankuak-erantzundako-galderak\/","title":{"rendered":"Interrogatorio al Banco de Espa\u00f1a"},"content":{"rendered":"<p><a href=\"https:\/\/irphstop.eus\/wp-content\/uploads\/2015\/06\/150616_respuesta_BdE.jpg\"><img loading=\"lazy\" decoding=\"async\" src=\"https:\/\/irphstop.eus\/wp-content\/uploads\/2015\/06\/150616_respuesta_BdE.jpg\" alt=\"150616_respuesta_BdE\" width=\"1032\" height=\"360\" class=\"alignnone size-full wp-image-2686\" \/><\/a><\/p>\n<p>Maite Ortiz y Jos\u00e9 Mar\u00eda Erauskin, abogados de IRPH Stop Gipuzkoa, consiguieron el 2 de junio de 2015 que el Banco de Espa\u00f1a contestara a un interrogatorio sobre el IRPH en el marco de una demanda contra Kutxabank en Burgos, donde representan a un activista de la PAH.<\/p>\n<p>En su respuesta escrita a las 15 preguntas planteadas, el organismo regulador reconoce que cada caja pod\u00eda influir en el resultado del IRPH aumentando los intereses aplicados por ella, y que la magnitud de su influencia pod\u00eda calcularse con precisi\u00f3n matem\u00e1tica. Se reconoce por tanto la veracidad de la principal acusaci\u00f3n de los afectados por este \u00edndice.<\/p>\n<p>Queda claro adem\u00e1s que el resultado del IRPH no es representativo del mercado hipotecario: el Banco de Espa\u00f1a reconoce que en el c\u00e1lculo de este \u00edndice, al tratarse de una media simple, todas las cajas ten\u00edan el mismo peso espec\u00edfico. Se citan el caso de la caja m\u00e1s peque\u00f1a, de \u00e1mbito local y sin ninguna relevancia en el conjunto del mercado, y la caja m\u00e1s grande, con un volumen de negocio 600 veces superior, y se reconoce que su peso en la media era exactamente el mismo.<\/p>\n<p>Se reconoce adem\u00e1s que si una caja perd\u00eda cuota de mercado por aumentar su tipo de inter\u00e9s para influir en el IRPH su peso en la media no bajaba, y que las cajas tambi\u00e9n pod\u00edan influir en el IRPH con el simple hecho de aumentar las comisiones.<\/p>\n<p>Adem\u00e1s de la manipulabilidad y la falta de representatividad, el interrogatorio desvela otra carencia fundamental: la falta de transparencia y control. Preguntado por si en la determinaci\u00f3n del IRPH se han empleado tipos de inter\u00e9s que posteriormente hayan sido declarados nulos por abusivos, como es el caso de la cl\u00e1usula suelo o el redondeo al alza, el organismo regulador y responsable del control del \u00edndice reconoce que no dispone de informaci\u00f3n suficiente para responder a la pregunta.<\/p>\n<p>En esta p\u00e1gina puedes leer el interrogatorio. Tambi\u00e9n puedes <a style=\"line-height: 1.7;\" href=\"https:\/\/irphstop.eus\/wp-content\/uploads\/2015\/06\/Respuesta_BdE_Burgos.pdf\" target=\"_blank\">descargarlo haciendo click aqu\u00ed<\/a>.<\/p>\n<p>[gview file=\u00bbhttps:\/\/irphstop.eus\/wp-content\/uploads\/2015\/06\/Respuesta_BdE_Burgos.pdf\u00bb save=\u00bb1&#8243;]<\/p>","protected":false},"excerpt":{"rendered":"<p>Maite Ortiz y Jos\u00e9 Mar\u00eda Erauskin, abogados de IRPH Stop Gipuzkoa, consiguieron el 2 de junio de 2015 que el Banco de Espa\u00f1a contestara a un interrogatorio sobre el IRPH en el marco de una demanda contra Kutxabank en Burgos, donde representan a un activista de la PAH. En su respuesta escrita a las 15 &hellip; <a href=\"https:\/\/irphstop.eus\/es\/espainiako-bankuak-erantzundako-galderak\/\" class=\"more-link\">Continue reading <span class=\"screen-reader-text\">Interrogatorio al Banco de Espa\u00f1a<\/span><\/a><\/p>\n","protected":false},"author":2,"featured_media":0,"parent":0,"menu_order":0,"comment_status":"closed","ping_status":"closed","template":"","meta":{"_monsterinsights_skip_tracking":false,"_monsterinsights_sitenote_active":false,"_monsterinsights_sitenote_note":"","_monsterinsights_sitenote_category":0,"footnotes":""},"class_list":["post-3235","page","type-page","status-publish","hentry"],"aioseo_notices":[],"_links":{"self":[{"href":"https:\/\/irphstop.eus\/es\/wp-json\/wp\/v2\/pages\/3235","targetHints":{"allow":["GET"]}}],"collection":[{"href":"https:\/\/irphstop.eus\/es\/wp-json\/wp\/v2\/pages"}],"about":[{"href":"https:\/\/irphstop.eus\/es\/wp-json\/wp\/v2\/types\/page"}],"author":[{"embeddable":true,"href":"https:\/\/irphstop.eus\/es\/wp-json\/wp\/v2\/users\/2"}],"replies":[{"embeddable":true,"href":"https:\/\/irphstop.eus\/es\/wp-json\/wp\/v2\/comments?post=3235"}],"version-history":[{"count":3,"href":"https:\/\/irphstop.eus\/es\/wp-json\/wp\/v2\/pages\/3235\/revisions"}],"predecessor-version":[{"id":4294,"href":"https:\/\/irphstop.eus\/es\/wp-json\/wp\/v2\/pages\/3235\/revisions\/4294"}],"wp:attachment":[{"href":"https:\/\/irphstop.eus\/es\/wp-json\/wp\/v2\/media?parent=3235"}],"curies":[{"name":"wp","href":"https:\/\/api.w.org\/{rel}","templated":true}]}}