{"id":3417,"date":"2016-11-08T20:43:44","date_gmt":"2016-11-08T18:43:44","guid":{"rendered":"http:\/\/www.irphstop.net\/?page_id=3417"},"modified":"2020-05-09T14:37:55","modified_gmt":"2020-05-09T12:37:55","slug":"prentsa-aretoa","status":"publish","type":"page","link":"https:\/\/irphstop.eus\/es\/prentsa-aretoa\/","title":{"rendered":"Sala de prensa"},"content":{"rendered":"<p>Si eres periodista y quieres recibir nuestros comunicados puedes solicitarlo aqu\u00ed: <a href=\"mailto:irphstop@gmail.com\">irphstop@gmail.com<\/a><\/p>\n<p>Aqu\u00ed puedes descargar nuestro logo en alta resoluci\u00f3n:<\/p>\n<p><a style=\"line-height: 1.7;\" href=\"https:\/\/irphstop.eus\/wp-content\/uploads\/2013\/07\/Logo_blanco.jpg\" target=\"_blank\" rel=\"noopener noreferrer\"><img loading=\"lazy\" decoding=\"async\" class=\"alignnone size-thumbnail wp-image-124\" alt=\"Logo_blanco\" src=\"https:\/\/irphstop.eus\/wp-content\/uploads\/2013\/07\/Logo_blanco-150x150.jpg\" width=\"150\" height=\"150\"><\/a>  <a href=\"https:\/\/irphstop.eus\/wp-content\/uploads\/2013\/07\/Logo_nja-blanco.jpg\" target=\"_blank\" rel=\"noopener noreferrer\"><img loading=\"lazy\" decoding=\"async\" class=\"alignnone size-thumbnail wp-image-126\" alt=\"Logo_nja-blanco\" src=\"https:\/\/irphstop.eus\/wp-content\/uploads\/2013\/07\/Logo_nja-blanco-150x150.jpg\" width=\"150\" height=\"150\"><\/a>  <a style=\"color: #df0000;\" href=\"https:\/\/irphstop.eus\/wp-content\/uploads\/2013\/07\/Logo_naranja.jpg\" target=\"_blank\" rel=\"noopener noreferrer\"><img loading=\"lazy\" decoding=\"async\" class=\"alignnone size-thumbnail wp-image-125\" alt=\"Logo_naranja\" src=\"https:\/\/irphstop.eus\/wp-content\/uploads\/2013\/07\/Logo_naranja-150x150.jpg\" width=\"150\" height=\"150\"><\/a><\/p>\n<p>Y a continuaci\u00f3n encontrar\u00e1s im\u00e1genes libres de derechos en alta resoluci\u00f3n que pueden emplearse citando fuente (IRPH Stop Gipuzkoa)<\/p>\n<p>[flickr_photostream]<\/p>\n<p>.<\/p>","protected":false},"excerpt":{"rendered":"<p>Si eres periodista y quieres recibir nuestros comunicados puedes solicitarlo aqu\u00ed: irphstop@gmail.com Aqu\u00ed puedes descargar nuestro logo en alta resoluci\u00f3n: Y a continuaci\u00f3n encontrar\u00e1s im\u00e1genes libres de derechos en alta resoluci\u00f3n que pueden emplearse citando fuente (IRPH Stop Gipuzkoa) [flickr_photostream] .<\/p>\n","protected":false},"author":2,"featured_media":124,"parent":0,"menu_order":0,"comment_status":"closed","ping_status":"closed","template":"","meta":{"_monsterinsights_skip_tracking":false,"_monsterinsights_sitenote_active":false,"_monsterinsights_sitenote_note":"","_monsterinsights_sitenote_category":0,"footnotes":""},"class_list":["post-3417","page","type-page","status-publish","has-post-thumbnail","hentry"],"aioseo_notices":[],"_links":{"self":[{"href":"https:\/\/irphstop.eus\/es\/wp-json\/wp\/v2\/pages\/3417","targetHints":{"allow":["GET"]}}],"collection":[{"href":"https:\/\/irphstop.eus\/es\/wp-json\/wp\/v2\/pages"}],"about":[{"href":"https:\/\/irphstop.eus\/es\/wp-json\/wp\/v2\/types\/page"}],"author":[{"embeddable":true,"href":"https:\/\/irphstop.eus\/es\/wp-json\/wp\/v2\/users\/2"}],"replies":[{"embeddable":true,"href":"https:\/\/irphstop.eus\/es\/wp-json\/wp\/v2\/comments?post=3417"}],"version-history":[{"count":4,"href":"https:\/\/irphstop.eus\/es\/wp-json\/wp\/v2\/pages\/3417\/revisions"}],"predecessor-version":[{"id":4951,"href":"https:\/\/irphstop.eus\/es\/wp-json\/wp\/v2\/pages\/3417\/revisions\/4951"}],"wp:featuredmedia":[{"embeddable":true,"href":"https:\/\/irphstop.eus\/es\/wp-json\/wp\/v2\/media\/124"}],"wp:attachment":[{"href":"https:\/\/irphstop.eus\/es\/wp-json\/wp\/v2\/media?parent=3417"}],"curies":[{"name":"wp","href":"https:\/\/api.w.org\/{rel}","templated":true}]}}