{"id":4843,"date":"2020-03-10T22:36:30","date_gmt":"2020-03-10T20:36:30","guid":{"rendered":"http:\/\/35.246.161.12\/?page_id=4843"},"modified":"2020-03-10T22:36:30","modified_gmt":"2020-03-10T20:36:30","slug":"faq","status":"publish","type":"page","link":"https:\/\/irphstop.eus\/es\/faq\/","title":{"rendered":"PREGUNTAS FRECUENTES"},"content":{"rendered":"<p>A continuaci\u00f3n encontrar\u00e1s respuesta a las preguntas que m\u00e1s frecuentemente recibimos. Si tienes alguna pregunta concreta que no est\u00e1 respondida puedes escribirnos a <a href=\"mailto:irphstop@gmail.com\">irphstop@gmail.com<\/a>. Intentamos responder todas las consultas, aunque a veces nos lleva tiempo, por lo que te pedimos paciencia.<\/p>\n<p>            <div class=\"qae-faqs-container qae-faqs-toggle-container\">\n\t\t\t\t\t\t<div id=\"qaef-4842\" class=\"qe-faq-toggle \">\n\t\t\t<div class=\"qe-toggle-title\">\n\t\t\t\t<h4>\n\t\t\t\t\t<i class=\"fa fa-minus-circle\"><\/i> \u00bfTengo que hacer algo para recuperar mi dinero?\t\t\t\t<\/h4>\n\t\t\t<\/div>\n\t\t\t<div class=\"qe-toggle-content\">\n\t\t\t\t<p>Nadie va a devolverte el dinero si no te mueves. Inf\u00f3rmate en nuestra web o por otros medios y comienza por poner una reclamaci\u00f3n en tu entidad. Debes saber que lo esperable es que no surta efecto y tengas que contratar un abogado y acudir a los tribunales.<\/p>\n\t\t\t<\/div>\n\t\t<\/div>\n\t\t\t\t<div id=\"qaef-4847\" class=\"qe-faq-toggle \">\n\t\t\t<div class=\"qe-toggle-title\">\n\t\t\t\t<h4>\n\t\t\t\t\t<i class=\"fa fa-minus-circle\"><\/i> \u00bfPod\u00e9is llevar mi caso desde IRPH Stop Gipuzkoa?\t\t\t\t<\/h4>\n\t\t\t<\/div>\n\t\t\t<div class=\"qe-toggle-content\">\n\t\t\t\t<p>IRPH Stop Gipuzkoa es una plataforma de gente afectada, como t\u00fa. No somos abogados ni llevamos casos. S\u00f3lo intentamos ayudar en lo que podemos, compartiendo todo lo que hemos aprendido a lo largo de todos estos a\u00f1os.<\/p>\n\t\t\t<\/div>\n\t\t<\/div>\n\t\t\t\t<div id=\"qaef-4848\" class=\"qe-faq-toggle \">\n\t\t\t<div class=\"qe-toggle-title\">\n\t\t\t\t<h4>\n\t\t\t\t\t<i class=\"fa fa-minus-circle\"><\/i> \u00bfPod\u00e9is recomendarme un abogado?\t\t\t\t<\/h4>\n\t\t\t<\/div>\n\t\t\t<div class=\"qe-toggle-content\">\n\t\t\t\t<p>No entramos a recomendar ning\u00fan abogado. Tampoco a desaconsejar ninguno, aunque con algunos casos concretos nos dan muchas ganas&#8230;<\/p>\n\t\t\t<\/div>\n\t\t<\/div>\n\t\t\t\t<div id=\"qaef-4849\" class=\"qe-faq-toggle \">\n\t\t\t<div class=\"qe-toggle-title\">\n\t\t\t\t<h4>\n\t\t\t\t\t<i class=\"fa fa-minus-circle\"><\/i> \u00bfPod\u00e9is darme el contacto del despacho de Maite Ortiz y Jos\u00e9 Mar\u00eda Erauskin?\t\t\t\t<\/h4>\n\t\t\t<\/div>\n\t\t\t<div class=\"qe-toggle-content\">\n\t\t\t\t<p>Busca en Google (\u00abAbogados Res\u00bb)<\/p>\n\t\t\t<\/div>\n\t\t<\/div>\n\t\t\t\t<div id=\"qaef-4854\" class=\"qe-faq-toggle \">\n\t\t\t<div class=\"qe-toggle-title\">\n\t\t\t\t<h4>\n\t\t\t\t\t<i class=\"fa fa-minus-circle\"><\/i> \u00bfPuedo reclamar si mi pr\u00e9stamo IRPH est\u00e1 ligado a una VPO?\t\t\t\t<\/h4>\n\t\t\t<\/div>\n\t\t\t<div class=\"qe-toggle-content\">\n\t\t\t\t<p>Ojo porque si el pr\u00e9stamo est\u00e1 ligado a IRPH por decreto del Ministerio la cl\u00e1usula quedar\u00eda exenta del control de transparencia. Es decir, si el banco estaba obligado a aplicarte IRPH la cl\u00e1usula no puede anularse porque no fuera suficientemente transparente. Tal vez podr\u00eda atacarse desde un control de abusividad del contenido, pero no es seguro.<\/p>\n\t\t\t<\/div>\n\t\t<\/div>\n\t\t\t\t<div id=\"qaef-4855\" class=\"qe-faq-toggle \">\n\t\t\t<div class=\"qe-toggle-title\">\n\t\t\t\t<h4>\n\t\t\t\t\t<i class=\"fa fa-minus-circle\"><\/i> \u00bfPuedo reclamar si tengo IRMH en Caja Rural o en otra entidad?\t\t\t\t<\/h4>\n\t\t\t<\/div>\n\t\t\t<div class=\"qe-toggle-content\">\n\t\t\t\t<p>En principio, salvo error por nuestra parte, IRMH es otra manera de llamar al IRPH Entidades. Comprueba si el tipo que te han aplicado ha coincidido siempre con el IRPH Entidades y si es as\u00ed tendr\u00edas doble motivo para quejarte. Dependiendo de lo que pongan tus escrituras, si la descripci\u00f3n del \u00edndice no es correcta (no utilizan su nombre correcto y\/o no incluyen la definici\u00f3n completa y\/o no hacen referencia al BOE en el que se define&#8230;) aparentemente tendr\u00eda m\u00e1s sentido tumbar la cl\u00e1usula por falta de transparencia.<\/p>\n\t\t\t<\/div>\n\t\t<\/div>\n\t\t\t\t<div id=\"qaef-4856\" class=\"qe-faq-toggle \">\n\t\t\t<div class=\"qe-toggle-title\">\n\t\t\t\t<h4>\n\t\t\t\t\t<i class=\"fa fa-minus-circle\"><\/i> \u00bfPuedo reclamar si me hicieron firmar tablas o gr\u00e1ficas con la evoluci\u00f3n pasada del IRPH?\t\t\t\t<\/h4>\n\t\t\t<\/div>\n\t\t\t<div class=\"qe-toggle-content\">\n\t\t\t\t<p>Esta, realmente, no es una pregunta frecuente: nunca nos la han hecho. Pero si es tu caso ten cuidado porque si el banco saca esas tablas o gr\u00e1ficas con tu firma en el juicio puede que sea suficiente para demostrar transparencia.<\/p>\n\t\t\t<\/div>\n\t\t<\/div>\n\t\t\t\t<div id=\"qaef-4853\" class=\"qe-faq-toggle \">\n\t\t\t<div class=\"qe-toggle-title\">\n\t\t\t\t<h4>\n\t\t\t\t\t<i class=\"fa fa-minus-circle\"><\/i> \u00bfPuedo unirme a vuestra plataforma? \u00bfCu\u00e1ndo es la siguiente reuni\u00f3n?\t\t\t\t<\/h4>\n\t\t\t<\/div>\n\t\t\t<div class=\"qe-toggle-content\">\n\t\t\t\t<p>Nuestra plataforma surgi\u00f3 a partir de personas afectadas que nos reunimos, con el soporte de Stop Desahucios, para unir fuerzas en los distintos frentes de lucha. No tenemos un registro formal de socios. Si quieres participar en las iniciativas que podamos poner en marcha puedes estar atento a la web, <a href=\"https:\/\/twitter.com\/irphstop_gpzkoa\" rel=\"noopener noreferrer\" target=\"_blank\">seguirnos en Twitter<\/a> y <a href=\"https:\/\/irphstop.eus\/es\/adi-egon\/\" rel=\"noopener noreferrer\" target=\"_blank\">apuntarte en la lista de correo<\/a> (seas o no de Gipuzkoa).<\/p>\n\t\t\t<\/div>\n\t\t<\/div>\n\t\t\t\t<div id=\"qaef-4852\" class=\"qe-faq-toggle \">\n\t\t\t<div class=\"qe-toggle-title\">\n\t\t\t\t<h4>\n\t\t\t\t\t<i class=\"fa fa-minus-circle\"><\/i> \u00bfPod\u00e9is revisar mis escrituras y decirme si puedo reclamar?\t\t\t\t<\/h4>\n\t\t\t<\/div>\n\t\t\t<div class=\"qe-toggle-content\">\n\t\t\t\t<p>Lamentablemente no podemos atender todas las consultas que recibimos. Recuerda que somos gente afectada como t\u00fa. Pero si tienes alguna pregunta muy concreta puedes escribirnos a <a href=\"mailto:irphstop@gmail.com\">irphstop@gmail.com<\/a><\/p>\n\t\t\t<\/div>\n\t\t<\/div>\n\t\t\t\t<div id=\"qaef-4850\" class=\"qe-faq-toggle \">\n\t\t\t<div class=\"qe-toggle-title\">\n\t\t\t\t<h4>\n\t\t\t\t\t<i class=\"fa fa-minus-circle\"><\/i> \u00bfVais a poner en marcha una demanda colectiva?\t\t\t\t<\/h4>\n\t\t\t<\/div>\n\t\t\t<div class=\"qe-toggle-content\">\n\t\t\t\t<p>Por lo que nos han dicho siempre los abogados que nos han ayudado de manera voluntaria (Maite Ortiz y Jos\u00e9 Mar\u00eda Erauskin) una demanda colectiva no es lo mejor en este caso si lo que se desea es recuperar el dinero que nos han cobrado de m\u00e1s. La sentencia europea, que apunta a que cada caso ha de ser analizado de manera individual, refuerza la idea de que es mejor presentar demandas individuales.<\/p>\n\t\t\t<\/div>\n\t\t<\/div>\n\t\t\t\t<div id=\"qaef-4860\" class=\"qe-faq-toggle \">\n\t\t\t<div class=\"qe-toggle-title\">\n\t\t\t\t<h4>\n\t\t\t\t\t<i class=\"fa fa-minus-circle\"><\/i> \u00bfPuedo reclamar lo que pagu\u00e9 seg\u00fan IRPH aunque ahora est\u00e9 pagando seg\u00fan Euribor?\t\t\t\t<\/h4>\n\t\t\t<\/div>\n\t\t\t<div class=\"qe-toggle-content\">\n\t\t\t\t<p>S\u00ed. Y si el Euribor se te aplica por sustituci\u00f3n de IRPH Cajas porque as\u00ed lo preve\u00eda el contrato (caso de Kutxabank por ejemplo), al declararse nulo el IRPH se deber\u00eda declarar nulo tambi\u00e9n su sustitutivo.<\/p>\n\t\t\t<\/div>\n\t\t<\/div>\n\t\t\t\t<div id=\"qaef-4861\" class=\"qe-faq-toggle \">\n\t\t\t<div class=\"qe-toggle-title\">\n\t\t\t\t<h4>\n\t\t\t\t\t<i class=\"fa fa-minus-circle\"><\/i> \u00bfPuedo reclamar aunque ya haya terminado de pagar mi pr\u00e9stamo o me hayan desahuciado?\t\t\t\t<\/h4>\n\t\t\t<\/div>\n\t\t\t<div class=\"qe-toggle-content\">\n\t\t\t\t<p>S\u00ed. No hay plazo l\u00edmite para solicitar la nulidad de una cl\u00e1usula abusiva. Aunque los bancos pretenden que ese derecho caduque a los pocos a\u00f1os, al parecer no hay base jur\u00eddica.<\/p>\n\t\t\t<\/div>\n\t\t<\/div>\n\t\t            <\/div>\n\t\t<\/p>","protected":false},"excerpt":{"rendered":"<p>A continuaci\u00f3n encontrar\u00e1s respuesta a las preguntas que m\u00e1s frecuentemente recibimos. Si tienes alguna pregunta concreta que no est\u00e1 respondida puedes escribirnos a irphstop@gmail.com. Intentamos responder todas las consultas, aunque a veces nos lleva tiempo, por lo que te pedimos paciencia.<\/p>\n","protected":false},"author":1,"featured_media":0,"parent":0,"menu_order":0,"comment_status":"closed","ping_status":"closed","template":"","meta":{"_monsterinsights_skip_tracking":false,"_monsterinsights_sitenote_active":false,"_monsterinsights_sitenote_note":"","_monsterinsights_sitenote_category":0,"footnotes":""},"class_list":["post-4843","page","type-page","status-publish","hentry"],"aioseo_notices":[],"_links":{"self":[{"href":"https:\/\/irphstop.eus\/es\/wp-json\/wp\/v2\/pages\/4843","targetHints":{"allow":["GET"]}}],"collection":[{"href":"https:\/\/irphstop.eus\/es\/wp-json\/wp\/v2\/pages"}],"about":[{"href":"https:\/\/irphstop.eus\/es\/wp-json\/wp\/v2\/types\/page"}],"author":[{"embeddable":true,"href":"https:\/\/irphstop.eus\/es\/wp-json\/wp\/v2\/users\/1"}],"replies":[{"embeddable":true,"href":"https:\/\/irphstop.eus\/es\/wp-json\/wp\/v2\/comments?post=4843"}],"version-history":[{"count":4,"href":"https:\/\/irphstop.eus\/es\/wp-json\/wp\/v2\/pages\/4843\/revisions"}],"predecessor-version":[{"id":4862,"href":"https:\/\/irphstop.eus\/es\/wp-json\/wp\/v2\/pages\/4843\/revisions\/4862"}],"wp:attachment":[{"href":"https:\/\/irphstop.eus\/es\/wp-json\/wp\/v2\/media?parent=4843"}],"curies":[{"name":"wp","href":"https:\/\/api.w.org\/{rel}","templated":true}]}}