{"id":596,"date":"2013-10-01T22:10:39","date_gmt":"2013-10-01T20:10:39","guid":{"rendered":"http:\/\/www.irphstop.net\/?page_id=596"},"modified":"2017-09-16T21:31:51","modified_gmt":"2017-09-16T19:31:51","slug":"batzar-nagusiak","status":"publish","type":"page","link":"https:\/\/irphstop.eus\/es\/batzar-nagusiak\/","title":{"rendered":"Juntas Generales de Gipuzkoa"},"content":{"rendered":"<p><img loading=\"lazy\" decoding=\"async\" src=\"https:\/\/irphstop.eus\/wp-content\/uploads\/2013\/09\/alertalaranja-1.jpg\" alt=\"\" width=\"1149\" height=\"489\" class=\"alignnone size-full wp-image-549\" srcset=\"https:\/\/irphstop.eus\/wp-content\/uploads\/2013\/09\/alertalaranja-1.jpg 1149w, https:\/\/irphstop.eus\/wp-content\/uploads\/2013\/09\/alertalaranja-1-300x128.jpg 300w, https:\/\/irphstop.eus\/wp-content\/uploads\/2013\/09\/alertalaranja-1-768x327.jpg 768w, https:\/\/irphstop.eus\/wp-content\/uploads\/2013\/09\/alertalaranja-1-1024x436.jpg 1024w\" sizes=\"auto, (max-width: 1149px) 100vw, 1149px\" \/><\/p>\n<p>Las Juntas Generales de Gipuzkoa ten\u00edan un representante en el Consejo de Administraci\u00f3n de Kutxa. Por eso este es un foro importante. <\/p>\n<p>Aqu\u00ed tienes todas las noticias que hemos publicado en nuestra p\u00e1gina relacionadas con las Juntas Generales:<\/p>\n<p><ul class=\"lcp_catlist\" id=\"lcp_instance_0\"><li><a href=\"https:\/\/irphstop.eus\/es\/jon-jauregi\/\">Jon Jauregi Bereciartua<\/a>  2017-01-08<\/li><li><a href=\"https:\/\/irphstop.eus\/es\/pnv-kutxabank-eta-irph-cajas\/\">PNV, Kutxabank y el IRPH Cajas<\/a>  2016-11-06<\/li><li><a href=\"https:\/\/irphstop.eus\/es\/izaskun-bilbao-pnv-ko-europarlamentariari-erantzuna\/\">Respuesta a la europarlamentaria del PNV Izaskun Bilbao<\/a>  2016-10-23<\/li><li><a href=\"https:\/\/irphstop.eus\/es\/irpharen-aurkako-ebazpen-urardotua-onartu-dute-gipuzkoako-bbnnek\/\">Lss JJGG de Gipuzkoa aprueban una resoluci\u00f3n descafeinada contra el IRPH<\/a>  2016-10-05<\/li><li><a href=\"https:\/\/irphstop.eus\/es\/irpharen-gaian-psoe-ez-da-fidagarria\/\">En materia de IRPH el PSOE no es de fiar<\/a>  2015-12-07<\/li><li><a href=\"https:\/\/irphstop.eus\/es\/maria-jesus-egido-pse-eta-eider-mendoza-pnv-batzarkideei-gutun-irekia\/\">Carta abierta a las junteras Mar\u00eda Jes\u00fas Egido (PSE) y Eider Mendoza (PNV)<\/a>  2014-11-20<\/li><li><a href=\"https:\/\/irphstop.eus\/es\/irpha-baliogabetzen-duen-hirugarren-epaia\/\">Tercera sentencia que declara nulo un IRPH<\/a>  2014-11-04<\/li><li><a href=\"https:\/\/irphstop.eus\/es\/batzar-nagusitan-irpharen-inguruan-aritu-dira-berriz-ere\/\">Las Juntas Generales debaten nuevamente sobre el IRPH<\/a>  2014-10-25<\/li><li><a href=\"https:\/\/irphstop.eus\/es\/eneko-anduezari-pse-gutun-irekia\/\">Carta abierta a Eneko Andueza (PSE)<\/a>  2014-10-06<\/li><li><a href=\"https:\/\/irphstop.eus\/es\/irph-entidades-inguruko-salaketa-epaiaren-zain\/\">Vista para sentencia la demanda contra IRPH Entidades<\/a>  2014-09-22<\/li><li><a href=\"https:\/\/irphstop.eus\/es\/irpharen-aurkako-udazken-beroa\/\">Oto\u00f1o caliente contra el IRPH<\/a>  2014-08-21<\/li><li><a href=\"https:\/\/irphstop.eus\/es\/pse-eeren-jarrera-agerian\/\">La actitud del PSE-EE al descubierto<\/a>  2014-07-18<\/li><li><a href=\"https:\/\/irphstop.eus\/es\/zergatik-kexatzen-da-corchon-jauna\/\">\u00bfDe qu\u00e9 se queja el se\u00f1or Corch\u00f3n?<\/a>  2014-07-18<\/li><li><a href=\"https:\/\/irphstop.eus\/es\/andoni-ortuzar-irpharen-kaltedunari-mezua\/\">Carta el afectado por IRPH Andoni Ortuzar<\/a>  2014-07-18<\/li><li><a href=\"https:\/\/irphstop.eus\/es\/irph-stop-batzar-nagusitan-agerraldi-osoa\/\">IRPH Stop en las Juntas Generales: comparecencia compelta<\/a>  2014-07-16<\/li><li><a href=\"https:\/\/irphstop.eus\/es\/kutxabankek-ciu-ri-10-milioi-euro-barkatu-dizkio\/\">Kutxabank ha perdonado 10 millones de euros a CiU<\/a>  2014-07-11<\/li><li><a href=\"https:\/\/irphstop.eus\/es\/irpharen-kaltedunon-agerraldia-batzar-nagusitan\/\">Comparecencia de afectados por IRPH en Juntas Generales<\/a>  2014-07-03<\/li><li><a href=\"https:\/\/irphstop.eus\/es\/kaltedunen-babeserako-funts-bat-egiteko-pseren-proposamena-baztertzen-dugu\/\">Rechazamos la propuesta del PSE-EE de crear un fondo de protecci\u00f3n a los afectados por IRPH<\/a>  2014-06-24<\/li><li><a href=\"https:\/\/irphstop.eus\/es\/pnvk-ez-du-oso-garbi-kutxa-publikoa-ala-pribatua-den\/\">El PNV no tiene muy claro si Kutxa es p\u00fablica o privada<\/a>  2014-02-03<\/li><li><a href=\"https:\/\/irphstop.eus\/es\/pnv-barregarri-irpharen-benetako-eztabaida-ekidin-nahian\/\">El PNV hace el rid\u00edculo intentando eludir el debate sobre el IRPH<\/a>  2014-01-29<\/li><li><a href=\"https:\/\/irphstop.eus\/es\/pnv-eta-pseren-burla-eta-manipulazioaren-frogak\/\">Pruebas de la burla y manipulaci\u00f3n de PNV y PSE<\/a>  2014-01-27<\/li><li><a href=\"https:\/\/irphstop.eus\/es\/pnv-eta-pseko-batzarkideek-biktimoi-barre-egiten-digute\/\">Los junteros de PNV y PSE se r\u00eden de las v\u00edctimas<\/a>  2014-01-27<\/li><li><a href=\"https:\/\/irphstop.eus\/es\/pnv-pse-eta-ppk-jon-jauregik-kutxan-irpha-bultzatzea-babestu-dute\/\">PNV, PSE y PP avalan que el * * * * * * Jon Jauregi apoye el IRPH en Kutxa<\/a>  2014-01-17<\/li><li><a href=\"https:\/\/irphstop.eus\/es\/eider-mendoza-larranaga-lotsagabe-hutsa-zara\/\">Eider Mendoza Larra\u00f1aga, eres una sinverg\u00fcenza<\/a>  2013-12-12<\/li><li><a href=\"https:\/\/irphstop.eus\/es\/jon-jauregiren-dimisioa-ezinbestekoa-da\/\">El * * * * * * * * * * Jon Jauregi debe dimitir<\/a>  2013-12-10<\/li><li><a href=\"https:\/\/irphstop.eus\/es\/batzar-nagusietako-lehendakariaren-harrera-ofiziala-eta-iturberi-kontuak-eskatzea\/\">Recepci\u00f3n oficial de la presidenta de Juntas Generales&#8230; y solicitud de comparecencia de Xabier Iturbe<\/a>  2013-11-21<\/li><li><a href=\"https:\/\/irphstop.eus\/es\/eta-gainera-kriminalak-jezarriak-sentitzen-dira\/\">&#8230;y encima los criminales se sienten acosados<\/a>  2013-11-09<\/li><li><a href=\"https:\/\/irphstop.eus\/es\/batzar-nagusietan-azaroaren-6an-gertaturikoen-inguruan\/\">Sobre los acontecimientos del 6 de noviembre en Juntas Generales<\/a>  2013-11-07<\/li><li><a href=\"https:\/\/irphstop.eus\/es\/criminales\/\">Criminales<\/a>  2013-11-07<\/li><li><a href=\"https:\/\/irphstop.eus\/es\/batzar-nagusien-aurreko-agerraldia-komunikabideetan\/\">La comparecencia frente a Juntas Generales en los medios de comunicaci\u00f3n<\/a>  2013-11-06<\/li><li><a href=\"https:\/\/irphstop.eus\/es\/zuzenketa\/\">Rectificaci\u00f3n<\/a>  2013-11-06<\/li><li><a href=\"https:\/\/irphstop.eus\/es\/pnv-eta-psek-betoa-jarri-diote-kaltetuak-batzar-nagusietara-sartzeari\/\">PNV y PSE vetan la entrada de las v\u00edctimas a las Juntas Generales<\/a>  2013-11-05<\/li><li><a href=\"https:\/\/irphstop.eus\/es\/irpha-batzar-nagusietan-berriro\/\">IRPH en Juntas Generales, otra vez<\/a>  2013-11-05<\/li><li><a href=\"https:\/\/irphstop.eus\/es\/asteleheneanbaiosteguneanez\/\">El lunes s\u00ed, el jueves no: PNV y PSE en Kutxa<\/a>  2013-09-29<\/li><li><a href=\"https:\/\/irphstop.eus\/es\/batzar-nagusietako-gertakariei-buruzko-gure-balorazioa\/\">Nuestra valoraci\u00f3n sobre los acontecimientos en Juntas Generales<\/a>  2013-09-24<\/li><li><a href=\"https:\/\/irphstop.eus\/es\/prentsaurrekoa-batzar-nagusietan\/\">Rueda de prensa en Juntas Generales<\/a>  2013-09-23<\/li><li><a href=\"https:\/\/irphstop.eus\/es\/alerta-laranja-guztiok-batzar-nagusietara\/\">Alerta naranja: \u00a1todas a Juntas Generales!<\/a>  2013-09-20<\/li><li><a href=\"https:\/\/irphstop.eus\/es\/bihar-guztiok-batzar-nagusietara\/\">Aplazadas las actividades en Juntas Generales<\/a>  2013-09-18<\/li><li><a href=\"https:\/\/irphstop.eus\/es\/irpha-gipuzkoako-batzar-nagusietan\/\">IRPH en las Juntas Generales de Gipuzkoa<\/a>  2013-09-16<\/li><\/ul><\/p>","protected":false},"excerpt":{"rendered":"<p>Las Juntas Generales de Gipuzkoa ten\u00edan un representante en el Consejo de Administraci\u00f3n de Kutxa. Por eso este es un foro importante. Aqu\u00ed tienes todas las noticias que hemos publicado en nuestra p\u00e1gina relacionadas con las Juntas Generales:<\/p>\n","protected":false},"author":2,"featured_media":0,"parent":0,"menu_order":0,"comment_status":"open","ping_status":"open","template":"","meta":{"_monsterinsights_skip_tracking":false,"_monsterinsights_sitenote_active":false,"_monsterinsights_sitenote_note":"","_monsterinsights_sitenote_category":0,"footnotes":""},"class_list":["post-596","page","type-page","status-publish","hentry"],"aioseo_notices":[],"_links":{"self":[{"href":"https:\/\/irphstop.eus\/es\/wp-json\/wp\/v2\/pages\/596","targetHints":{"allow":["GET"]}}],"collection":[{"href":"https:\/\/irphstop.eus\/es\/wp-json\/wp\/v2\/pages"}],"about":[{"href":"https:\/\/irphstop.eus\/es\/wp-json\/wp\/v2\/types\/page"}],"author":[{"embeddable":true,"href":"https:\/\/irphstop.eus\/es\/wp-json\/wp\/v2\/users\/2"}],"replies":[{"embeddable":true,"href":"https:\/\/irphstop.eus\/es\/wp-json\/wp\/v2\/comments?post=596"}],"version-history":[{"count":2,"href":"https:\/\/irphstop.eus\/es\/wp-json\/wp\/v2\/pages\/596\/revisions"}],"predecessor-version":[{"id":3897,"href":"https:\/\/irphstop.eus\/es\/wp-json\/wp\/v2\/pages\/596\/revisions\/3897"}],"wp:attachment":[{"href":"https:\/\/irphstop.eus\/es\/wp-json\/wp\/v2\/media?parent=596"}],"curies":[{"name":"wp","href":"https:\/\/api.w.org\/{rel}","templated":true}]}}