{"id":598,"date":"2013-10-01T22:11:41","date_gmt":"2013-10-01T20:11:41","guid":{"rendered":"http:\/\/www.irphstop.net\/?page_id=598"},"modified":"2017-09-16T21:29:50","modified_gmt":"2017-09-16T19:29:50","slug":"udaletxeak","status":"publish","type":"page","link":"https:\/\/irphstop.eus\/es\/udaletxeak\/","title":{"rendered":"Ayuntamientos"},"content":{"rendered":"<p><img loading=\"lazy\" decoding=\"async\" class=\"alignnone size-full wp-image-44\" alt=\"donos\" src=\"https:\/\/irphstop.eus\/wp-content\/uploads\/2013\/07\/donos.jpg\" width=\"384\" height=\"349\" \/><\/p>\n<p>Los plenos de numerosos ayuntamientos de Gipuzkoa han aprobado mociones en contra del IRPH en las que, entre otras cosas, se ped\u00eda a Kutxa que nos aplicara de inmediato el sustitutivo previsto en nuestros contratos (Euribor+1%). Estas mociones, adem\u00e1s de EH Bildu, las ha apoyado el PSE-EE (en todos los casos), el PNV (en muchos) y hasta el PP en alguna ocasi\u00f3n. Pero resulta que en las reuniones del Consejo de Administraci\u00f3n de Kutxa el PNV y el PSE apoyan una y otra vez que se nos siga aplicando el IRPH. Se quieren re\u00edr de nosotros pero no lo vamos a tolerar.<\/p>\n<p>La lista de municipios de Gipuzkoa en los que se han aprobado estas mociones es la siguiente. Si conoces alg\u00fan caso m\u00e1s, h\u00e1znoslo saber.<\/p>\n<ul>\n<li>Donostia &#8211; San Sebasti\u00e1n<\/li>\n<li>Irun<\/li>\n<li>Errenteria<\/li>\n<li>Eibar<\/li>\n<li>Arrasate &#8211; Mondrag\u00f3n<\/li>\n<li>Urnieta<\/li>\n<li>Zarautz<\/li>\n<li>Hernani<\/li>\n<li>Tolosa<\/li>\n<li>Lasarte-Oria<\/li>\n<li>Hondarribia<\/li>\n<li>Pasaia<\/li>\n<li>Andoain<\/li>\n<li>Bergara<\/li>\n<li>Elgoibar<\/li>\n<li>O\u00f1ati<\/li>\n<li>Legazpi<\/li>\n<li>Ibarra<\/li>\n<li>Eskoriatza<\/li>\n<li>Legorreta<\/li>\n<li>Larraul<\/li>\n<\/ul>\n<p>Aqu\u00ed tienes todas las noticias que hemos publicado en nuestra p\u00e1gina relacionadas con ayuntamientos:<\/p>\n<p><ul class=\"lcp_catlist\" id=\"lcp_instance_0\"><li><a href=\"https:\/\/irphstop.eus\/es\/pnv-eta-psek-atzera-egitea-lortu-dugu\/\">Conseguimos que PNV y PSE reculen<\/a>  2015-08-24<\/li><li><a href=\"https:\/\/irphstop.eus\/es\/pnv-eta-pseren-erasoari-erantzun\/\">Respondamos al ataque de PNV y PSE<\/a>  2015-08-10<\/li><li><a href=\"https:\/\/irphstop.eus\/es\/pnv-pse-eta-ppk-irpharen-alde-egin-dute-donostian\/\">PNV, PSE y PP defienden al IRPH en Donostia<\/a>  2014-12-18<\/li><li><a href=\"https:\/\/irphstop.eus\/es\/donostiako-udalbatzak-irph-a-eztabaidatuko-du\/\">El pleno del ayuntamiento de Donostia debatir\u00e1 sobre IRPH<\/a>  2014-12-11<\/li><li><a href=\"https:\/\/irphstop.eus\/es\/kutxak-irph-aplikatzea-gaitzetsi-dute-foru-aldundiak-eta-udaletxeak\/\">Diputaci\u00f3n y Ayuntamiento denuncian que Kutxa aplica IRPH<\/a>  2014-04-11<\/li><li><a href=\"https:\/\/irphstop.eus\/es\/lasarte-oriako-udalbatzak-ere-onartu-du-ekimena\/\">El pleno del ayuntamiento de Lasarte-Oria tambi\u00e9n aprueba la moci\u00f3n<\/a>  2013-07-14<\/li><li><a href=\"https:\/\/irphstop.eus\/es\/irph-aren-aurkako-ekimena-donostiako-udalbatzan\/\">Iniciativa contra el IRPH en el pleno del ayuntamiento de Donostia<\/a>  2013-07-10<\/li><\/ul>[contact-form][contact-field label=\u00bbNombre\u00bb type=\u00bbname\u00bb  required=\u00bbtrue\u00bb \/][contact-field label=\u00bbCorreo electr\u00f3nico\u00bb type=\u00bbemail\u00bb required=\u00bbtrue\u00bb \/][contact-field label=\u00bbWeb\u00bb type=\u00bburl\u00bb \/][contact-field label=\u00bbMensaje\u00bb type=\u00bbtextarea\u00bb \/][\/contact-for<\/p>","protected":false},"excerpt":{"rendered":"<p>Los plenos de numerosos ayuntamientos de Gipuzkoa han aprobado mociones en contra del IRPH en las que, entre otras cosas, se ped\u00eda a Kutxa que nos aplicara de inmediato el sustitutivo previsto en nuestros contratos (Euribor+1%). Estas mociones, adem\u00e1s de EH Bildu, las ha apoyado el PSE-EE (en todos los casos), el PNV (en muchos) &hellip; <a href=\"https:\/\/irphstop.eus\/es\/udaletxeak\/\" class=\"more-link\">Continue reading <span class=\"screen-reader-text\">Ayuntamientos<\/span><\/a><\/p>\n","protected":false},"author":2,"featured_media":44,"parent":0,"menu_order":0,"comment_status":"open","ping_status":"open","template":"","meta":{"_monsterinsights_skip_tracking":false,"_monsterinsights_sitenote_active":false,"_monsterinsights_sitenote_note":"","_monsterinsights_sitenote_category":0,"footnotes":""},"class_list":["post-598","page","type-page","status-publish","has-post-thumbnail","hentry"],"aioseo_notices":[],"_links":{"self":[{"href":"https:\/\/irphstop.eus\/es\/wp-json\/wp\/v2\/pages\/598","targetHints":{"allow":["GET"]}}],"collection":[{"href":"https:\/\/irphstop.eus\/es\/wp-json\/wp\/v2\/pages"}],"about":[{"href":"https:\/\/irphstop.eus\/es\/wp-json\/wp\/v2\/types\/page"}],"author":[{"embeddable":true,"href":"https:\/\/irphstop.eus\/es\/wp-json\/wp\/v2\/users\/2"}],"replies":[{"embeddable":true,"href":"https:\/\/irphstop.eus\/es\/wp-json\/wp\/v2\/comments?post=598"}],"version-history":[{"count":1,"href":"https:\/\/irphstop.eus\/es\/wp-json\/wp\/v2\/pages\/598\/revisions"}],"predecessor-version":[{"id":3895,"href":"https:\/\/irphstop.eus\/es\/wp-json\/wp\/v2\/pages\/598\/revisions\/3895"}],"wp:featuredmedia":[{"embeddable":true,"href":"https:\/\/irphstop.eus\/es\/wp-json\/wp\/v2\/media\/44"}],"wp:attachment":[{"href":"https:\/\/irphstop.eus\/es\/wp-json\/wp\/v2\/media?parent=598"}],"curies":[{"name":"wp","href":"https:\/\/api.w.org\/{rel}","templated":true}]}}