{"id":604,"date":"2013-10-01T22:15:38","date_gmt":"2013-10-01T20:15:38","guid":{"rendered":"http:\/\/www.irphstop.net\/?page_id=604"},"modified":"2013-10-01T22:15:38","modified_gmt":"2013-10-01T20:15:38","slug":"atzerako-eragina","status":"publish","type":"page","link":"https:\/\/irphstop.eus\/es\/atzerako-eragina\/","title":{"rendered":"ATZERAKO ERAGINA"},"content":{"rendered":"<p>El IRPH es una cl\u00e1usula abusiva, y por tanto nula a todos los efectos. Por lo tanto, lo procedente es que se nos devuelvan todas las cantidades indebidamente cobradas seg\u00fan este \u00edndice. Como ver\u00e1s en <a href=\"https:\/\/irphstop.eus\/es\/epaitegiak\/\" title=\"EPAITEGIAK\">el apartado \u00abJuzgados\u00bb<\/a>, la justicia ya nos ha dado la raz\u00f3n. Pide t\u00fa tambi\u00e9n que te devuelvan tu dinero: mira <a href=\"https:\/\/irphstop.eus\/es\/zer-egin-dezaket\/\">el apartado \u00abQu\u00e9 hacer\u00bb<\/a>.<\/p>\n<p>Nuestro objetivo es la desaparici\u00f3n de todas las variedades de IRPH y la devoluci\u00f3n de lo robado a todas las familias v\u00edctimas de todas las variedades de IRPH aplicadas por todas las entidades bancarias durante toda la vida de la hipoteca, sin necesidad de acudir a los tribunales.<\/p>","protected":false},"excerpt":{"rendered":"<p>El IRPH es una cl\u00e1usula abusiva, y por tanto nula a todos los efectos. Por lo tanto, lo procedente es que se nos devuelvan todas las cantidades indebidamente cobradas seg\u00fan este \u00edndice. Como ver\u00e1s en el apartado \u00abJuzgados\u00bb, la justicia ya nos ha dado la raz\u00f3n. Pide t\u00fa tambi\u00e9n que te devuelvan tu dinero: mira &hellip; <a href=\"https:\/\/irphstop.eus\/es\/atzerako-eragina\/\" class=\"more-link\">Continue reading <span class=\"screen-reader-text\">ATZERAKO ERAGINA<\/span><\/a><\/p>\n","protected":false},"author":2,"featured_media":0,"parent":0,"menu_order":0,"comment_status":"open","ping_status":"open","template":"","meta":{"_monsterinsights_skip_tracking":false,"_monsterinsights_sitenote_active":false,"_monsterinsights_sitenote_note":"","_monsterinsights_sitenote_category":0,"footnotes":""},"class_list":["post-604","page","type-page","status-publish","hentry"],"aioseo_notices":[],"_links":{"self":[{"href":"https:\/\/irphstop.eus\/es\/wp-json\/wp\/v2\/pages\/604","targetHints":{"allow":["GET"]}}],"collection":[{"href":"https:\/\/irphstop.eus\/es\/wp-json\/wp\/v2\/pages"}],"about":[{"href":"https:\/\/irphstop.eus\/es\/wp-json\/wp\/v2\/types\/page"}],"author":[{"embeddable":true,"href":"https:\/\/irphstop.eus\/es\/wp-json\/wp\/v2\/users\/2"}],"replies":[{"embeddable":true,"href":"https:\/\/irphstop.eus\/es\/wp-json\/wp\/v2\/comments?post=604"}],"version-history":[{"count":0,"href":"https:\/\/irphstop.eus\/es\/wp-json\/wp\/v2\/pages\/604\/revisions"}],"wp:attachment":[{"href":"https:\/\/irphstop.eus\/es\/wp-json\/wp\/v2\/media?parent=604"}],"curies":[{"name":"wp","href":"https:\/\/api.w.org\/{rel}","templated":true}]}}