{"id":606,"date":"2013-10-01T22:16:53","date_gmt":"2013-10-01T20:16:53","guid":{"rendered":"http:\/\/www.irphstop.net\/?page_id=606"},"modified":"2013-10-01T22:16:53","modified_gmt":"2013-10-01T20:16:53","slug":"azaroaren-1a","status":"publish","type":"page","link":"https:\/\/irphstop.eus\/es\/azaroaren-1a\/","title":{"rendered":"AZAROAREN 1A"},"content":{"rendered":"<p>[ujicountdown id=\u00bbAzaroaren 1a\u00bb expire=\u00bb2013\/11\/01 00:00&#8243;]<\/p>\n<p>El 1 de noviembre de 2013, dos largos a\u00f1os despu\u00e9s de la publicaci\u00f3n de la orden ministerial EHA\/2899\/2011 de transparencia y protecci\u00f3n del cliente de servicios bancarios (el 28 de octubre de 2011), desaparecer\u00e1 definitivamente el IRPH Cajas.<\/p>\n<p>Los clientes de Kutxa con un sustitutivo ya previsto hemos pagado injustamente durante dos a\u00f1os. Y parece que Kutxabank est\u00e1 dispuesta a intentar prolongar esta estafa hasta la pr\u00f3xima revisi\u00f3n de nuestra hipoteca, sea cuando sea y aunque nos toque en octubre de 2014. Pero no va a poder ser. Hasta aqu\u00ed hemos llegado. Nuestros contratos establecen claramente que a la desaparici\u00f3n del IRPH Cajas se nos aplicar\u00e1 Euribor+1%, y esto va a ocurrir el pr\u00f3ximo 1 de noviembre de 2013. Los acuerdos entre partes tienen fuerza de ley, y lo que pretenden hacer ser\u00eda una vulneraci\u00f3n de contrato que estamos dispuestos a llevar a los tribunales en colaboraci\u00f3n con abogados de Stop Desahucios.<\/p>\n<p><strong>Como primera medida, todos los afectados debemos hacer entrega en nuestra sucursal (y pedir copia sellada) de los siguientes documentos:<\/strong><\/p>\n<p><strong>1.- Solicitud de aplicaci\u00f3n de Euribor+1 el d\u00eda 1 de noviembre: <a href=\"https:\/\/irphstop.eus\/wp-content\/uploads\/2013\/07\/azaroaren1a.doc\">SOLICITUD EN EUSKERA<\/a> | <a href=\"https:\/\/irphstop.eus\/wp-content\/uploads\/2013\/07\/1noviembre.doc\">SOLICITUD EN CASTELLANO<\/a>\u00a0<\/strong><\/p>\n<p><strong>2.- <a href=\"https:\/\/irphstop.eus\/wp-content\/uploads\/2013\/10\/Carta_abierta.pdf\" target=\"_blank\">Carta abierta al presidente de Kutxabank Mario Fern\u00e1ndez<\/a><\/strong><strong><br \/>\n<\/strong><\/p>","protected":false},"excerpt":{"rendered":"<p>[ujicountdown id=\u00bbAzaroaren 1a\u00bb expire=\u00bb2013\/11\/01 00:00&#8243;] El 1 de noviembre de 2013, dos largos a\u00f1os despu\u00e9s de la publicaci\u00f3n de la orden ministerial EHA\/2899\/2011 de transparencia y protecci\u00f3n del cliente de servicios bancarios (el 28 de octubre de 2011), desaparecer\u00e1 definitivamente el IRPH Cajas. Los clientes de Kutxa con un sustitutivo ya previsto hemos pagado injustamente &hellip; <a href=\"https:\/\/irphstop.eus\/es\/azaroaren-1a\/\" class=\"more-link\">Continue reading <span class=\"screen-reader-text\">AZAROAREN 1A<\/span><\/a><\/p>\n","protected":false},"author":2,"featured_media":0,"parent":0,"menu_order":0,"comment_status":"open","ping_status":"open","template":"","meta":{"_monsterinsights_skip_tracking":false,"_monsterinsights_sitenote_active":false,"_monsterinsights_sitenote_note":"","_monsterinsights_sitenote_category":0,"footnotes":""},"class_list":["post-606","page","type-page","status-publish","hentry"],"aioseo_notices":[],"_links":{"self":[{"href":"https:\/\/irphstop.eus\/es\/wp-json\/wp\/v2\/pages\/606","targetHints":{"allow":["GET"]}}],"collection":[{"href":"https:\/\/irphstop.eus\/es\/wp-json\/wp\/v2\/pages"}],"about":[{"href":"https:\/\/irphstop.eus\/es\/wp-json\/wp\/v2\/types\/page"}],"author":[{"embeddable":true,"href":"https:\/\/irphstop.eus\/es\/wp-json\/wp\/v2\/users\/2"}],"replies":[{"embeddable":true,"href":"https:\/\/irphstop.eus\/es\/wp-json\/wp\/v2\/comments?post=606"}],"version-history":[{"count":0,"href":"https:\/\/irphstop.eus\/es\/wp-json\/wp\/v2\/pages\/606\/revisions"}],"wp:attachment":[{"href":"https:\/\/irphstop.eus\/es\/wp-json\/wp\/v2\/media?parent=606"}],"curies":[{"name":"wp","href":"https:\/\/api.w.org\/{rel}","templated":true}]}}