{"id":608,"date":"2013-10-01T22:18:29","date_gmt":"2013-10-01T20:18:29","guid":{"rendered":"http:\/\/www.irphstop.net\/?page_id=608"},"modified":"2017-09-16T21:36:37","modified_gmt":"2017-09-16T19:36:37","slug":"adi-egon","status":"publish","type":"page","link":"https:\/\/irphstop.eus\/es\/adi-egon\/","title":{"rendered":"Bolet\u00edn de noticias"},"content":{"rendered":"<p><img loading=\"lazy\" decoding=\"async\" src=\"https:\/\/irphstop.eus\/wp-content\/uploads\/2015\/01\/info.jpg\" alt=\"info\" width=\"334\" height=\"303\" class=\"alignnone size-full wp-image-2254\" \/><\/p>\n<p>Si quieres recibir en tu correo electr\u00f3nico todas las noticias sobre la lucha contra el IRPH puedes suscribirte introduciendo tu direcci\u00f3n aqu\u00ed:<\/p>\n<p><script>(function() {\n\twindow.mc4wp = window.mc4wp || {\n\t\tlisteners: [],\n\t\tforms: {\n\t\t\ton: function(evt, cb) {\n\t\t\t\twindow.mc4wp.listeners.push(\n\t\t\t\t\t{\n\t\t\t\t\t\tevent   : evt,\n\t\t\t\t\t\tcallback: cb\n\t\t\t\t\t}\n\t\t\t\t);\n\t\t\t}\n\t\t}\n\t}\n})();\n<\/script><!-- Mailchimp for WordPress v4.11.1 - https:\/\/wordpress.org\/plugins\/mailchimp-for-wp\/ --><form id=\"mc4wp-form-2\" class=\"mc4wp-form mc4wp-form-3809\" method=\"post\" data-id=\"3809\" data-name=\"Izena eman\" ><div class=\"mc4wp-form-fields\"><p>\r\n\t<label>Helbide elektronikoa \/ direcci\u00f3n de email: <\/label>\r\n\t<input type=\"email\" name=\"EMAIL\" required \/>\r\n<\/p>\r\n<p>\r\n    <label>Izena \/ Nombre<\/label>\r\n    <input type=\"text\" name=\"FNAME\">\r\n<\/p>\r\n<p>\r\n    <label>Abizena \/ Apellido<\/label>\r\n    <input type=\"text\" name=\"LNAME\">\r\n<\/p>\r\n\r\n<p>\r\n\t<input type=\"submit\" value=\"Izena eman \/ Apuntarse\" \/>\r\n<\/p><\/div><label style=\"display: none !important;\">Deja vac\u00edo este campo si eres humano: <input type=\"text\" name=\"_mc4wp_honeypot\" value=\"\" tabindex=\"-1\" autocomplete=\"off\" \/><\/label><input type=\"hidden\" name=\"_mc4wp_timestamp\" value=\"1776612937\" \/><input type=\"hidden\" name=\"_mc4wp_form_id\" value=\"3809\" \/><input type=\"hidden\" name=\"_mc4wp_form_element_id\" value=\"mc4wp-form-2\" \/><div class=\"mc4wp-response\"><\/div><\/form><!-- \/ Mailchimp for WordPress Plugin --><br \/>\n<font color=\"white\">.<\/font><br \/>\nS\u00edguenos tambi\u00e9n en nuestra cuenta de Twitter: <a href=\"https:\/\/twitter.com\/irphstop_gpzkoa\" target=\"_blank\">@irphstop_gpzkoa<\/a><\/p>","protected":false},"excerpt":{"rendered":"<p>Si quieres recibir en tu correo electr\u00f3nico todas las noticias sobre la lucha contra el IRPH puedes suscribirte introduciendo tu direcci\u00f3n aqu\u00ed: . S\u00edguenos tambi\u00e9n en nuestra cuenta de Twitter: @irphstop_gpzkoa<\/p>\n","protected":false},"author":2,"featured_media":0,"parent":0,"menu_order":0,"comment_status":"open","ping_status":"open","template":"","meta":{"_monsterinsights_skip_tracking":false,"_monsterinsights_sitenote_active":false,"_monsterinsights_sitenote_note":"","_monsterinsights_sitenote_category":0,"footnotes":""},"class_list":["post-608","page","type-page","status-publish","hentry"],"aioseo_notices":[],"_links":{"self":[{"href":"https:\/\/irphstop.eus\/es\/wp-json\/wp\/v2\/pages\/608","targetHints":{"allow":["GET"]}}],"collection":[{"href":"https:\/\/irphstop.eus\/es\/wp-json\/wp\/v2\/pages"}],"about":[{"href":"https:\/\/irphstop.eus\/es\/wp-json\/wp\/v2\/types\/page"}],"author":[{"embeddable":true,"href":"https:\/\/irphstop.eus\/es\/wp-json\/wp\/v2\/users\/2"}],"replies":[{"embeddable":true,"href":"https:\/\/irphstop.eus\/es\/wp-json\/wp\/v2\/comments?post=608"}],"version-history":[{"count":2,"href":"https:\/\/irphstop.eus\/es\/wp-json\/wp\/v2\/pages\/608\/revisions"}],"predecessor-version":[{"id":3905,"href":"https:\/\/irphstop.eus\/es\/wp-json\/wp\/v2\/pages\/608\/revisions\/3905"}],"wp:attachment":[{"href":"https:\/\/irphstop.eus\/es\/wp-json\/wp\/v2\/media?parent=608"}],"curies":[{"name":"wp","href":"https:\/\/api.w.org\/{rel}","templated":true}]}}