{"id":61,"date":"2013-07-10T04:54:57","date_gmt":"2013-07-10T02:54:57","guid":{"rendered":"http:\/\/www.irphstop.net\/?page_id=61"},"modified":"2017-09-16T19:26:36","modified_gmt":"2017-09-16T17:26:36","slug":"zer-egin-dezaket","status":"publish","type":"page","link":"https:\/\/irphstop.eus\/es\/zer-egin-dezaket\/","title":{"rendered":"\u00bfQu\u00e9 hacer?"},"content":{"rendered":"<p><img loading=\"lazy\" decoding=\"async\" class=\"alignnone size-full wp-image-1204\" style=\"line-height: 1.7;\" alt=\"kontsumobide_logo\" src=\"https:\/\/irphstop.eus\/wp-content\/uploads\/2014\/01\/kontsumobide_logo.jpg\" width=\"525\" height=\"248\" \/><\/p>\n<p>Lo primero que debes hacer es presentar una solicitud en tu banco para exigir que te devuelvan todo el dinero que has pagado en intereses por IRPH. Aqu\u00ed te facilitamos la siguiente documentaci\u00f3n:<\/p>\n<ul>\n<li><a href=\"https:\/\/irphstop.eus\/wp-content\/uploads\/2013\/07\/Modelo_reclamacion_IRPH.doc\">Modelo de reclamaci\u00f3n<\/a>.<\/li>\n<li><a href=\"https:\/\/irphstop.eus\/wp-content\/uploads\/2013\/07\/Anexos_reclamacion_IRPH.pdf\">Anexos a presentar junto con la reclamaci\u00f3n<\/a> (resoluci\u00f3n del Parlamento de Vitoria-Gasteiz y sentencia de la audiencia Provincial de \u00c1lava)<\/li>\n<\/ul>\n<p>Adem\u00e1s recomendamos presentar una hoja de reclamaciones en Kontsumobide (u otras agencias auton\u00f3micas de consumo). Para ello debes seguir los siguientes pasos:<\/p>\n<ul>\n<li>Acude a tu sucursal bancaria y solicita la hoja de reclamaciones de Kontsumobide. Si no te la quieren dar puedes llamar a la polic\u00eda municipal.<\/li>\n<li>Rellena la hoja siguiendo el ejemplo de <a href=\"https:\/\/irphstop.eus\/wp-content\/uploads\/2014\/01\/Kontsumobide_IRPH.pdf\">este documento<\/a>.<\/li>\n<li>El banco puede a\u00f1adir sus alegaciones, y en cualquier caso debe firmar.<\/li>\n<li>La hoja de color rosa se queda en el banco.<\/li>\n<li>La hoja verde es para ti.<\/li>\n<li>La hoja blanca la recoges t\u00fa, y la entregas o env\u00edas cuanto antes a una de las direcciones que puedes ver m\u00e1s abajo.<\/li>\n<li>Recomendamos adjuntar <a href=\"https:\/\/irphstop.eus\/wp-content\/uploads\/2013\/07\/Anexos_reclamacion_IRPH.pdf\">copia de la resoluci\u00f3n del Parlamento y de la sentencia de la Audiencia Provincial de \u00c1lava<\/a>.<\/li>\n<\/ul>\n<p>Lista de sedes territoriales de Kontsumobide a las que debes hacer llegar tu reclamaci\u00f3n:<\/p>\n<ul>\n<li>Gipuzkoa: Easo kalea, 10 5.a  20006 DONOSTIA<\/li>\n<li>Bizkaia: Alameda Rekalde, 39 A &#8211; bajo 48008 BILBAO<\/li>\n<li>Araba: Santiago hiribidea, 11 01002 VITORIA-GASTEIZ<\/li>\n<\/ul>\n<p>Para otras localidades de la CAV puedes <a href=\"http:\/\/www.kontsumobide.euskadi.eus\/y10-kbinfo2\/es\/contenidos\/informacion\/kb_omic_indice\/es_jsa\/index.shtml\" target=\"_blank\">ver una lista de oficinas aqu\u00ed<\/a>.<\/p>\n<p>Preguntas frecuentes sobre estos modelos de reclamaci\u00f3n:<\/p>\n<ul>\n<li>\u00bfSirve para otros bancos adem\u00e1s de Kutxabank? S\u00ed.<\/li>\n<li>\u00bfSirve para todos los tipos de IRPH? S\u00ed.<\/li>\n<li>Si ten\u00eda sustitutivo Euribor+1 y es lo que me est\u00e1n aplicando ahora, \u00bfsirve para reclamar lo que pagu\u00e9 seg\u00fan IRPH en el pasado? S\u00ed.<\/li>\n<li>\u00bfSirve para otras comunidades aut\u00f3nomas? S\u00ed.<\/li>\n<li>Tengo dudas, \u00bfpresento la reclamaci\u00f3n? Ante cualquier duda, s\u00ed, presenta la reclamaci\u00f3n.<\/li>\n<\/ul>\n<p><\/p>","protected":false},"excerpt":{"rendered":"<p>Lo primero que debes hacer es presentar una solicitud en tu banco para exigir que te devuelvan todo el dinero que has pagado en intereses por IRPH. Aqu\u00ed te facilitamos la siguiente documentaci\u00f3n: Modelo de reclamaci\u00f3n. Anexos a presentar junto con la reclamaci\u00f3n (resoluci\u00f3n del Parlamento de Vitoria-Gasteiz y sentencia de la audiencia Provincial de &hellip; <a href=\"https:\/\/irphstop.eus\/es\/zer-egin-dezaket\/\" class=\"more-link\">Continue reading <span class=\"screen-reader-text\">\u00bfQu\u00e9 hacer?<\/span><\/a><\/p>\n","protected":false},"author":2,"featured_media":1204,"parent":0,"menu_order":0,"comment_status":"open","ping_status":"open","template":"","meta":{"_monsterinsights_skip_tracking":false,"_monsterinsights_sitenote_active":false,"_monsterinsights_sitenote_note":"","_monsterinsights_sitenote_category":0,"footnotes":""},"class_list":["post-61","page","type-page","status-publish","has-post-thumbnail","hentry"],"aioseo_notices":[],"_links":{"self":[{"href":"https:\/\/irphstop.eus\/es\/wp-json\/wp\/v2\/pages\/61","targetHints":{"allow":["GET"]}}],"collection":[{"href":"https:\/\/irphstop.eus\/es\/wp-json\/wp\/v2\/pages"}],"about":[{"href":"https:\/\/irphstop.eus\/es\/wp-json\/wp\/v2\/types\/page"}],"author":[{"embeddable":true,"href":"https:\/\/irphstop.eus\/es\/wp-json\/wp\/v2\/users\/2"}],"replies":[{"embeddable":true,"href":"https:\/\/irphstop.eus\/es\/wp-json\/wp\/v2\/comments?post=61"}],"version-history":[{"count":1,"href":"https:\/\/irphstop.eus\/es\/wp-json\/wp\/v2\/pages\/61\/revisions"}],"predecessor-version":[{"id":3887,"href":"https:\/\/irphstop.eus\/es\/wp-json\/wp\/v2\/pages\/61\/revisions\/3887"}],"wp:featuredmedia":[{"embeddable":true,"href":"https:\/\/irphstop.eus\/es\/wp-json\/wp\/v2\/media\/1204"}],"wp:attachment":[{"href":"https:\/\/irphstop.eus\/es\/wp-json\/wp\/v2\/media?parent=61"}],"curies":[{"name":"wp","href":"https:\/\/api.w.org\/{rel}","templated":true}]}}