{"id":63,"date":"2013-07-10T04:56:43","date_gmt":"2013-07-10T02:56:43","guid":{"rendered":"http:\/\/www.irphstop.net\/?page_id=63"},"modified":"2013-07-10T04:56:43","modified_gmt":"2013-07-10T02:56:43","slug":"bilerak","status":"publish","type":"page","link":"https:\/\/irphstop.eus\/es\/bilerak\/","title":{"rendered":"BILERAK"},"content":{"rendered":"<p><a href=\"https:\/\/irphstop.eus\/wp-content\/uploads\/2013\/07\/craj.jpg\"><img loading=\"lazy\" decoding=\"async\" src=\"https:\/\/irphstop.eus\/wp-content\/uploads\/2013\/07\/craj.jpg\" alt=\"craj\" width=\"1059\" height=\"425\" class=\"alignnone size-full wp-image-923\" \/><\/a><\/p>\n<p><strong><span style=\"color:red\">\u00a1Atenci\u00f3n! Actualmente no celebramos reuni\u00f3n todas las semanas.<\/span><\/strong><\/p>\n<p>Normalmente nos solemos reunir los mi\u00e9rcoles a las siete de la tarde en el centro CRAJ de Donostia. El CRAJ est\u00e1 en el mismo edificio que el Palacio de Hielo Txuri-Urdin, frente al estadio Anoeta. Direcci\u00f3n: Anoeta pasealekua, 28. Arriba tienes una foto del edificio, y debajo un mapa.<\/p>\n<p>En el mismo lugar y el mismo d\u00eda, pero comenzando a las 18:00, se celebra la reuni\u00f3n de Stop Desahucios.<\/p>\n<p><iframe loading=\"lazy\" width=\"425\" height=\"350\" frameborder=\"0\" scrolling=\"no\" marginheight=\"0\" marginwidth=\"0\" src=\"https:\/\/maps.google.es\/maps?f=q&amp;source=s_q&amp;hl=es&amp;geocode=&amp;q=De+Anoeta+Ibilbidea,+28,+San+Sebasti%C3%A1n&amp;aq=0&amp;oq=De+Anoeta+Ibilbidea,+28&amp;sll=43.301717,-1.971955&amp;sspn=0.001688,0.002411&amp;ie=UTF8&amp;hq=&amp;hnear=De+Anoeta+Ibilbidea,+28,+Donostia,+Gipuzkoa&amp;t=m&amp;z=14&amp;ll=43.301855,-1.971816&amp;output=embed\"><\/iframe><br \/><small><a href=\"https:\/\/maps.google.es\/maps?f=q&amp;source=embed&amp;hl=es&amp;geocode=&amp;q=De+Anoeta+Ibilbidea,+28,+San+Sebasti%C3%A1n&amp;aq=0&amp;oq=De+Anoeta+Ibilbidea,+28&amp;sll=43.301717,-1.971955&amp;sspn=0.001688,0.002411&amp;ie=UTF8&amp;hq=&amp;hnear=De+Anoeta+Ibilbidea,+28,+Donostia,+Gipuzkoa&amp;t=m&amp;z=14&amp;ll=43.301855,-1.971816\" style=\"color:#0000FF;text-align:left\">Ver mapa m\u00e1s grande<\/a><\/small><\/p>","protected":false},"excerpt":{"rendered":"<p>\u00a1Atenci\u00f3n! Actualmente no celebramos reuni\u00f3n todas las semanas. Normalmente nos solemos reunir los mi\u00e9rcoles a las siete de la tarde en el centro CRAJ de Donostia. El CRAJ est\u00e1 en el mismo edificio que el Palacio de Hielo Txuri-Urdin, frente al estadio Anoeta. Direcci\u00f3n: Anoeta pasealekua, 28. Arriba tienes una foto del edificio, y debajo &hellip; <a href=\"https:\/\/irphstop.eus\/es\/bilerak\/\" class=\"more-link\">Continue reading <span class=\"screen-reader-text\">BILERAK<\/span><\/a><\/p>\n","protected":false},"author":2,"featured_media":0,"parent":0,"menu_order":0,"comment_status":"open","ping_status":"open","template":"","meta":{"_monsterinsights_skip_tracking":false,"_monsterinsights_sitenote_active":false,"_monsterinsights_sitenote_note":"","_monsterinsights_sitenote_category":0,"footnotes":""},"class_list":["post-63","page","type-page","status-publish","hentry"],"aioseo_notices":[],"_links":{"self":[{"href":"https:\/\/irphstop.eus\/es\/wp-json\/wp\/v2\/pages\/63","targetHints":{"allow":["GET"]}}],"collection":[{"href":"https:\/\/irphstop.eus\/es\/wp-json\/wp\/v2\/pages"}],"about":[{"href":"https:\/\/irphstop.eus\/es\/wp-json\/wp\/v2\/types\/page"}],"author":[{"embeddable":true,"href":"https:\/\/irphstop.eus\/es\/wp-json\/wp\/v2\/users\/2"}],"replies":[{"embeddable":true,"href":"https:\/\/irphstop.eus\/es\/wp-json\/wp\/v2\/comments?post=63"}],"version-history":[{"count":0,"href":"https:\/\/irphstop.eus\/es\/wp-json\/wp\/v2\/pages\/63\/revisions"}],"wp:attachment":[{"href":"https:\/\/irphstop.eus\/es\/wp-json\/wp\/v2\/media?parent=63"}],"curies":[{"name":"wp","href":"https:\/\/api.w.org\/{rel}","templated":true}]}}