{"id":747,"date":"2013-10-22T10:17:23","date_gmt":"2013-10-22T08:17:23","guid":{"rendered":"http:\/\/www.irphstop.net\/?page_id=747"},"modified":"2013-10-22T10:17:23","modified_gmt":"2013-10-22T08:17:23","slug":"kutxacar","status":"publish","type":"page","link":"https:\/\/irphstop.eus\/es\/kutxacar\/","title":{"rendered":"#KUTXACAR"},"content":{"rendered":"<p><a href=\"https:\/\/irphstop.eus\/wp-content\/uploads\/2013\/10\/kutxacar.jpg\"><img loading=\"lazy\" decoding=\"async\" class=\"alignnone size-full wp-image-748\" alt=\"kutxacar\" src=\"https:\/\/irphstop.eus\/wp-content\/uploads\/2013\/10\/kutxacar.jpg\" width=\"1434\" height=\"1160\" \/><\/a> #kutxacar es un veh\u00edculo forrado con las pegatinas de la plataforma. Un afectado ha decidido decorar as\u00ed su coche hasta que Kutxa ponga fin a esta estafa. #kutxacar nos acompa\u00f1ar\u00e1 en todas las acciones y ser\u00e1 estacionado frente a una sucursal de Kutxa cada d\u00eda hasta que se haga justicia.<\/p>\n<p>20\/10\/2013: preparaci\u00f3n del #kutxacar: <a href=\"https:\/\/irphstop.eus\/wp-content\/uploads\/2013\/10\/kutxacar_131020_prestatzen.jpg\"><img loading=\"lazy\" decoding=\"async\" class=\"alignnone size-full wp-image-751\" alt=\"kutxacar_131020_prestatzen\" src=\"https:\/\/irphstop.eus\/wp-content\/uploads\/2013\/10\/kutxacar_131020_prestatzen.jpg\" width=\"1632\" height=\"1224\" \/><\/a> 21\/10\/2013: #kutxacar en los juzgados, en la demanda contra Kutxabank (foto de VisualGrafik): <a href=\"https:\/\/irphstop.eus\/wp-content\/uploads\/2013\/10\/kutxacar_131021_epaitegietan.jpg\"><img loading=\"lazy\" decoding=\"async\" class=\"alignnone size-full wp-image-756\" alt=\"kutxacar_131021_epaitegietan\" src=\"https:\/\/irphstop.eus\/wp-content\/uploads\/2013\/10\/kutxacar_131021_epaitegietan.jpg\" width=\"800\" height=\"516\" \/><\/a> 22\/10\/2013: #kutxacar en frente de la sede de Kutxa en la calle Garibai: <a href=\"https:\/\/irphstop.eus\/wp-content\/uploads\/2013\/10\/kutxacar_131022_garibai.jpg\"><img loading=\"lazy\" decoding=\"async\" class=\"alignnone size-full wp-image-754\" alt=\"kutxacar_131022_garibai\" src=\"https:\/\/irphstop.eus\/wp-content\/uploads\/2013\/10\/kutxacar_131022_garibai.jpg\" width=\"597\" height=\"534\" \/><\/a> 23\/10\/2013: #kutxacar en frente de la Kutxa en la calle Matia: <a href=\"https:\/\/irphstop.eus\/wp-content\/uploads\/2013\/10\/kutxacar_131023_matia.jpg\"><img loading=\"lazy\" decoding=\"async\" class=\"alignnone size-full wp-image-774\" alt=\"kutxacar_131023_matia\" src=\"https:\/\/irphstop.eus\/wp-content\/uploads\/2013\/10\/kutxacar_131023_matia.jpg\" width=\"567\" height=\"434\" \/><\/a> 24\/10\/2013: #kutxacar en el centro comercial Garbera. La gerencia del centro ha llamado a la Ertzaintza y nos han echado, a petici\u00f3n de Garbera y a pesar de no haber infringido ninguna norma. A Garbera no le gusta nuestro mensaje. Ahora t\u00fa decides d\u00f3nde hacer la compra. <a href=\"https:\/\/irphstop.eus\/wp-content\/uploads\/2013\/10\/kutxacar_131024_garbera.jpg\"><img loading=\"lazy\" decoding=\"async\" class=\"alignnone size-full wp-image-780\" alt=\"kutxacar_131024_garbera\" src=\"https:\/\/irphstop.eus\/wp-content\/uploads\/2013\/10\/kutxacar_131024_garbera.jpg\" width=\"600\" height=\"491\" \/><\/a> 25\/10\/2013: #kutxacar en el Boulevard donostiarra: <a href=\"https:\/\/irphstop.eus\/wp-content\/uploads\/2013\/10\/kutxacar_131025_bule.jpg\"><img loading=\"lazy\" decoding=\"async\" class=\"alignnone size-full wp-image-784\" alt=\"kutxacar_131025_bule\" src=\"https:\/\/irphstop.eus\/wp-content\/uploads\/2013\/10\/kutxacar_131025_bule.jpg\" width=\"2828\" height=\"1960\" \/><\/a> 26\/10\/2013: #kutxacar en el Boulevard, frente a la Bretxa: <a href=\"https:\/\/irphstop.eus\/wp-content\/uploads\/2013\/10\/kutxacar_131026_bule.jpg\"><img loading=\"lazy\" decoding=\"async\" class=\"alignnone size-full wp-image-799\" alt=\"kutxacar_131026_bule\" src=\"https:\/\/irphstop.eus\/wp-content\/uploads\/2013\/10\/kutxacar_131026_bule.jpg\" width=\"1504\" height=\"872\" \/><\/a> 27\/10\/2013: #kutxacar en el Boulevard, frente al kiosko: <a href=\"https:\/\/irphstop.eus\/wp-content\/uploads\/2013\/10\/kutxacar_131027_bule.jpg\"><img loading=\"lazy\" decoding=\"async\" class=\"alignnone size-full wp-image-792\" alt=\"kutxacar_131027_bule\" src=\"https:\/\/irphstop.eus\/wp-content\/uploads\/2013\/10\/kutxacar_131027_bule.jpg\" width=\"723\" height=\"456\" \/><\/a> 28\/10\/2013: #kutxacar en Irun: <a href=\"https:\/\/irphstop.eus\/wp-content\/uploads\/2013\/10\/kutxacar_131028_irun.jpg\"><img loading=\"lazy\" decoding=\"async\" class=\"alignnone size-full wp-image-791\" alt=\"kutxacar_131028_irun\" src=\"https:\/\/irphstop.eus\/wp-content\/uploads\/2013\/10\/kutxacar_131028_irun.jpg\" width=\"603\" height=\"425\" \/><\/a> 31\/10\/2013: #kutxacar en Errenteria: <a href=\"https:\/\/irphstop.eus\/wp-content\/uploads\/2013\/10\/kutxacar_131031_rente.jpg\"><img loading=\"lazy\" decoding=\"async\" class=\"alignnone size-full wp-image-802\" alt=\"kutxacar_131031_rente\" src=\"https:\/\/irphstop.eus\/wp-content\/uploads\/2013\/10\/kutxacar_131031_rente.jpg\" width=\"612\" height=\"404\" \/><\/a> 1\/11\/2013: #kutxacar en el Boulevard, frente a la Bretxa: <a href=\"https:\/\/irphstop.eus\/wp-content\/uploads\/2013\/11\/kutxacar_131101_bule.jpg\"><img loading=\"lazy\" decoding=\"async\" class=\"alignnone size-full wp-image-825\" alt=\"kutxacar_131101_bule\" src=\"https:\/\/irphstop.eus\/wp-content\/uploads\/2013\/11\/kutxacar_131101_bule.jpg\" width=\"697\" height=\"464\" \/><\/a> 2\/11\/2013: #kutxacar en el Boulevard, frente a la Bretxa\u00a0 (foto de VisualGrafik): <a href=\"https:\/\/irphstop.eus\/wp-content\/uploads\/2013\/11\/kutxacar_131102_bule.jpg\"><img loading=\"lazy\" decoding=\"async\" class=\"alignnone size-full wp-image-826\" alt=\"kutxacar_131102_bule\" src=\"https:\/\/irphstop.eus\/wp-content\/uploads\/2013\/11\/kutxacar_131102_bule.jpg\" width=\"1024\" height=\"577\" \/><\/a> 3\/11\/2013: #kutxacar en el Boulevard, frente a la Bretxa: <a href=\"https:\/\/irphstop.eus\/wp-content\/uploads\/2013\/11\/kutxacar_131103_bule.jpg\"><img loading=\"lazy\" decoding=\"async\" class=\"alignnone size-full wp-image-827\" alt=\"kutxacar_131103_bule\" src=\"https:\/\/irphstop.eus\/wp-content\/uploads\/2013\/11\/kutxacar_131103_bule.jpg\" width=\"800\" height=\"519\" \/><\/a> 6\/11\/2013: #kutxacar en Juntas Generales: <a href=\"https:\/\/irphstop.eus\/wp-content\/uploads\/2013\/10\/kutxacar_131106_bbnn.jpg\"><img loading=\"lazy\" decoding=\"async\" class=\"alignnone size-full wp-image-893\" alt=\"kutxacar_131106_bbnn\" src=\"https:\/\/irphstop.eus\/wp-content\/uploads\/2013\/10\/kutxacar_131106_bbnn.jpg\" width=\"1415\" height=\"940\" \/><\/a> 9\/11\/2013: #kutxacar en Hernani: <a href=\"https:\/\/irphstop.eus\/wp-content\/uploads\/2013\/10\/kutxacar_131109_hernani.jpg\"><img loading=\"lazy\" decoding=\"async\" class=\"alignnone size-full wp-image-907\" alt=\"kutxacar_131109_hernani\" src=\"https:\/\/irphstop.eus\/wp-content\/uploads\/2013\/10\/kutxacar_131109_hernani.jpg\" width=\"647\" height=\"299\" \/><\/a> 10\/11\/2013: #kutxacar en Alderdi Eder, Donostia: <a href=\"https:\/\/irphstop.eus\/wp-content\/uploads\/2013\/10\/kutxacar_131110_alderdieder.jpg\"><img loading=\"lazy\" decoding=\"async\" class=\"alignnone size-full wp-image-928\" alt=\"kutxacar_131110_alderdieder\" src=\"https:\/\/irphstop.eus\/wp-content\/uploads\/2013\/10\/kutxacar_131110_alderdieder.jpg\" width=\"800\" height=\"600\" \/><\/a><\/p>\n<p>16\/11\/2013: #kutxacar en Tolosa:<\/p>\n<p><a href=\"https:\/\/irphstop.eus\/wp-content\/uploads\/2013\/10\/kutxacar_131116_tolosa.jpg\"><img loading=\"lazy\" decoding=\"async\" class=\"alignnone size-full wp-image-995\" alt=\"kutxacar_131116_tolosa\" src=\"https:\/\/irphstop.eus\/wp-content\/uploads\/2013\/10\/kutxacar_131116_tolosa.jpg\" width=\"1108\" height=\"756\" \/><\/a><\/p>\n<p>23\/11\/2013: #kutxacar en Zarautz:<\/p>\n<p><a href=\"https:\/\/irphstop.eus\/wp-content\/uploads\/2013\/10\/kutxacar_131123_zarautz.jpg\"><img loading=\"lazy\" decoding=\"async\" class=\"alignnone size-full wp-image-1032\" alt=\"kutxacar_131123_zarautz\" src=\"https:\/\/irphstop.eus\/wp-content\/uploads\/2013\/10\/kutxacar_131123_zarautz.jpg\" width=\"1047\" height=\"635\" \/><\/a><\/p>","protected":false},"excerpt":{"rendered":"<p>#kutxacar es un veh\u00edculo forrado con las pegatinas de la plataforma. Un afectado ha decidido decorar as\u00ed su coche hasta que Kutxa ponga fin a esta estafa. #kutxacar nos acompa\u00f1ar\u00e1 en todas las acciones y ser\u00e1 estacionado frente a una sucursal de Kutxa cada d\u00eda hasta que se haga justicia. 20\/10\/2013: preparaci\u00f3n del #kutxacar: 21\/10\/2013: &hellip; <a href=\"https:\/\/irphstop.eus\/es\/kutxacar\/\" class=\"more-link\">Continue reading <span class=\"screen-reader-text\">#KUTXACAR<\/span><\/a><\/p>\n","protected":false},"author":2,"featured_media":748,"parent":0,"menu_order":0,"comment_status":"open","ping_status":"open","template":"","meta":{"_monsterinsights_skip_tracking":false,"_monsterinsights_sitenote_active":false,"_monsterinsights_sitenote_note":"","_monsterinsights_sitenote_category":0,"footnotes":""},"class_list":["post-747","page","type-page","status-publish","has-post-thumbnail","hentry"],"aioseo_notices":[],"_links":{"self":[{"href":"https:\/\/irphstop.eus\/es\/wp-json\/wp\/v2\/pages\/747","targetHints":{"allow":["GET"]}}],"collection":[{"href":"https:\/\/irphstop.eus\/es\/wp-json\/wp\/v2\/pages"}],"about":[{"href":"https:\/\/irphstop.eus\/es\/wp-json\/wp\/v2\/types\/page"}],"author":[{"embeddable":true,"href":"https:\/\/irphstop.eus\/es\/wp-json\/wp\/v2\/users\/2"}],"replies":[{"embeddable":true,"href":"https:\/\/irphstop.eus\/es\/wp-json\/wp\/v2\/comments?post=747"}],"version-history":[{"count":0,"href":"https:\/\/irphstop.eus\/es\/wp-json\/wp\/v2\/pages\/747\/revisions"}],"wp:featuredmedia":[{"embeddable":true,"href":"https:\/\/irphstop.eus\/es\/wp-json\/"}],"wp:attachment":[{"href":"https:\/\/irphstop.eus\/es\/wp-json\/wp\/v2\/media?parent=747"}],"curies":[{"name":"wp","href":"https:\/\/api.w.org\/{rel}","templated":true}]}}