{"id":991,"date":"2013-11-15T23:58:48","date_gmt":"2013-11-15T22:58:48","guid":{"rendered":"http:\/\/www.irphstop.net\/?page_id=991"},"modified":"2013-11-15T23:58:48","modified_gmt":"2013-11-15T22:58:48","slug":"erresistentzia-kutxa","status":"publish","type":"page","link":"https:\/\/irphstop.eus\/es\/erresistentzia-kutxa\/","title":{"rendered":"ERRESISTENTZIA KUTXA"},"content":{"rendered":"<p><img loading=\"lazy\" decoding=\"async\" class=\"alignnone size-full wp-image-992\" alt=\"erresistentziakutxa\" src=\"https:\/\/irphstop.eus\/wp-content\/uploads\/2013\/11\/erresistentziakutxa.jpg\" width=\"176\" height=\"201\" \/><\/p>\n<p>Las costas judiciales, el combustible y el aparcamiento del kutxacar, las fotocopias, las pancartas, las multas&#8230; son muchos gastos para ser pagados por unos pocos. Por eso hemos abierto una cuenta corriente, para que quien quiera pueda hacer su aportaci\u00f3n. Cualquier cantidad es bienvenida (un euro, dos, cinco, diez, treinta&#8230; \u00a1cualquiera!), porque cada uno debe ayudar en la medida de sus posibilidades.<\/p>\n<p><strong>N\u00famero CC:<br \/>\nEntidad:<\/strong><\/p>\n<p>Notas:<br \/>\n&#8211; El dinero es para cubrir los gastos de la lucha contra el IRPH. En ning\u00fan caso ser\u00e1 empleado para pagar una deuda a una entidad bancaria.<br \/>\n&#8211; Los abogados de Stop Desahucios colaboran de manera altruista en defensa de nuestros derechos, y no cobran. Este dinero no es para ellos.<br \/>\n&#8211; La procuradora tambi\u00e9n colabora de manera altruista, y no cobra.<br \/>\n&#8211; Hemos elegido Laboral Kutxa a pesar de haber opciones m\u00e1s coherentes (banca \u00e9tica), por una necesidad pr\u00e1ctica de facilidad de ingresar y retirar el dinero.<br \/>\n&#8211; Si sobrara dinero ser\u00eda donado a Stop Desahucios. Estamso en deuda con ellos, y no s\u00f3lo econ\u00f3micamente.<\/p>\n<p><strong>DETALLE DE GASTOS:<\/strong><\/p>\n<p>Intentaremos detallar aqu\u00ed los gastos m\u00e1s importantes financiados con este dinero:<\/p>\n<p>19\/11\/2013 &#8211; 318\u20ac &#8211; costas judiciales (demanda IRPH abusivo)<br \/>\n11\/12\/2013 &#8211; 750\u20ac &#8211;\u00a0costas judiciales (demanda contra Kutxa por incumplimiento de contrato)<br \/>\n..\/05\/2014 &#8211; 300\u20ac &#8211; multa de la ertzaintza en una concentraci\u00f3n<\/p>","protected":false},"excerpt":{"rendered":"<p>Las costas judiciales, el combustible y el aparcamiento del kutxacar, las fotocopias, las pancartas, las multas&#8230; son muchos gastos para ser pagados por unos pocos. Por eso hemos abierto una cuenta corriente, para que quien quiera pueda hacer su aportaci\u00f3n. Cualquier cantidad es bienvenida (un euro, dos, cinco, diez, treinta&#8230; \u00a1cualquiera!), porque cada uno debe &hellip; <a href=\"https:\/\/irphstop.eus\/es\/erresistentzia-kutxa\/\" class=\"more-link\">Continue reading <span class=\"screen-reader-text\">ERRESISTENTZIA KUTXA<\/span><\/a><\/p>\n","protected":false},"author":2,"featured_media":992,"parent":0,"menu_order":0,"comment_status":"open","ping_status":"open","template":"","meta":{"_monsterinsights_skip_tracking":false,"_monsterinsights_sitenote_active":false,"_monsterinsights_sitenote_note":"","_monsterinsights_sitenote_category":0,"footnotes":""},"class_list":["post-991","page","type-page","status-publish","has-post-thumbnail","hentry"],"aioseo_notices":[],"_links":{"self":[{"href":"https:\/\/irphstop.eus\/es\/wp-json\/wp\/v2\/pages\/991","targetHints":{"allow":["GET"]}}],"collection":[{"href":"https:\/\/irphstop.eus\/es\/wp-json\/wp\/v2\/pages"}],"about":[{"href":"https:\/\/irphstop.eus\/es\/wp-json\/wp\/v2\/types\/page"}],"author":[{"embeddable":true,"href":"https:\/\/irphstop.eus\/es\/wp-json\/wp\/v2\/users\/2"}],"replies":[{"embeddable":true,"href":"https:\/\/irphstop.eus\/es\/wp-json\/wp\/v2\/comments?post=991"}],"version-history":[{"count":0,"href":"https:\/\/irphstop.eus\/es\/wp-json\/wp\/v2\/pages\/991\/revisions"}],"wp:featuredmedia":[{"embeddable":true,"href":"https:\/\/irphstop.eus\/es\/wp-json\/wp\/v2\/media\/992"}],"wp:attachment":[{"href":"https:\/\/irphstop.eus\/es\/wp-json\/wp\/v2\/media?parent=991"}],"curies":[{"name":"wp","href":"https:\/\/api.w.org\/{rel}","templated":true}]}}